{"id":9625,"date":"2022-02-23T16:07:44","date_gmt":"2022-02-23T21:07:44","guid":{"rendered":"https:\/\/amc.gov.co\/amc\/?page_id=9625"},"modified":"2024-06-28T11:42:07","modified_gmt":"2024-06-28T16:42:07","slug":"proyectos-regulatorios-en-consulta-publica-2","status":"publish","type":"page","link":"https:\/\/amc.gov.co\/amc\/proyectos-regulatorios-en-consulta-publica-2\/","title":{"rendered":"Proyectos regulatorios en Consulta publica"},"content":{"rendered":"<div class=\"vce-row-container\"><div class=\"vce-row vce-row--col-gap-30 vce-row-equal-height vce-row-content--top\" data-vce-full-width=\"true\" data-vce-stretch-content=\"true\" id=\"el-df86416e\" data-vce-do-apply=\"all el-df86416e\"><div class=\"vce-row-content\" data-vce-element-content=\"true\"><div class=\"vce-col vce-col--md-auto vce-col--xs-1 vce-col--xs-last vce-col--xs-first vce-col--sm-last vce-col--sm-first vce-col--md-last vce-col--lg-last vce-col--xl-last vce-col--md-first vce-col--lg-first vce-col--xl-first\" id=\"el-9dafdfcc\"><div class=\"vce-col-inner\" data-vce-do-apply=\"border margin background  el-9dafdfcc\"><div class=\"vce-col-content\" data-vce-element-content=\"true\" data-vce-do-apply=\"padding el-9dafdfcc\"><div class=\"vce-text-block\"><div class=\"vce-text-block-wrapper vce\" id=\"el-ba3aebc1\" data-vce-do-apply=\"all el-ba3aebc1\"><nav aria-label=\"breadcrumb\"><br><ol class=\"breadcrumb gov-co-breadcrumb\"><br> \t<li class=\"breadcrumb-item\"><a href=\"\/amc\/\"><i class=\"fas fa-home\"><\/i> Inicio <\/a><\/li><br> \t<li class=\"breadcrumb-item active\" aria-current=\"page\"><a href=\"\/amc\/proyectos-regulatorios-en-consulta-publica-2\">Proyectos regulatorios en Consulta publica<\/a><\/li><br><\/ol><br><\/nav><\/div><\/div><\/div><\/div><\/div><\/div><\/div><\/div><div class=\"vce-row-container\"><div class=\"vce-row vce-row--col-gap-30 vce-row-equal-height vce-row-content--top\" data-vce-full-width=\"true\" data-vce-stretch-content=\"true\" id=\"el-102925ce\" data-vce-do-apply=\"all el-102925ce\"><div class=\"vce-row-content\" data-vce-element-content=\"true\"><div class=\"vce-col vce-col--md-auto vce-col--xs-1 vce-col--xs-last vce-col--xs-first vce-col--sm-last vce-col--sm-first vce-col--md-last vce-col--lg-last vce-col--xl-last vce-col--md-first vce-col--lg-first vce-col--xl-first\" id=\"el-c467e870\"><div class=\"vce-col-inner\" data-vce-do-apply=\"border margin background  el-c467e870\"><div class=\"vce-col-content\" data-vce-element-content=\"true\" data-vce-do-apply=\"padding el-c467e870\"><div class=\"vce-text-block\"><div class=\"vce-text-block-wrapper vce\" id=\"el-de120677\" data-vce-do-apply=\"all el-de120677\"><p style=\"text-align: center;\"><strong><span style=\"font-family: Montserrat; font-size: 24pt;\">PROYECTOS REGULATORIOS EN CONSULTA P\u00daBLICA<\/span><\/strong><\/p><\/div><\/div><div class=\"vce-shortcode\"><div class=\"vce-shortcode-wrapper vce\" id=\"el-7d42bbbc\" data-vce-do-apply=\"all el-7d42bbbc\">\n<div id=\"pcp_wrapper-11797\" class=\"sp-pcp-section sp-pcp-container pcp-wrapper-11797\">\n\t<div class=\"sp-pcp-row\">\n\t\t\t\t<div class=\" sp-pcp-col-xs-1 sp-pcp-col-sm-2 sp-pcp-col-md-3 sp-pcp-col-lg-4 sp-pcp-col-xl-4\">\n\t\t\t<div class=\"sp-pcp-post pcp-item-14316\" data-id=\"14316\">\n\t\t\t\t\t\t\t\t<div class=\"pcp-post-thumb-wrapper\">\n\t\t\t\t\t<div class=\"sp-pcp-post-thumb-area\">\n\t\t\t\t\t\t\t\t\t\t\t\t<a class=\"sp-pcp-thumb\" href=\"https:\/\/amc.gov.co\/amc\/manual-de-identidad-visual\/\" target=\"_self\" >\n\t\t\t\t\t\t\t\t\t\t\t\t\t<img src=\"https:\/\/amc.gov.co\/amc\/wp-content\/uploads\/2024\/06\/Manual-de-Identidad-Visual-Area-Metropolitana-de-Cucuta.jpg\" width=\"1600\" height=\"1600\" alt=\"Manual de Identidad Visual \u00c1rea Metropolitana de C\u00facuta\">\n\t\t\t\t\t\t<\/a>\n\t\t\t\t\t<\/div>\n\t\t\t\t<\/div>\n\t\t\t\t\t\t\t<h2 class=\"sp-pcp-title\">\n\t\t\t\t\t\t\t\t\t<a href=\"https:\/\/amc.gov.co\/amc\/manual-de-identidad-visual\/\"  target=\"_self\">Manual de Identidad\u00a0Visual y Socializaci\u00f3n<\/a>\t\t\t\t\t\t\t<\/h2>\n\t\t\t\t\t\t<div class=\"sp-pcp-post-meta\">\n\t\t\t<ul><li>\t\t\t\t\t<i class=\"fa fa-calendar\"><\/i>\n\n<time class=\"entry-date published updated\">28 junio, 2024<\/time>\n\t\t\t\t\t<\/li><\/ul>\t\t<\/div>\n\t\t\t\t\t<div class=\"sp-pcp-post-content\">\n\t\t\t\t\t<div class=\"sp-pcp-readmore\">\n\t\t\t\t\t\t\t<a class=\"pcp-readmore-link\" target=\"_self\" href=\"https:\/\/amc.gov.co\/amc\/manual-de-identidad-visual\/\" >\n\t\t\t\t\t\tVer publicaci\u00f3n  <\/a>\n\t\t<\/div>\n\t\t\t\t\t<\/div>\n\t\t\t\t\t\t<\/div>\n\t\t<\/div>\n\t\t\t\t<div class=\" sp-pcp-col-xs-1 sp-pcp-col-sm-2 sp-pcp-col-md-3 sp-pcp-col-lg-4 sp-pcp-col-xl-4\">\n\t\t\t<div class=\"sp-pcp-post pcp-item-11803\" data-id=\"11803\">\n\t\t\t\t\t\t\t\t<div class=\"pcp-post-thumb-wrapper\">\n\t\t\t\t\t<div class=\"sp-pcp-post-thumb-area\">\n\t\t\t\t\t\t\t\t\t\t\t\t<a class=\"sp-pcp-thumb\" href=\"https:\/\/amc.gov.co\/amc\/resultado-de-la-encuesta-transporte-seguro-de-animales-en-el-transporte-publico\/\" target=\"_self\" >\n\t\t\t\t\t\t\t\t\t\t\t\t\t<img src=\"https:\/\/amc.gov.co\/amc\/wp-content\/uploads\/2022\/10\/DIAEN\u0303O-SEGURO-ANIMALES.png\" width=\"1080\" height=\"1080\" alt=\"Enlace a resultados obtenido de la encuesta a ciudadanos metropolitanos sobre el transporte seguro de animales, j\u00f3venes mostrando el diligenciamiento del formulario.\">\n\t\t\t\t\t\t<\/a>\n\t\t\t\t\t<\/div>\n\t\t\t\t<\/div>\n\t\t\t\t\t\t\t<h2 class=\"sp-pcp-title\">\n\t\t\t\t\t\t\t\t\t<a href=\"https:\/\/amc.gov.co\/amc\/resultado-de-la-encuesta-transporte-seguro-de-animales-en-el-transporte-publico\/\"  target=\"_self\">Resultados encuesta transporte seguro de animales en el Transporte P\u00fablico<\/a>\t\t\t\t\t\t\t<\/h2>\n\t\t\t\t\t\t<div class=\"sp-pcp-post-meta\">\n\t\t\t<ul><li>\t\t\t\t\t<i class=\"fa fa-calendar\"><\/i>\n\n<time class=\"entry-date published updated\">11 octubre, 2022<\/time>\n\t\t\t\t\t<\/li><\/ul>\t\t<\/div>\n\t\t\t\t\t<div class=\"sp-pcp-post-content\">\n\t\t\t\t\t<div class=\"sp-pcp-readmore\">\n\t\t\t\t\t\t\t<a class=\"pcp-readmore-link\" target=\"_self\" href=\"https:\/\/amc.gov.co\/amc\/resultado-de-la-encuesta-transporte-seguro-de-animales-en-el-transporte-publico\/\" >\n\t\t\t\t\t\tVer publicaci\u00f3n  <\/a>\n\t\t<\/div>\n\t\t\t\t\t<\/div>\n\t\t\t\t\t\t<\/div>\n\t\t<\/div>\n\t\t\t<\/div>\n\t\t<span class=\"sp-pcp-pagination-data\" style=\"display:none;\"><\/span>\n\n\t\t<nav class=\"pcp-post-pagination pcp-on-desktop\">\n\t\t\t\t\t<\/nav>\n\t\t\t\t\t<nav class=\"pcp-post-pagination pcp-on-mobile\">\n\t\t\t\t\t<\/nav>\n\t\t\t\t<\/div>\n<\/div><\/div><\/div><\/div><\/div><\/div><\/div><\/div><div class=\"vce-row-container\"><div class=\"vce-row vce-element--has-background vce-row--col-gap-30 vce-row-content--top\" data-vce-full-width=\"true\" data-vce-stretch-content=\"true\" id=\"el-b62285ff\" data-vce-do-apply=\"all el-b62285ff\"><div class=\"vce-content-background-container\"><div class=\"vce-asset-background-simple-container vce-visible-all-only vce-asset-background-simple--style-cover vce-asset-background-simple--position-center-top\"><div class=\"vce-asset-background-simple\">\n              <div class=\"vce-asset-background-simple-item vcv-lozad\" data-background-image=\"https:\/\/www.aunap.gov.co\/wp-content\/uploads\/2021\/08\/fondo-contadores.png\"><\/div>\n              <noscript>\n                <div class=\"vce-asset-background-simple-item\" style=\"background-image: url(https:\/\/www.aunap.gov.co\/wp-content\/uploads\/2021\/08\/fondo-contadores.png)\"><\/div>\n              <\/noscript>\n            <\/div><\/div><\/div><div class=\"vce-row-content\" data-vce-element-content=\"true\"><div class=\"vce-col vce-col--md-auto vce-col--xs-1 vce-col--xs-last vce-col--xs-first vce-col--sm-last vce-col--sm-first vce-col--md-first vce-col--lg-first vce-col--xl-first\" id=\"el-e14a67f2\"><div class=\"vce-col-inner\" data-vce-do-apply=\"border margin background  el-e14a67f2\"><div class=\"vce-col-content\" data-vce-element-content=\"true\" data-vce-do-apply=\"padding el-e14a67f2\"><div class=\"vce-text-block\"><div class=\"vce-text-block-wrapper vce\" id=\"el-5208e59b\" data-vce-do-apply=\"all el-5208e59b\"><ul class=\"section-imprimir\"><br> \t<li class=\"share-print\" role=\"presentation\"><a title=\"Imprimir\" href=\"javascript:window.print(); void 0;\"><span class=\"fa fa-print fa-2x\" aria-hidden=\"true\"><\/span><span class=\"hidden\">Imprimir<\/span><\/a><\/li><br><\/ul><\/div><\/div><\/div><\/div><\/div><div class=\"vce-col vce-col--md-auto vce-col--xs-1 vce-col--xs-last vce-col--xs-first vce-col--sm-last vce-col--sm-first vce-col--md-last vce-col--lg-last vce-col--xl-last\" id=\"el-358f2238\"><div class=\"vce-col-inner\" data-vce-do-apply=\"border margin background  el-358f2238\"><div class=\"vce-col-content\" data-vce-element-content=\"true\" data-vce-do-apply=\"padding el-358f2238\"><div class=\"vce-text-block\"><div class=\"vce-text-block-wrapper vce\" id=\"el-b9c34873\" data-vce-do-apply=\"all el-b9c34873\"><div class=\"section-count\">N\u00famero de visitas a esta p\u00e1gina 0<br>Fecha de publicaci\u00f3n 11 octubre, 2022<br>\u00daltima modificaci\u00f3n 22 julio, 2024<\/div><\/div><\/div><\/div><\/div><\/div><\/div><\/div><\/div>\n","protected":false},"excerpt":{"rendered":"<p>Inicio Proyectos regulatorios en Consulta publicaPROYECTOS REGULATORIOS EN CONSULTA P\u00daBLICA ImprimirN\u00famero de visitas a esta p\u00e1gina Fecha de publicaci\u00f3n \u00daltima modificaci\u00f3n<\/p>\n","protected":false},"author":1,"featured_media":0,"parent":0,"menu_order":0,"comment_status":"closed","ping_status":"closed","template":"","meta":{"footnotes":"","_mc_calendar":[],"_joinchat":[]},"_links":{"self":[{"href":"https:\/\/amc.gov.co\/amc\/wp-json\/wp\/v2\/pages\/9625"}],"collection":[{"href":"https:\/\/amc.gov.co\/amc\/wp-json\/wp\/v2\/pages"}],"about":[{"href":"https:\/\/amc.gov.co\/amc\/wp-json\/wp\/v2\/types\/page"}],"author":[{"embeddable":true,"href":"https:\/\/amc.gov.co\/amc\/wp-json\/wp\/v2\/users\/1"}],"replies":[{"embeddable":true,"href":"https:\/\/amc.gov.co\/amc\/wp-json\/wp\/v2\/comments?post=9625"}],"version-history":[{"count":7,"href":"https:\/\/amc.gov.co\/amc\/wp-json\/wp\/v2\/pages\/9625\/revisions"}],"predecessor-version":[{"id":14323,"href":"https:\/\/amc.gov.co\/amc\/wp-json\/wp\/v2\/pages\/9625\/revisions\/14323"}],"wp:attachment":[{"href":"https:\/\/amc.gov.co\/amc\/wp-json\/wp\/v2\/media?parent=9625"}],"curies":[{"name":"wp","href":"https:\/\/api.w.org\/{rel}","templated":true}]}}