{"id":9621,"date":"2022-02-23T15:56:37","date_gmt":"2022-02-23T20:56:37","guid":{"rendered":"https:\/\/amc.gov.co\/amc\/?page_id=9621"},"modified":"2025-12-16T12:27:01","modified_gmt":"2025-12-16T17:27:01","slug":"mecanismos-de-participacion-ciudadana","status":"publish","type":"page","link":"https:\/\/amc.gov.co\/amc\/mecanismos-de-participacion-ciudadana\/","title":{"rendered":"Mecanismos de participaci\u00f3n ciudadana"},"content":{"rendered":"<div class=\"vce-row-container\"><div class=\"vce-row vce-row--col-gap-30 vce-row-equal-height vce-row-content--top\" data-vce-full-width=\"true\" data-vce-stretch-content=\"true\" id=\"el-c9a23b77\" data-vce-do-apply=\"all el-c9a23b77\"><div class=\"vce-row-content\" data-vce-element-content=\"true\"><div class=\"vce-col vce-col--md-auto vce-col--xs-1 vce-col--xs-last vce-col--xs-first vce-col--sm-last vce-col--sm-first vce-col--md-last vce-col--lg-last vce-col--xl-last vce-col--md-first vce-col--lg-first vce-col--xl-first\" id=\"el-1146d44c\"><div class=\"vce-col-inner\" data-vce-do-apply=\"border margin background  el-1146d44c\"><div class=\"vce-col-content\" data-vce-element-content=\"true\" data-vce-do-apply=\"padding el-1146d44c\"><div class=\"vce-text-block\"><div class=\"vce-text-block-wrapper vce\" id=\"el-5f408c40\" data-vce-do-apply=\"all el-5f408c40\"><nav aria-label=\"breadcrumb\"><br><ol class=\"breadcrumb gov-co-breadcrumb\"><br> \t<li class=\"breadcrumb-item\"><a href=\"\/amc\/\"><i class=\"fas fa-home\"><\/i> Inicio <\/a><\/li><br> \t<li class=\"breadcrumb-item active\" aria-current=\"page\"><a href=\"\/amc\/mecanismos-de-participacion-ciudadana\/\">Mecanismos de participaci\u00f3n ciudadana<\/a><\/li><br><\/ol><br><\/nav><\/div><\/div><\/div><\/div><\/div><\/div><\/div><\/div><div class=\"vce-row-container\"><div class=\"vce-row vce-row--col-gap-30 vce-row-equal-height vce-row-content--top\" data-vce-full-width=\"true\" data-vce-stretch-content=\"true\" id=\"el-4f261f27\" data-vce-do-apply=\"all el-4f261f27\"><div class=\"vce-row-content\" data-vce-element-content=\"true\"><div class=\"vce-col vce-col--md-auto vce-col--xs-1 vce-col--xs-last vce-col--xs-first vce-col--sm-last vce-col--sm-first vce-col--md-last vce-col--lg-last vce-col--xl-last vce-col--md-first vce-col--lg-first vce-col--xl-first\" id=\"el-59d21892\"><div class=\"vce-col-inner\" data-vce-do-apply=\"border margin background  el-59d21892\"><div class=\"vce-col-content\" data-vce-element-content=\"true\" data-vce-do-apply=\"padding el-59d21892\"><div class=\"vce-text-block\"><div class=\"vce-text-block-wrapper vce\" id=\"el-00a64b43\" data-vce-do-apply=\"all el-00a64b43\"><p style=\"text-align: center;\"><strong><span style=\"font-family: Montserrat; font-size: 24pt;\">MECANISMOS DE PARTICIPACI\u00d3N CIUDADANA<\/span><\/strong><\/p><\/div><\/div><\/div><\/div><\/div><\/div><\/div><\/div><div class=\"vce-row-container\"><div class=\"vce-row vce-row--col-gap-30 vce-row-equal-height vce-row-content--top\" data-vce-full-width=\"true\" data-vce-stretch-content=\"true\" id=\"el-26482b50\" data-vce-do-apply=\"all el-26482b50\"><div class=\"vce-row-content\" data-vce-element-content=\"true\"><div class=\"vce-col vce-col--md-auto vce-col--xs-1 vce-col--xs-last vce-col--xs-first vce-col--sm-last vce-col--sm-first vce-col--md-last vce-col--lg-last vce-col--xl-last vce-col--md-first vce-col--lg-first vce-col--xl-first\" id=\"el-c193e432\"><div class=\"vce-col-inner\" data-vce-do-apply=\"border margin background  el-c193e432\"><div class=\"vce-col-content\" data-vce-element-content=\"true\" data-vce-do-apply=\"padding el-c193e432\"><div class=\"vce-text-block\"><div class=\"vce-text-block-wrapper vce\" id=\"el-799a0025\" data-vce-do-apply=\"all el-799a0025\"><p><span style=\"font-family: Montserrat; color: #333333;\">\u00a1Tu participaci\u00f3n es clave para construir un gobierno m\u00e1s cercano y transparente! Los <span style=\"color: #000000;\"><strong>Mecanismos de Participaci\u00f3n Ciudadana<\/strong><\/span> te brindan la oportunidad de ser parte activa en la formulaci\u00f3n de pol\u00edticas p\u00fablicas y en la gesti\u00f3n de la funci\u00f3n p\u00fablica. A trav\u00e9s de estas herramientas, puedes expresar tus ideas, identificar necesidades, proponer soluciones y hacer seguimiento a las acciones de la administraci\u00f3n. La participaci\u00f3n ciudadana fortalece la democracia, mejora la toma de decisiones y promueve una gesti\u00f3n m\u00e1s eficiente y alineada con las verdaderas necesidades de la comunidad. \u00a1Tu voz cuenta y es el motor para generar cambios positivos que beneficien a todos! \u00a1S\u00famate y participa en las decisiones que nos impulsan hacia un mejor futuro!<\/span><\/p><\/div><\/div><div class=\"vce vce-separator-container vce-separator--align-center vce-separator--style-solid\" id=\"el-4cdf8d2b\" data-vce-do-apply=\"margin el-4cdf8d2b\"><div class=\"vce-separator vce-separator--color-bfc0c1 vce-separator--width-100 vce-separator--thickness-2\" data-vce-do-apply=\"border padding background  el-4cdf8d2b\"><\/div><\/div><\/div><\/div><\/div><\/div><\/div><\/div><div class=\"vce-row-container\"><div class=\"vce-row vce-row--col-gap-50 vce-row-no-paddings vce-row-equal-height vce-row-content--middle\" data-vce-full-width=\"true\" data-vce-stretch-content=\"true\" id=\"el-9a3445cb\" data-vce-do-apply=\"all el-9a3445cb\"><div class=\"vce-content-background-container\"><\/div><div class=\"vce-row-content\" data-vce-element-content=\"true\"><div class=\"vce-col vce-col--md-auto vce-col--xs-1 vce-col--xs-last vce-col--xs-first vce-col--sm-last vce-col--sm-first vce-col--md-last vce-col--lg-last vce-col--xl-last vce-col--md-first vce-col--lg-first vce-col--xl-first\" id=\"el-ecfeb3d1\"><div class=\"vce-col-inner\" data-vce-do-apply=\"border margin background  el-ecfeb3d1\"><div class=\"vce-col-content\" data-vce-element-content=\"true\" data-vce-do-apply=\"padding el-ecfeb3d1\"><div class=\"vce-single-image-container vce-single-image--align-center\"><div class=\"vce vce-single-image-wrapper\" id=\"el-d86dbf82\" data-vce-do-apply=\"all el-d86dbf82\"><figure><div class=\"vce-single-image-figure-inner\" style=\"width: 128px;\"><a href=\"https:\/\/forms.gle\/QNCSvzjt7nejFxA28\" title=\"\" target=\"_blank\" class=\"vce-single-image-inner vce-single-image--absolute vce-single-image--border-rounded\" style=\"width: 100%; padding-bottom: 100%;\" rel=\"noopener\"><img loading=\"lazy\" decoding=\"async\" class=\"vce-single-image\"  width=\"128\" height=\"128\" srcset=\"https:\/\/amc.gov.co\/amc\/wp-content\/uploads\/2025\/03\/EncuestasOnline-320x320.png 320w, https:\/\/amc.gov.co\/amc\/wp-content\/uploads\/2025\/03\/EncuestasOnline-480x480.png 480w, https:\/\/amc.gov.co\/amc\/wp-content\/uploads\/2025\/12\/EncuestasOnline-e1742941195324-128x128.png 128w\" src=\"https:\/\/amc.gov.co\/amc\/wp-content\/uploads\/2025\/12\/EncuestasOnline-e1742941195324-128x128.png\" data-img-src=\"https:\/\/amc.gov.co\/amc\/wp-content\/uploads\/2025\/03\/EncuestasOnline-e1742941195324.png\" data-attachment-id=\"15138\"  alt=\"Encuestas Online como Mecanismo de Participaci\u00f3n Ciudadana\" title=\"Encuesta Online\" \/><\/a><\/div><figcaption>Encuesta Online<\/figcaption><\/figure><\/div><\/div><div class=\"vce-text-block\"><div class=\"vce-text-block-wrapper vce\" id=\"el-02a47c20\" data-vce-do-apply=\"all el-02a47c20\"><p style=\"text-align: center;\"><span style=\"font-family: Montserrat; color: #333333;\">Encuesta de Percepci\u00f3n de Necesidades y Rendici\u00f3n de Cuentas Vigencia 2025<\/span><\/p><\/div><\/div><\/div><\/div><\/div><\/div><\/div><\/div><div class=\"vce-row-container\"><div class=\"vce-row vce-row--col-gap-50 vce-row-no-paddings vce-row-equal-height vce-row-content--middle\" data-vce-full-width=\"true\" data-vce-stretch-content=\"true\" id=\"el-a7df1965\" data-vce-do-apply=\"all el-a7df1965\"><div class=\"vce-content-background-container\"><\/div><div class=\"vce-row-content\" data-vce-element-content=\"true\"><div class=\"vce-col vce-col--md-auto vce-col--xs-1 vce-col--xs-last vce-col--xs-first vce-col--sm-last vce-col--sm-first vce-col--md-first vce-col--lg-first vce-col--xl-first\" id=\"el-d7ebd7b7\"><div class=\"vce-col-inner\" data-vce-do-apply=\"border margin background  el-d7ebd7b7\"><div class=\"vce-col-content\" data-vce-element-content=\"true\" data-vce-do-apply=\"padding el-d7ebd7b7\"><div class=\"vce-single-image-container vce-single-image--align-center\"><div class=\"vce vce-single-image-wrapper\" id=\"el-e93bde0f\" data-vce-do-apply=\"all el-e93bde0f\"><figure><div class=\"vce-single-image-figure-inner\" style=\"width: 128px;\"><a href=\"https:\/\/amc.gov.co\/amc\/resultado-encuesta-rendicion-de-cuentas-vigencia-2024\/\" title=\"RESULTADO ENCUESTA DE SATISFACCI\u00d3N DE RENDICI\u00d3N DE CUENTAS VIGENCIA 2024\" target=\"_blank\" class=\"vce-single-image-inner vce-single-image--absolute vce-single-image--border-rounded\" style=\"width: 100%; padding-bottom: 100%;\" rel=\"noopener\"><img loading=\"lazy\" decoding=\"async\" class=\"vce-single-image\"  width=\"128\" height=\"128\" srcset=\"https:\/\/amc.gov.co\/amc\/wp-content\/uploads\/2025\/03\/ResultadosEncuesta-320x320.png 320w, https:\/\/amc.gov.co\/amc\/wp-content\/uploads\/2025\/03\/ResultadosEncuesta-480x480.png 480w, https:\/\/amc.gov.co\/amc\/wp-content\/uploads\/2025\/12\/ResultadosEncuesta-e1742942302240-128x128.png 128w\" src=\"https:\/\/amc.gov.co\/amc\/wp-content\/uploads\/2025\/12\/ResultadosEncuesta-e1742942302240-128x128.png\" data-img-src=\"https:\/\/amc.gov.co\/amc\/wp-content\/uploads\/2025\/03\/ResultadosEncuesta-e1742942302240.png\" data-attachment-id=\"15144\"  alt=\"Resultado encuesta de satisfacci\u00f3n\" title=\"Resultado Encuesta\" \/><\/a><\/div><figcaption>Resultado Encuesta<\/figcaption><\/figure><\/div><\/div><div class=\"vce-text-block\"><div class=\"vce-text-block-wrapper vce\" id=\"el-d2182a28\" data-vce-do-apply=\"all el-d2182a28\"><p style=\"text-align: center;\"><em><span style=\"font-family: Montserrat; color: #333333;\">Resultado encuesta de satisfacci\u00f3n de rendici\u00f3n de cuentas vigencia 2024<\/span><\/em><\/p><\/div><\/div><div class=\"vce vce-separator-container vce-separator--align-center vce-separator--style-solid\" id=\"el-47b209c5\" data-vce-do-apply=\"margin el-47b209c5\"><div class=\"vce-separator vce-separator--color-bfc0c1 vce-separator--width-60 vce-separator--thickness-1\" data-vce-do-apply=\"border padding background  el-47b209c5\"><\/div><\/div><\/div><\/div><\/div><div class=\"vce-col vce-col--md-auto vce-col--xs-1 vce-col--xs-last vce-col--xs-first vce-col--sm-last vce-col--sm-first\" id=\"el-52d8f8e8\"><div class=\"vce-col-inner\" data-vce-do-apply=\"border margin background  el-52d8f8e8\"><div class=\"vce-col-content\" data-vce-element-content=\"true\" data-vce-do-apply=\"padding el-52d8f8e8\"><div class=\"vce-single-image-container vce-single-image--align-center\"><div class=\"vce vce-single-image-wrapper\" id=\"el-fbb38e1f\" data-vce-do-apply=\"all el-fbb38e1f\"><figure><div class=\"vce-single-image-figure-inner\" style=\"width: 128px;\"><a href=\"https:\/\/amc.gov.co\/amc\/encuesta-satisfaccion-de-rendicion-de-cuentas-vigencia-2024\/\" title=\"\" target=\"_blank\" class=\"vce-single-image-inner vce-single-image--absolute vce-single-image--border-rounded\" style=\"width: 100%; padding-bottom: 100%;\" rel=\"noopener\"><img loading=\"lazy\" decoding=\"async\" class=\"vce-single-image\"  width=\"128\" height=\"128\" srcset=\"https:\/\/amc.gov.co\/amc\/wp-content\/uploads\/2025\/03\/EncuestasOnline-320x320.png 320w, https:\/\/amc.gov.co\/amc\/wp-content\/uploads\/2025\/03\/EncuestasOnline-480x480.png 480w, https:\/\/amc.gov.co\/amc\/wp-content\/uploads\/2025\/12\/EncuestasOnline-e1742941195324-128x128.png 128w\" src=\"https:\/\/amc.gov.co\/amc\/wp-content\/uploads\/2025\/12\/EncuestasOnline-e1742941195324-128x128.png\" data-img-src=\"https:\/\/amc.gov.co\/amc\/wp-content\/uploads\/2025\/03\/EncuestasOnline-e1742941195324.png\" data-attachment-id=\"15138\"  alt=\"Encuestas Online como Mecanismo de Participaci\u00f3n Ciudadana\" title=\"Encuesta Online\" \/><\/a><\/div><figcaption>Encuesta Online<\/figcaption><\/figure><\/div><\/div><div class=\"vce-text-block\"><div class=\"vce-text-block-wrapper vce\" id=\"el-8feef199\" data-vce-do-apply=\"all el-8feef199\"><p style=\"text-align: center;\"><em><span style=\"font-family: Montserrat; color: #333333;\">Encuesta Satisfacci\u00f3n de Rendici\u00f3n de Cuentas Vigencia 2024<\/span><\/em><\/p><\/div><\/div><div class=\"vce vce-separator-container vce-separator--align-center vce-separator--style-solid\" id=\"el-ffb4037a\" data-vce-do-apply=\"margin el-ffb4037a\"><div class=\"vce-separator vce-separator--color-bfc0c1 vce-separator--width-60 vce-separator--thickness-1\" data-vce-do-apply=\"border padding background  el-ffb4037a\"><\/div><\/div><\/div><\/div><\/div><div class=\"vce-col vce-col--md-auto vce-col--xs-1 vce-col--xs-last vce-col--xs-first vce-col--sm-last vce-col--sm-first\" id=\"el-f8b8a1b2\"><div class=\"vce-col-inner\" data-vce-do-apply=\"border margin background  el-f8b8a1b2\"><div class=\"vce-col-content\" data-vce-element-content=\"true\" data-vce-do-apply=\"padding el-f8b8a1b2\"><div class=\"vce-single-image-container vce-single-image--align-center\"><div class=\"vce vce-single-image-wrapper\" id=\"el-f2496014\" data-vce-do-apply=\"all el-f2496014\"><figure><div class=\"vce-single-image-figure-inner\" style=\"width: 128px;\"><a href=\"https:\/\/amc.gov.co\/amc\/resultado-encuesta-percepcion-de-necesidades-y-rendicion-de-cuentas-vigencia-2024\/\" title=\"RESULTADO ENCUESTA DE SATISFACCI\u00d3N DE RENDICI\u00d3N DE CUENTAS VIGENCIA 2024\" target=\"_blank\" class=\"vce-single-image-inner vce-single-image--absolute vce-single-image--border-rounded\" style=\"width: 100%; padding-bottom: 100%;\" rel=\"noopener\"><img loading=\"lazy\" decoding=\"async\" class=\"vce-single-image\"  width=\"128\" height=\"128\" srcset=\"https:\/\/amc.gov.co\/amc\/wp-content\/uploads\/2025\/03\/ResultadosEncuesta-320x320.png 320w, https:\/\/amc.gov.co\/amc\/wp-content\/uploads\/2025\/03\/ResultadosEncuesta-480x480.png 480w, https:\/\/amc.gov.co\/amc\/wp-content\/uploads\/2025\/12\/ResultadosEncuesta-e1742942302240-128x128.png 128w\" src=\"https:\/\/amc.gov.co\/amc\/wp-content\/uploads\/2025\/12\/ResultadosEncuesta-e1742942302240-128x128.png\" data-img-src=\"https:\/\/amc.gov.co\/amc\/wp-content\/uploads\/2025\/03\/ResultadosEncuesta-e1742942302240.png\" data-attachment-id=\"15144\"  alt=\"Resultado encuesta de satisfacci\u00f3n\" title=\"Resultado Encuesta\" \/><\/a><\/div><figcaption>Resultado Encuesta<\/figcaption><\/figure><\/div><\/div><div class=\"vce-text-block\"><div class=\"vce-text-block-wrapper vce\" id=\"el-71084916\" data-vce-do-apply=\"all el-71084916\"><p style=\"text-align: center;\"><em><span style=\"font-family: Montserrat; color: #333333;\">Resultado Encuesta de Percepci\u00f3n de Necesidades y Rendici\u00f3n de Cuentas Vigencia 2024<br><\/span><\/em><\/p><\/div><\/div><div class=\"vce vce-separator-container vce-separator--align-center vce-separator--style-solid\" id=\"el-8776ef73\" data-vce-do-apply=\"margin el-8776ef73\"><div class=\"vce-separator vce-separator--color-bfc0c1 vce-separator--width-60 vce-separator--thickness-1\" data-vce-do-apply=\"border padding background  el-8776ef73\"><\/div><\/div><\/div><\/div><\/div><div class=\"vce-col vce-col--md-auto vce-col--xs-1 vce-col--xs-last vce-col--xs-first vce-col--sm-last vce-col--sm-first vce-col--md-last vce-col--lg-last vce-col--xl-last\" id=\"el-3fafe0ec\"><div class=\"vce-col-inner\" data-vce-do-apply=\"border margin background  el-3fafe0ec\"><div class=\"vce-col-content\" data-vce-element-content=\"true\" data-vce-do-apply=\"padding el-3fafe0ec\"><div class=\"vce-single-image-container vce-single-image--align-center\"><div class=\"vce vce-single-image-wrapper\" id=\"el-1cea03e9\" data-vce-do-apply=\"all el-1cea03e9\"><figure><div class=\"vce-single-image-figure-inner\" style=\"width: 128px;\"><a href=\"https:\/\/amc.gov.co\/amc\/encuesta-de-percepcion-de-necesidades\/\" title=\"ENCUESTA DE PERCEPCI\u00d3N DE NECESIDADES\" target=\"_blank\" class=\"vce-single-image-inner vce-single-image--absolute\" style=\"width: 100%; padding-bottom: 100%;\" rel=\"noopener\"><img loading=\"lazy\" decoding=\"async\" class=\"vce-single-image\"  width=\"128\" height=\"128\" srcset=\"https:\/\/amc.gov.co\/amc\/wp-content\/uploads\/2025\/03\/EncuestasOnline-320x320.png 320w, https:\/\/amc.gov.co\/amc\/wp-content\/uploads\/2025\/03\/EncuestasOnline-480x480.png 480w, https:\/\/amc.gov.co\/amc\/wp-content\/uploads\/2025\/12\/EncuestasOnline-e1742941195324-128x128.png 128w\" src=\"https:\/\/amc.gov.co\/amc\/wp-content\/uploads\/2025\/12\/EncuestasOnline-e1742941195324-128x128.png\" data-img-src=\"https:\/\/amc.gov.co\/amc\/wp-content\/uploads\/2025\/03\/EncuestasOnline-e1742941195324.png\" data-attachment-id=\"15138\"  alt=\"Encuestas Online como Mecanismo de Participaci\u00f3n Ciudadana\" title=\"Encuesta Online\" \/><\/a><\/div><figcaption>Encuesta Online<\/figcaption><\/figure><\/div><\/div><div class=\"vce-text-block\"><div class=\"vce-text-block-wrapper vce\" id=\"el-58f258e0\" data-vce-do-apply=\"all el-58f258e0\"><p style=\"text-align: center;\"><span style=\"font-family: Montserrat; color: #333333;\">Encuesta de Percepci\u00f3n de Necesidades y Rendici\u00f3n de Cuentas Vigencia 2024<\/span><\/p><\/div><\/div><div class=\"vce vce-separator-container vce-separator--align-center vce-separator--style-solid\" id=\"el-f754d11c\" data-vce-do-apply=\"margin el-f754d11c\"><div class=\"vce-separator vce-separator--color-bfc0c1 vce-separator--width-60 vce-separator--thickness-1\" data-vce-do-apply=\"border padding background  el-f754d11c\"><\/div><\/div><\/div><\/div><\/div><\/div><\/div><\/div><div class=\"vce-row-container\"><div class=\"vce-row vce-element--has-background vce-row--col-gap-30 vce-row-content--top\" data-vce-full-width=\"true\" data-vce-stretch-content=\"true\" id=\"el-5cac8095\" data-vce-do-apply=\"all el-5cac8095\"><div class=\"vce-content-background-container\"><div class=\"vce-asset-background-simple-container vce-visible-all-only vce-asset-background-simple--style-cover vce-asset-background-simple--position-center-top\"><div class=\"vce-asset-background-simple\">\n              <div class=\"vce-asset-background-simple-item vcv-lozad\" data-background-image=\"https:\/\/www.aunap.gov.co\/wp-content\/uploads\/2021\/08\/fondo-contadores.png\"><\/div>\n              <noscript>\n                <div class=\"vce-asset-background-simple-item\" style=\"background-image: url(https:\/\/www.aunap.gov.co\/wp-content\/uploads\/2021\/08\/fondo-contadores.png)\"><\/div>\n              <\/noscript>\n            <\/div><\/div><\/div><div class=\"vce-row-content\" data-vce-element-content=\"true\"><div class=\"vce-col vce-col--md-auto vce-col--xs-1 vce-col--xs-last vce-col--xs-first vce-col--sm-last vce-col--sm-first vce-col--md-first vce-col--lg-first vce-col--xl-first\" id=\"el-4a1a3bc1\"><div class=\"vce-col-inner\" data-vce-do-apply=\"border margin background  el-4a1a3bc1\"><div class=\"vce-col-content\" data-vce-element-content=\"true\" data-vce-do-apply=\"padding el-4a1a3bc1\"><div class=\"vce-text-block\"><div class=\"vce-text-block-wrapper vce\" id=\"el-5ad97fdf\" data-vce-do-apply=\"all el-5ad97fdf\"><ul class=\"section-imprimir\"><br> \t<li class=\"share-print\" role=\"presentation\"><a title=\"Imprimir\" href=\"javascript:window.print(); void 0;\"><span class=\"fa fa-print fa-2x\" aria-hidden=\"true\"><\/span><span class=\"hidden\">Imprimir<\/span><\/a><\/li><br><\/ul><\/div><\/div><\/div><\/div><\/div><div class=\"vce-col vce-col--md-auto vce-col--xs-1 vce-col--xs-last vce-col--xs-first vce-col--sm-last vce-col--sm-first vce-col--md-last vce-col--lg-last vce-col--xl-last\" id=\"el-d3bb7317\"><div class=\"vce-col-inner\" data-vce-do-apply=\"border margin background  el-d3bb7317\"><div class=\"vce-col-content\" data-vce-element-content=\"true\" data-vce-do-apply=\"padding el-d3bb7317\"><div class=\"vce-text-block\"><div class=\"vce-text-block-wrapper vce\" id=\"el-9d085efc\" data-vce-do-apply=\"all el-9d085efc\"><div class=\"section-count\">N\u00famero de visitas a esta p\u00e1gina 0<br>Fecha de publicaci\u00f3n 23 febrero, 2022<br>\u00daltima modificaci\u00f3n 16 diciembre, 2025<\/div><\/div><\/div><\/div><\/div><\/div><\/div><\/div><\/div>\n","protected":false},"excerpt":{"rendered":"<p>Inicio Mecanismos de participaci\u00f3n ciudadanaMECANISMOS DE PARTICIPACI\u00d3N CIUDADANA\u00a1Tu participaci\u00f3n es clave para construir un gobierno m\u00e1s cercano y transparente! Los Mecanismos de Participaci\u00f3n Ciudadana te brindan la oportunidad de ser parte activa en la formulaci\u00f3n de pol\u00edticas p\u00fablicas y en la gesti\u00f3n de la funci\u00f3n p\u00fablica. A trav\u00e9s de estas herramientas, puedes expresar tus ideas,&hellip; <a class=\"more-link\" href=\"https:\/\/amc.gov.co\/amc\/mecanismos-de-participacion-ciudadana\/\">Seguir leyendo <span class=\"screen-reader-text\">Mecanismos de participaci\u00f3n ciudadana<\/span><\/a><\/p>\n","protected":false},"author":1,"featured_media":0,"parent":0,"menu_order":0,"comment_status":"closed","ping_status":"closed","template":"","meta":{"footnotes":"","_mc_calendar":[],"_joinchat":[]},"_links":{"self":[{"href":"https:\/\/amc.gov.co\/amc\/wp-json\/wp\/v2\/pages\/9621"}],"collection":[{"href":"https:\/\/amc.gov.co\/amc\/wp-json\/wp\/v2\/pages"}],"about":[{"href":"https:\/\/amc.gov.co\/amc\/wp-json\/wp\/v2\/types\/page"}],"author":[{"embeddable":true,"href":"https:\/\/amc.gov.co\/amc\/wp-json\/wp\/v2\/users\/1"}],"replies":[{"embeddable":true,"href":"https:\/\/amc.gov.co\/amc\/wp-json\/wp\/v2\/comments?post=9621"}],"version-history":[{"count":34,"href":"https:\/\/amc.gov.co\/amc\/wp-json\/wp\/v2\/pages\/9621\/revisions"}],"predecessor-version":[{"id":16750,"href":"https:\/\/amc.gov.co\/amc\/wp-json\/wp\/v2\/pages\/9621\/revisions\/16750"}],"wp:attachment":[{"href":"https:\/\/amc.gov.co\/amc\/wp-json\/wp\/v2\/media?parent=9621"}],"curies":[{"name":"wp","href":"https:\/\/api.w.org\/{rel}","templated":true}]}}