{"id":9612,"date":"2022-02-23T15:08:03","date_gmt":"2022-02-23T20:08:03","guid":{"rendered":"https:\/\/amc.gov.co\/amc\/?page_id=9612"},"modified":"2026-03-19T11:02:55","modified_gmt":"2026-03-19T16:02:55","slug":"rendicion-de-cuentas","status":"publish","type":"page","link":"https:\/\/amc.gov.co\/amc\/rendicion-de-cuentas\/","title":{"rendered":"rendicion de cuentas"},"content":{"rendered":"<div class=\"vce-row-container\"><div class=\"vce-row vce-row--col-gap-30 vce-row-equal-height vce-row-content--top\" data-vce-full-width=\"true\" data-vce-stretch-content=\"true\" id=\"el-040c46e7\" data-vce-do-apply=\"all el-040c46e7\"><div class=\"vce-row-content\" data-vce-element-content=\"true\"><div class=\"vce-col vce-col--md-auto vce-col--xs-1 vce-col--xs-last vce-col--xs-first vce-col--sm-last vce-col--sm-first vce-col--md-last vce-col--lg-last vce-col--xl-last vce-col--md-first vce-col--lg-first vce-col--xl-first\" id=\"el-daaa109a\"><div class=\"vce-col-inner\" data-vce-do-apply=\"border margin background  el-daaa109a\"><div class=\"vce-col-content\" data-vce-element-content=\"true\" data-vce-do-apply=\"padding el-daaa109a\"><div class=\"vce-text-block\"><div class=\"vce-text-block-wrapper vce\" id=\"el-8e0b1625\" data-vce-do-apply=\"all el-8e0b1625\"><nav aria-label=\"breadcrumb\"><br><ol class=\"breadcrumb gov-co-breadcrumb\"><br> \t<li class=\"breadcrumb-item\"><a href=\"\/amc\/\"><i class=\"fas fa-home\"><\/i> Inicio <\/a><\/li><br> \t<li class=\"breadcrumb-item active\" aria-current=\"page\"><a href=\"https:\/\/amc.gov.co\/amc\/participa\/\">Participa<\/a><\/li><br>\t<li class=\"breadcrumb-item active\" aria-current=\"page\"><a href=\"https:\/\/amc.gov.co\/amc\/rendicion-de-cuentas\/\">Rendici\u00f3n de Cuentas<\/a><\/li><br><\/ol><br><\/nav><\/div><\/div><\/div><\/div><\/div><\/div><\/div><\/div><div class=\"vce-row-container\"><div class=\"vce-row vce-row--col-gap-30 vce-row-equal-height vce-row-content--top\" data-vce-full-width=\"true\" data-vce-stretch-content=\"true\" id=\"el-6548ba7a\" data-vce-do-apply=\"all el-6548ba7a\"><div class=\"vce-row-content\" data-vce-element-content=\"true\"><div class=\"vce-col vce-col--md-auto vce-col--xs-1 vce-col--xs-last vce-col--xs-first vce-col--sm-last vce-col--sm-first vce-col--md-last vce-col--lg-last vce-col--xl-last vce-col--md-first vce-col--lg-first vce-col--xl-first\" id=\"el-269087dc\"><div class=\"vce-col-inner\" data-vce-do-apply=\"border margin background  el-269087dc\"><div class=\"vce-col-content\" data-vce-element-content=\"true\" data-vce-do-apply=\"padding el-269087dc\"><div class=\"vce-text-block\"><div class=\"vce-text-block-wrapper vce\" id=\"el-5283040e\" data-vce-do-apply=\"all el-5283040e\"><p style=\"text-align: center;\"><strong><span style=\"font-family: Montserrat; font-size: 24pt; color: #333333;\">RENDICI\u00d3N DE CUENTAS&nbsp;<\/span><\/strong><\/p><\/div><\/div><div class=\"vce-text-block\"><div class=\"vce-text-block-wrapper vce\" id=\"el-1e96eac5\" data-vce-do-apply=\"all el-1e96eac5\"><p data-start=\"178\" data-end=\"443\">En esta secci\u00f3n encontrar\u00e1 los informes de <strong><span style=\"color: #333333;\">Rendici\u00f3n de Cuentas del \u00c1rea Metropolitana de C\u00facuta<\/span><\/strong>, correspondientes a las diferentes vigencias, a trav\u00e9s de los cuales la entidad informa a la ciudadan\u00eda sobre su gesti\u00f3n, resultados y uso de los recursos p\u00fablicos.<\/p>\n<p data-start=\"445\" data-end=\"671\">Estos informes presentan los avances en la ejecuci\u00f3n de planes, programas y proyectos, as\u00ed como los logros alcanzados y los retos identificados, promoviendo la <strong><span style=\"color: #333333;\">transparencia, el control social y la participaci\u00f3n ciudadana.<\/span><\/strong><\/p>\n<p data-start=\"673\" data-end=\"878\">La Rendici\u00f3n de Cuentas es un ejercicio permanente que fortalece la confianza institucional y permite a la comunidad conocer c\u00f3mo se desarrolla la gesti\u00f3n p\u00fablica en beneficio del territorio metropolitano.<\/p><\/div><\/div><div class=\"vce-shortcode\"><div class=\"vce-shortcode-wrapper vce\" id=\"el-fcf86ab2\" data-vce-do-apply=\"all el-fcf86ab2\"><div id=\"footable_parent_10954\"\n     class=\"footable_parent ninja_table_wrapper loading_ninja_table wp_table_data_press_parent bootstrap4 \">\n                <table data-ninja_table_instance=\"ninja_table_instance_0\" data-footable_id=\"10954\" data-filter-delay=\"1000\" aria-label=\"Rendici\u00f3n de Cuentas\"            id=\"footable_10954\"\n           data-unique_identifier=\"ninja_table_unique_id_474627698_10954\"\n           class=\" foo-table ninja_footable foo_table_10954 ninja_table_unique_id_474627698_10954 table  nt_search_full_width nt_type_ajax_table table-striped hide_vertical_borders vertical_centered  footable-paging-center ninjatable_hide_header_row\">\n                <colgroup>\n                            <col class=\"ninja_column_0 \">\n                    <\/colgroup>\n            <\/table>\n                    <style type=\"text\/css\" id='ninja_table_custom_css_10954'>\n                        #footable_10954  {\n        font-family: inherit;\n        font-size: 14px;\n    }\n\n.foo-table .form-inline {\n   \/* display: grid!important;*\/\n}\n\n.input-group {\n    width: 100%!important;\n}\n\ninput.form-control {\n    float: left!important;\n    width: 100%!important;\n}\n\n.input-group-btn {\n    text-align: left;\n}\n\n\n\n.col-md-80 {\n    text-align: justify;\n    width: 60%;\n   \n   \/* padding-top: 30px;*\/\n}\n\n.col-md-20 {\n    width: 40%;\n    padding-left: 30px;\n}\n\n.tablas-presupuestos li {\n    float: left;\n}\n\n.tablas-presupuestos p {\n    font-size:12px;\n    text-align: justify;\n}\n\n.tablas-presupuestos a {\n   Color: #846213!important;\n   font-size:12px;\n}\n\n\n\n\n.tablas-presupuestos img {\n    max-width: 60%;\n    \/*padding-top: 10px;\n    padding-bottom: 10px;*\/\n}                <\/style>\n                \n    \n    \n<\/div>\n<\/div><\/div><\/div><\/div><\/div><\/div><\/div><\/div><div class=\"vce-row-container\"><div class=\"vce-row vce-row--col-gap-30 vce-row-equal-height vce-row-content--top\" data-vce-full-width=\"true\" data-vce-stretch-content=\"true\" id=\"el-6add2488\" data-vce-do-apply=\"all el-6add2488\"><div class=\"vce-row-content\" data-vce-element-content=\"true\"><div class=\"vce-col vce-col--md-auto vce-col--xs-1 vce-col--xs-last vce-col--xs-first vce-col--sm-last vce-col--sm-first vce-col--md-last vce-col--lg-last vce-col--xl-last vce-col--md-first vce-col--lg-first vce-col--xl-first\" id=\"el-edf0824f\"><div class=\"vce-col-inner\" data-vce-do-apply=\"border margin background  el-edf0824f\"><div class=\"vce-col-content\" data-vce-element-content=\"true\" data-vce-do-apply=\"padding el-edf0824f\"><div class=\"vcv-row-control-wrapper\"><\/div><\/div><\/div><\/div><\/div><\/div><\/div><div class=\"vce-row-container\"><div class=\"vce-row vce-element--has-background vce-row--col-gap-30 vce-row-content--top\" data-vce-full-width=\"true\" data-vce-stretch-content=\"true\" id=\"el-2d9d05d4\" data-vce-do-apply=\"all el-2d9d05d4\"><div class=\"vce-content-background-container\"><div class=\"vce-asset-background-simple-container vce-visible-all-only vce-asset-background-simple--style-cover vce-asset-background-simple--position-center-top\"><div class=\"vce-asset-background-simple\">\n              <div class=\"vce-asset-background-simple-item vcv-lozad\" data-background-image=\"https:\/\/www.aunap.gov.co\/wp-content\/uploads\/2021\/08\/fondo-contadores.png\"><\/div>\n              <noscript>\n                <div class=\"vce-asset-background-simple-item\" style=\"background-image: url(https:\/\/www.aunap.gov.co\/wp-content\/uploads\/2021\/08\/fondo-contadores.png)\"><\/div>\n              <\/noscript>\n            <\/div><\/div><\/div><div class=\"vce-row-content\" data-vce-element-content=\"true\"><div class=\"vce-col vce-col--md-auto vce-col--xs-1 vce-col--xs-last vce-col--xs-first vce-col--sm-last vce-col--sm-first vce-col--md-first vce-col--lg-first vce-col--xl-first\" id=\"el-1f9c9bb4\"><div class=\"vce-col-inner\" data-vce-do-apply=\"border margin background  el-1f9c9bb4\"><div class=\"vce-col-content\" data-vce-element-content=\"true\" data-vce-do-apply=\"padding el-1f9c9bb4\"><div class=\"vce-text-block\"><div class=\"vce-text-block-wrapper vce\" id=\"el-d1831253\" data-vce-do-apply=\"all el-d1831253\"><ul class=\"section-imprimir\"><br> \t<li class=\"share-print\" role=\"presentation\"><a title=\"Imprimir\" href=\"javascript:window.print(); void 0;\"><span class=\"fa fa-print fa-2x\" aria-hidden=\"true\"><\/span><span class=\"hidden\">Imprimir<\/span><\/a><\/li><br><\/ul><\/div><\/div><\/div><\/div><\/div><div class=\"vce-col vce-col--md-auto vce-col--xs-1 vce-col--xs-last vce-col--xs-first vce-col--sm-last vce-col--sm-first vce-col--md-last vce-col--lg-last vce-col--xl-last\" id=\"el-6372f889\"><div class=\"vce-col-inner\" data-vce-do-apply=\"border margin background  el-6372f889\"><div class=\"vce-col-content\" data-vce-element-content=\"true\" data-vce-do-apply=\"padding el-6372f889\"><div class=\"vce-text-block\"><div class=\"vce-text-block-wrapper vce\" id=\"el-e728fa82\" data-vce-do-apply=\"all el-e728fa82\"><div class=\"section-count\">N\u00famero de visitas a esta p\u00e1gina 0<br>Fecha de publicaci\u00f3n 23 febrero, 2022<br>\u00daltima modificaci\u00f3n 19 marzo, 2026<\/div><\/div><\/div><\/div><\/div><\/div><\/div><\/div><\/div>","protected":false},"excerpt":{"rendered":"<p>Inicio Participa Rendici\u00f3n de CuentasRENDICI\u00d3N DE CUENTAS&nbsp;En esta secci\u00f3n encontrar\u00e1 los informes de Rendici\u00f3n de Cuentas del \u00c1rea Metropolitana de C\u00facuta, correspondientes a las diferentes vigencias, a trav\u00e9s de los cuales la entidad informa a la ciudadan\u00eda sobre su gesti\u00f3n, resultados y uso de los recursos p\u00fablicos. Estos informes presentan los avances en la ejecuci\u00f3n&hellip; <a class=\"more-link\" href=\"https:\/\/amc.gov.co\/amc\/rendicion-de-cuentas\/\">Seguir leyendo <span class=\"screen-reader-text\">rendicion de cuentas<\/span><\/a><\/p>\n","protected":false},"author":1,"featured_media":0,"parent":0,"menu_order":0,"comment_status":"closed","ping_status":"closed","template":"","meta":{"footnotes":"","_joinchat":[]},"_links":{"self":[{"href":"https:\/\/amc.gov.co\/amc\/wp-json\/wp\/v2\/pages\/9612"}],"collection":[{"href":"https:\/\/amc.gov.co\/amc\/wp-json\/wp\/v2\/pages"}],"about":[{"href":"https:\/\/amc.gov.co\/amc\/wp-json\/wp\/v2\/types\/page"}],"author":[{"embeddable":true,"href":"https:\/\/amc.gov.co\/amc\/wp-json\/wp\/v2\/users\/1"}],"replies":[{"embeddable":true,"href":"https:\/\/amc.gov.co\/amc\/wp-json\/wp\/v2\/comments?post=9612"}],"version-history":[{"count":6,"href":"https:\/\/amc.gov.co\/amc\/wp-json\/wp\/v2\/pages\/9612\/revisions"}],"predecessor-version":[{"id":17286,"href":"https:\/\/amc.gov.co\/amc\/wp-json\/wp\/v2\/pages\/9612\/revisions\/17286"}],"wp:attachment":[{"href":"https:\/\/amc.gov.co\/amc\/wp-json\/wp\/v2\/media?parent=9612"}],"curies":[{"name":"wp","href":"https:\/\/api.w.org\/{rel}","templated":true}]}}