{"id":9315,"date":"2022-02-23T09:55:34","date_gmt":"2022-02-23T14:55:34","guid":{"rendered":"https:\/\/amc.gov.co\/amc\/?page_id=9315"},"modified":"2022-02-23T09:56:47","modified_gmt":"2022-02-23T14:56:47","slug":"columnas-de-opinion","status":"publish","type":"page","link":"https:\/\/amc.gov.co\/amc\/columnas-de-opinion\/","title":{"rendered":"Columnas de Opini\u00f3n"},"content":{"rendered":"<div class=\"vce-row-container\"><div class=\"vce-row vce-row--col-gap-30 vce-row-equal-height vce-row-content--top\" data-vce-full-width=\"true\" data-vce-stretch-content=\"true\" id=\"el-d825121e\" data-vce-do-apply=\"all el-d825121e\"><div class=\"vce-row-content\" data-vce-element-content=\"true\"><div class=\"vce-col vce-col--md-auto vce-col--xs-1 vce-col--xs-last vce-col--xs-first vce-col--sm-last vce-col--sm-first vce-col--md-last vce-col--lg-last vce-col--xl-last vce-col--md-first vce-col--lg-first vce-col--xl-first\" id=\"el-20626026\"><div class=\"vce-col-inner\" data-vce-do-apply=\"border margin background  el-20626026\"><div class=\"vce-col-content\" data-vce-element-content=\"true\" data-vce-do-apply=\"padding el-20626026\"><div class=\"vce-text-block\"><div class=\"vce-text-block-wrapper vce\" id=\"el-094c9bd3\" data-vce-do-apply=\"all el-094c9bd3\"><nav aria-label=\"breadcrumb\"><br><ol class=\"breadcrumb gov-co-breadcrumb\"><br> \t<li class=\"breadcrumb-item\"><a href=\"\/amc\/\"><i class=\"fas fa-home\"><\/i> Inicio <\/a><\/li><br> \t<li class=\"breadcrumb-item active\" aria-current=\"page\"><a href=\"\/amc\/prensa\/\">Prensa<\/a><br><\/li><br><li class=\"breadcrumb-item active\" aria-current=\"page\"><a href=\"\/amc\/columnas-de-opinion\/\">Columnas de Opini\u00f3n<\/a><br><\/li><br><\/ol><br><\/nav><\/div><\/div><\/div><\/div><\/div><\/div><\/div><\/div><div class=\"vce-row-container\"><div class=\"vce-row vce-row--col-gap-30 vce-row-equal-height vce-row-content--top\" data-vce-full-width=\"true\" data-vce-stretch-content=\"true\" id=\"el-4b8b52e1\" data-vce-do-apply=\"all el-4b8b52e1\"><div class=\"vce-row-content\" data-vce-element-content=\"true\"><div class=\"vce-col vce-col--md-auto vce-col--xs-1 vce-col--xs-last vce-col--xs-first vce-col--sm-last vce-col--sm-first vce-col--md-last vce-col--lg-last vce-col--xl-last vce-col--md-first vce-col--lg-first vce-col--xl-first\" id=\"el-74cefaeb\"><div class=\"vce-col-inner\" data-vce-do-apply=\"border margin background  el-74cefaeb\"><div class=\"vce-col-content\" data-vce-element-content=\"true\" data-vce-do-apply=\"padding el-74cefaeb\"><div class=\"vce-text-block\"><div class=\"vce-text-block-wrapper vce\" id=\"el-811700d8\" data-vce-do-apply=\"all el-811700d8\"><h1>Columnas de Opini\u00f3n<\/h1><\/div><\/div><div class=\"vce-text-block\"><div class=\"vce-text-block-wrapper vce\" id=\"el-30dd8552\" data-vce-do-apply=\"all el-30dd8552\"><div id=\"footable_parent_9318\"\n     class=\"footable_parent ninja_table_wrapper loading_ninja_table wp_table_data_press_parent bootstrap4 \">\n                <table data-ninja_table_instance=\"ninja_table_instance_0\" data-footable_id=\"9318\" data-filter-delay=\"1000\" aria-label=\"Columnas de Opini\u00f3n\"            id=\"footable_9318\"\n           data-unique_identifier=\"ninja_table_unique_id_1351982242_9318\"\n           class=\" foo-table ninja_footable foo_table_9318 ninja_table_unique_id_1351982242_9318 table  nt_type_ajax_table table-striped table-bordered hide_horizonal_borders hide_vertical_borders table-sm vertical_centered  footable-paging-center hide_all_borders ninjatable_hide_header_row\">\n                <colgroup>\n                            <col class=\"ninja_column_0 \">\n                    <\/colgroup>\n            <\/table>\n                    <style type=\"text\/css\" id='ninja_table_custom_css_9318'>\n                        #footable_9318  {\n        font-family: inherit;\n        font-size: 14px;\n    }\n\n.foo-table .form-inline {\r\n    display: grid!important;\r\n}\r\n\r\n.input-group {\r\n    width: 100%!important;\r\n}\r\n\r\ninput.form-control {\r\n    float: left!important;\r\n    width: 100%!important;\r\n}\r\n\r\n.input-group-btn {\r\n    text-align: left;\r\n}\r\n\r\n.bootstrap4 .table-striped tbody tr:nth-of-type(odd) {\r\n    background-color: #E5F4F0!important;\r\n}\r\n\r\n.col-md-80 {\r\n    width: 85%;\r\n    padding-top: 30px;\r\n}\r\n\r\n.col-md-20 {\r\n    width: 15%;\r\n}\r\n\r\n.tablas-presupuestos li {\r\n    float: left;\r\n}\r\n\r\n.tablas-presupuestos img {\r\n    max-width: 60%;\r\n    padding-top: 10px;\r\n    padding-bottom: 10px;\r\n}                <\/style>\n                \n    \n    \n<\/div>\n<\/div><div class=\"vce-text-block-wrapper vce\" id=\"\" data-vce-do-apply=\"all el-30dd8552\" style=\"height: 0px; width: 0px; overflow: hidden; position: fixed; bottom: 0px; right: 0px;\"><div id=\"footable_parent_9318\"\n     class=\"footable_parent ninja_table_wrapper loading_ninja_table wp_table_data_press_parent bootstrap4 \">\n                <table data-ninja_table_instance=\"ninja_table_instance_1\" data-footable_id=\"9318\" data-filter-delay=\"1000\" aria-label=\"Columnas de Opini\u00f3n\"            id=\"footable_9318\"\n           data-unique_identifier=\"ninja_table_unique_id_1344513561_9318\"\n           class=\" foo-table ninja_footable foo_table_9318 ninja_table_unique_id_1344513561_9318 table  nt_type_ajax_table table-striped table-bordered hide_horizonal_borders hide_vertical_borders table-sm vertical_centered  footable-paging-center hide_all_borders ninjatable_hide_header_row\">\n                <colgroup>\n                            <col class=\"ninja_column_0 \">\n                    <\/colgroup>\n            <\/table>\n                    <style type=\"text\/css\" id='ninja_table_custom_css_9318'>\n                        #footable_9318  {\n        font-family: inherit;\n        font-size: 14px;\n    }\n\n.foo-table .form-inline {\r\n    display: grid!important;\r\n}\r\n\r\n.input-group {\r\n    width: 100%!important;\r\n}\r\n\r\ninput.form-control {\r\n    float: left!important;\r\n    width: 100%!important;\r\n}\r\n\r\n.input-group-btn {\r\n    text-align: left;\r\n}\r\n\r\n.bootstrap4 .table-striped tbody tr:nth-of-type(odd) {\r\n    background-color: #E5F4F0!important;\r\n}\r\n\r\n.col-md-80 {\r\n    width: 85%;\r\n    padding-top: 30px;\r\n}\r\n\r\n.col-md-20 {\r\n    width: 15%;\r\n}\r\n\r\n.tablas-presupuestos li {\r\n    float: left;\r\n}\r\n\r\n.tablas-presupuestos img {\r\n    max-width: 60%;\r\n    padding-top: 10px;\r\n    padding-bottom: 10px;\r\n}                <\/style>\n                                <style type=\"text\/css\" id='ninja_table_custom_css_9318'>\n                        #footable_9318  {\n        font-family: inherit;\n        font-size: 14px;\n    }\n\n.foo-table .form-inline {\r\n    display: grid!important;\r\n}\r\n\r\n.input-group {\r\n    width: 100%!important;\r\n}\r\n\r\ninput.form-control {\r\n    float: left!important;\r\n    width: 100%!important;\r\n}\r\n\r\n.input-group-btn {\r\n    text-align: left;\r\n}\r\n\r\n.bootstrap4 .table-striped tbody tr:nth-of-type(odd) {\r\n    background-color: #E5F4F0!important;\r\n}\r\n\r\n.col-md-80 {\r\n    width: 85%;\r\n    padding-top: 30px;\r\n}\r\n\r\n.col-md-20 {\r\n    width: 15%;\r\n}\r\n\r\n.tablas-presupuestos li {\r\n    float: left;\r\n}\r\n\r\n.tablas-presupuestos img {\r\n    max-width: 60%;\r\n    padding-top: 10px;\r\n    padding-bottom: 10px;\r\n}                <\/style>\n                \n    \n    \n<\/div>\n<\/div><\/div><\/div><\/div><\/div><\/div><\/div><\/div><div class=\"vce-row-container\"><div class=\"vce-row vce-element--has-background vce-row--col-gap-30 vce-row-content--top\" data-vce-full-width=\"true\" data-vce-stretch-content=\"true\" id=\"el-3d58bede\" data-vce-do-apply=\"all el-3d58bede\"><div class=\"vce-content-background-container\"><div class=\"vce-asset-background-simple-container vce-visible-all-only vce-asset-background-simple--style-cover vce-asset-background-simple--position-center-top\"><div class=\"vce-asset-background-simple\">\n              <div class=\"vce-asset-background-simple-item vcv-lozad\" data-background-image=\"https:\/\/www.aunap.gov.co\/wp-content\/uploads\/2021\/08\/fondo-contadores.png\"><\/div>\n              <noscript>\n                <div class=\"vce-asset-background-simple-item\" style=\"background-image: url(https:\/\/www.aunap.gov.co\/wp-content\/uploads\/2021\/08\/fondo-contadores.png)\"><\/div>\n              <\/noscript>\n            <\/div><\/div><\/div><div class=\"vce-row-content\" data-vce-element-content=\"true\"><div class=\"vce-col vce-col--md-auto vce-col--xs-1 vce-col--xs-last vce-col--xs-first vce-col--sm-last vce-col--sm-first vce-col--md-first vce-col--lg-first vce-col--xl-first\" id=\"el-e14f2572\"><div class=\"vce-col-inner\" data-vce-do-apply=\"border margin background  el-e14f2572\"><div class=\"vce-col-content\" data-vce-element-content=\"true\" data-vce-do-apply=\"padding el-e14f2572\"><div class=\"vce-text-block\"><div class=\"vce-text-block-wrapper vce\" id=\"el-cd6b780e\" data-vce-do-apply=\"all el-cd6b780e\"><ul class=\"section-imprimir\"><br> \t<li class=\"share-print\" role=\"presentation\"><a title=\"Imprimir\" href=\"javascript:window.print(); void 0;\"><span class=\"fa fa-print fa-2x\" aria-hidden=\"true\"><\/span><span class=\"hidden\">Imprimir<\/span><\/a><\/li><br><\/ul><\/div><\/div><\/div><\/div><\/div><div class=\"vce-col vce-col--md-auto vce-col--xs-1 vce-col--xs-last vce-col--xs-first vce-col--sm-last vce-col--sm-first vce-col--md-last vce-col--lg-last vce-col--xl-last\" id=\"el-edc08423\"><div class=\"vce-col-inner\" data-vce-do-apply=\"border margin background  el-edc08423\"><div class=\"vce-col-content\" data-vce-element-content=\"true\" data-vce-do-apply=\"padding el-edc08423\"><div class=\"vce-text-block\"><div class=\"vce-text-block-wrapper vce\" id=\"el-fc742655\" data-vce-do-apply=\"all el-fc742655\"><div class=\"section-count\">N\u00famero de visitas a esta p\u00e1gina 0<br>Fecha de publicaci\u00f3n 23 febrero, 2022<br>\u00daltima modificaci\u00f3n 23 febrero, 2022<\/div><\/div><\/div><\/div><\/div><\/div><\/div><\/div><\/div>\n","protected":false},"excerpt":{"rendered":"<p>Inicio PrensaColumnas de Opini\u00f3nColumnas de Opini\u00f3n ImprimirN\u00famero de visitas a esta p\u00e1gina Fecha de publicaci\u00f3n \u00daltima modificaci\u00f3n<\/p>\n","protected":false},"author":1,"featured_media":0,"parent":0,"menu_order":0,"comment_status":"closed","ping_status":"closed","template":"","meta":{"footnotes":"","_joinchat":[]},"_links":{"self":[{"href":"https:\/\/amc.gov.co\/amc\/wp-json\/wp\/v2\/pages\/9315"}],"collection":[{"href":"https:\/\/amc.gov.co\/amc\/wp-json\/wp\/v2\/pages"}],"about":[{"href":"https:\/\/amc.gov.co\/amc\/wp-json\/wp\/v2\/types\/page"}],"author":[{"embeddable":true,"href":"https:\/\/amc.gov.co\/amc\/wp-json\/wp\/v2\/users\/1"}],"replies":[{"embeddable":true,"href":"https:\/\/amc.gov.co\/amc\/wp-json\/wp\/v2\/comments?post=9315"}],"version-history":[{"count":0,"href":"https:\/\/amc.gov.co\/amc\/wp-json\/wp\/v2\/pages\/9315\/revisions"}],"wp:attachment":[{"href":"https:\/\/amc.gov.co\/amc\/wp-json\/wp\/v2\/media?parent=9315"}],"curies":[{"name":"wp","href":"https:\/\/api.w.org\/{rel}","templated":true}]}}