{"id":84,"date":"2021-12-27T16:25:19","date_gmt":"2021-12-27T21:25:19","guid":{"rendered":"https:\/\/amc.royaltech.dev\/?page_id=7916"},"modified":"2025-01-24T17:55:52","modified_gmt":"2025-01-24T22:55:52","slug":"mision","status":"publish","type":"page","link":"https:\/\/amc.gov.co\/amc\/mision\/","title":{"rendered":"Misi\u00f3n"},"content":{"rendered":"<div class=\"vce-row-container\"><div class=\"vce-row vce-row--col-gap-30 vce-row-equal-height vce-row-content--top\" data-vce-full-width=\"true\" data-vce-stretch-content=\"true\" id=\"el-4220dc0e\" data-vce-do-apply=\"all el-4220dc0e\"><div class=\"vce-row-content\" data-vce-element-content=\"true\"><div class=\"vce-col vce-col--md-auto vce-col--xs-1 vce-col--xs-last vce-col--xs-first vce-col--sm-last vce-col--sm-first vce-col--md-last vce-col--lg-last vce-col--xl-last vce-col--md-first vce-col--lg-first vce-col--xl-first\" id=\"el-55c72c75\"><div class=\"vce-col-inner\" data-vce-do-apply=\"border margin background  el-55c72c75\"><div class=\"vce-col-content\" data-vce-element-content=\"true\" data-vce-do-apply=\"padding el-55c72c75\"><div class=\"vce-text-block\"><div class=\"vce-text-block-wrapper vce\" id=\"el-b7820ff9\" data-vce-do-apply=\"all el-b7820ff9\"><nav aria-label=\"breadcrumb\"><br><ol class=\"breadcrumb gov-co-breadcrumb\"><br> \t<li class=\"breadcrumb-item\"><a href=\"\/\"><i class=\"fas fa-home\"><\/i> Inicio <\/a><\/li><br> \t<li class=\"breadcrumb-item active\" aria-current=\"page\"><a href=\"http:\/\/proyecto621.co\/mision\/\">Misi\u00f3n<\/a><\/li><br><\/ol><br><\/nav><\/div><\/div><\/div><\/div><\/div><\/div><\/div><\/div><div class=\"vce-row-container\"><div class=\"vce-row vce-row--col-gap-30 vce-row-equal-height vce-row-content--top\" data-vce-full-width=\"true\" data-vce-stretch-content=\"true\" id=\"el-bab14888\" data-vce-do-apply=\"all el-bab14888\"><div class=\"vce-row-content\" data-vce-element-content=\"true\"><div class=\"vce-col vce-col--md-auto vce-col--xs-1 vce-col--xs-last vce-col--xs-first vce-col--sm-last vce-col--sm-first vce-col--md-last vce-col--lg-last vce-col--xl-last vce-col--md-first vce-col--lg-first vce-col--xl-first\" id=\"el-0dfb4920\"><div class=\"vce-col-inner\" data-vce-do-apply=\"border margin background  el-0dfb4920\"><div class=\"vce-col-content\" data-vce-element-content=\"true\" data-vce-do-apply=\"padding el-0dfb4920\"><div class=\"vce-text-block\"><div class=\"vce-text-block-wrapper vce\" id=\"el-20d3834f\" data-vce-do-apply=\"all el-20d3834f\"><h1>Misi\u00f3n<\/h1><\/div><\/div><\/div><\/div><\/div><\/div><\/div><\/div><div class=\"vce-row-container\"><div class=\"vce-row vce-row--col-gap-30 vce-row-equal-height vce-row-content--top\" data-vce-full-width=\"true\" data-vce-stretch-content=\"true\" id=\"el-78500af8\" data-vce-do-apply=\"all el-78500af8\"><div class=\"vce-content-background-container\"><\/div><div class=\"vce-row-content\" data-vce-element-content=\"true\"><div class=\"vce-col vce-col--md-auto vce-col--xs-1 vce-col--xs-last vce-col--xs-first vce-col--sm-last vce-col--sm-first vce-col--md-last vce-col--lg-last vce-col--xl-last vce-col--md-first vce-col--lg-first vce-col--xl-first\" id=\"el-8f346e72\"><div class=\"vce-col-inner\" data-vce-do-apply=\"border margin background  el-8f346e72\"><div class=\"vce-col-content\" data-vce-element-content=\"true\" data-vce-do-apply=\"padding el-8f346e72\"><div class=\"vce-text-block\"><div class=\"vce-text-block-wrapper vce\" id=\"el-428a6f2b\" data-vce-do-apply=\"all el-428a6f2b\"><p><span style=\"color: #333333; font-family: Montserrat;\">Promover, programar y coordinar el desarrollo de los municipios metropolitano y de sus habitantes en concordancia con lo establecido en el Plan Integral de Desarrollo Metropolitano, basados en los principios de eficiencia y eficacia, mejorando la calidad de vida de la regi\u00f3n y logrando una din\u00e1mica de territorio enmarcada en las cuatro dimensiones estrat\u00e9gicas del desarrollo como son la social, econ\u00f3mica, institucional y ambiental.<\/span><\/p><p>&nbsp;<\/p><p><span style=\"font-family: Montserrat; font-size: 8pt; color: #333333;\">Plan Integral de Desarrollo 2022-2028 \/ Ajuste del 3 de octubre del 2022 Acuerdo Metropolitano No. 03 de 2022&nbsp;<\/span><\/p><\/div><\/div><\/div><\/div><\/div><\/div><\/div><\/div><div class=\"vce-row-container\"><div class=\"vce-row vce-element--has-background vce-row--col-gap-30 vce-row-content--top\" data-vce-full-width=\"true\" data-vce-stretch-content=\"true\" id=\"el-04ccd4d9\" data-vce-do-apply=\"all el-04ccd4d9\"><div class=\"vce-content-background-container\"><div class=\"vce-asset-background-simple-container vce-visible-all-only vce-asset-background-simple--style-cover vce-asset-background-simple--position-center-top\"><div class=\"vce-asset-background-simple\"><div class=\"vce-asset-background-simple-item\" style=\"background-image: url('http:\/\/proyecto-364.com\/wp-content\/uploads\/2021\/08\/fondo-contadores.png');\"><\/div><\/div><\/div><\/div><div class=\"vce-row-content\" data-vce-element-content=\"true\"><div class=\"vce-col vce-col--md-auto vce-col--xs-1 vce-col--xs-last vce-col--xs-first vce-col--sm-last vce-col--sm-first vce-col--md-first vce-col--lg-first vce-col--xl-first\" id=\"el-97f5cd19\"><div class=\"vce-col-inner\" data-vce-do-apply=\"border margin background  el-97f5cd19\"><div class=\"vce-col-content\" data-vce-element-content=\"true\" data-vce-do-apply=\"padding el-97f5cd19\"><div class=\"vce-text-block\"><div class=\"vce-text-block-wrapper vce\" id=\"el-3890167e\" data-vce-do-apply=\"all el-3890167e\"><ul class=\"section-imprimir\"><br> \t<li class=\"share-print\" role=\"presentation\"><a title=\"Imprimir\" href=\"javascript:window.print(); void 0;\"><span class=\"fa fa-print fa-2x\" aria-hidden=\"true\"><\/span><span class=\"hidden\">Imprimir<\/span><\/a><\/li><br><\/ul><\/div><\/div><\/div><\/div><\/div><div class=\"vce-col vce-col--md-auto vce-col--xs-1 vce-col--xs-last vce-col--xs-first vce-col--sm-last vce-col--sm-first vce-col--md-last vce-col--lg-last vce-col--xl-last\" id=\"el-40d09f45\"><div class=\"vce-col-inner\" data-vce-do-apply=\"border margin background  el-40d09f45\"><div class=\"vce-col-content\" data-vce-element-content=\"true\" data-vce-do-apply=\"padding el-40d09f45\"><div class=\"vce-text-block\"><div class=\"vce-text-block-wrapper vce\" id=\"el-5d283da2\" data-vce-do-apply=\"all el-5d283da2\"><div class=\"section-count\">N\u00famero de visitas a esta p\u00e1gina 0<br>Fecha de publicaci\u00f3n 27 diciembre, 2021<br>\u00daltima modificaci\u00f3n 24 enero, 2025<\/div><\/div><\/div><\/div><\/div><\/div><\/div><\/div><\/div>\n","protected":false},"excerpt":{"rendered":"<p>Inicio Misi\u00f3nMisi\u00f3nPromover, programar y coordinar el desarrollo de los municipios metropolitano y de sus habitantes en concordancia con lo establecido en el Plan Integral de Desarrollo Metropolitano, basados en los principios de eficiencia y eficacia, mejorando la calidad de vida de la regi\u00f3n y logrando una din\u00e1mica de territorio enmarcada en las cuatro dimensiones estrat\u00e9gicas&hellip; <a class=\"more-link\" href=\"https:\/\/amc.gov.co\/amc\/mision\/\">Seguir leyendo <span class=\"screen-reader-text\">Misi\u00f3n<\/span><\/a><\/p>\n","protected":false},"author":1,"featured_media":0,"parent":0,"menu_order":0,"comment_status":"closed","ping_status":"closed","template":"","meta":{"footnotes":"","_joinchat":[]},"_links":{"self":[{"href":"https:\/\/amc.gov.co\/amc\/wp-json\/wp\/v2\/pages\/84"}],"collection":[{"href":"https:\/\/amc.gov.co\/amc\/wp-json\/wp\/v2\/pages"}],"about":[{"href":"https:\/\/amc.gov.co\/amc\/wp-json\/wp\/v2\/types\/page"}],"author":[{"embeddable":true,"href":"https:\/\/amc.gov.co\/amc\/wp-json\/wp\/v2\/users\/1"}],"replies":[{"embeddable":true,"href":"https:\/\/amc.gov.co\/amc\/wp-json\/wp\/v2\/comments?post=84"}],"version-history":[{"count":7,"href":"https:\/\/amc.gov.co\/amc\/wp-json\/wp\/v2\/pages\/84\/revisions"}],"predecessor-version":[{"id":14792,"href":"https:\/\/amc.gov.co\/amc\/wp-json\/wp\/v2\/pages\/84\/revisions\/14792"}],"wp:attachment":[{"href":"https:\/\/amc.gov.co\/amc\/wp-json\/wp\/v2\/media?parent=84"}],"curies":[{"name":"wp","href":"https:\/\/api.w.org\/{rel}","templated":true}]}}