{"id":15148,"date":"2025-03-25T17:42:37","date_gmt":"2025-03-25T22:42:37","guid":{"rendered":"https:\/\/amc.gov.co\/amc\/?page_id=15148"},"modified":"2025-04-01T16:42:14","modified_gmt":"2025-04-01T21:42:14","slug":"resultado-encuesta-rendicion-de-cuentas-vigencia-2024","status":"publish","type":"page","link":"https:\/\/amc.gov.co\/amc\/resultado-encuesta-rendicion-de-cuentas-vigencia-2024\/","title":{"rendered":"Resultado encuesta rendici\u00f3n de cuentas vigencia 2024"},"content":{"rendered":"<div class=\"vce-row-container\"><div class=\"vce-row vce-row--col-gap-30 vce-row-equal-height vce-row-content--top\" data-vce-full-width=\"true\" data-vce-stretch-content=\"true\" id=\"el-c9a23b77\" data-vce-do-apply=\"all el-c9a23b77\"><div class=\"vce-row-content\" data-vce-element-content=\"true\"><div class=\"vce-col vce-col--md-auto vce-col--xs-1 vce-col--xs-last vce-col--xs-first vce-col--sm-last vce-col--sm-first vce-col--md-last vce-col--lg-last vce-col--xl-last vce-col--md-first vce-col--lg-first vce-col--xl-first\" id=\"el-1146d44c\"><div class=\"vce-col-inner\" data-vce-do-apply=\"border margin background  el-1146d44c\"><div class=\"vce-col-content\" data-vce-element-content=\"true\" data-vce-do-apply=\"padding el-1146d44c\"><div class=\"vce-text-block\"><div class=\"vce-text-block-wrapper vce\" id=\"el-5f408c40\" data-vce-do-apply=\"all el-5f408c40\"><nav aria-label=\"breadcrumb\"><br><ol class=\"breadcrumb gov-co-breadcrumb\"><br> \t<li class=\"breadcrumb-item\"><a href=\"\/amc\/\"><i class=\"fas fa-home\"><\/i> Inicio <\/a><\/li><br> \t<li class=\"breadcrumb-item active\" aria-current=\"page\"><a href=\"\/amc\/mecanismos-de-participacion-ciudadana\/\">Mecanismos de participaci\u00f3n ciudadana<\/a><\/li><br><br><li class=\"breadcrumb-item active\" aria-current=\"page\"><a href=\"https:\/\/amc.gov.co\/amc\/resultado-encuesta-rendicion-de-cuentas-vigencia-2024\/\">Resultado encuesta de satisfacci\u00f3n de rendici\u00f3n de cuentas <\/a><\/li><br><\/ol><br><\/nav><\/div><\/div><\/div><\/div><\/div><\/div><\/div><\/div><div class=\"vce-row-container\"><div class=\"vce-row vce-row--col-gap-30 vce-row-equal-height vce-row-content--top\" data-vce-full-width=\"true\" data-vce-stretch-content=\"true\" id=\"el-4f261f27\" data-vce-do-apply=\"all el-4f261f27\"><div class=\"vce-row-content\" data-vce-element-content=\"true\"><div class=\"vce-col vce-col--md-auto vce-col--xs-1 vce-col--xs-last vce-col--xs-first vce-col--sm-last vce-col--sm-first vce-col--md-last vce-col--lg-last vce-col--xl-last vce-col--md-first vce-col--lg-first vce-col--xl-first\" id=\"el-59d21892\"><div class=\"vce-col-inner\" data-vce-do-apply=\"border margin background  el-59d21892\"><div class=\"vce-col-content\" data-vce-element-content=\"true\" data-vce-do-apply=\"padding el-59d21892\"><div class=\"vce-text-block\"><div class=\"vce-text-block-wrapper vce\" id=\"el-00a64b43\" data-vce-do-apply=\"all el-00a64b43\"><p style=\"text-align: center;\"><span style=\"font-family: Montserrat; font-size: 24pt;\">RESULTADO ENCUESTA DE SATISFACCI\u00d3N DE RENDICI\u00d3N DE CUENTAS VIGENCIA 2024<\/span><\/p><\/div><\/div><\/div><\/div><\/div><\/div><\/div><\/div><div class=\"vce-row-container\"><div class=\"vce-row vce-row--col-gap-10 vce-row-equal-height vce-row-content--top\" data-vce-full-width=\"true\" data-vce-stretch-content=\"true\" id=\"el-26482b50\" data-vce-do-apply=\"all el-26482b50\"><div class=\"vce-content-background-container\"><\/div><div class=\"vce-row-content\" data-vce-element-content=\"true\"><div class=\"vce-col vce-col--md-auto vce-col--xs-1 vce-col--xs-last vce-col--xs-first vce-col--sm-last vce-col--sm-first vce-col--md-last vce-col--lg-last vce-col--xl-last vce-col--md-first vce-col--lg-first vce-col--xl-first\" id=\"el-c193e432\"><div class=\"vce-col-inner\" data-vce-do-apply=\"border margin background  el-c193e432\"><div class=\"vce-col-content\" data-vce-element-content=\"true\" data-vce-do-apply=\"padding el-c193e432\"><div class=\"vce-text-block\"><div class=\"vce-text-block-wrapper vce\" id=\"el-799a0025\" data-vce-do-apply=\"all el-799a0025\"><p><span style=\"font-family: Montserrat; color: #333333;\">De acuerdo con los resultados obtenidos, un total de 56 personas calificaron la rendici\u00f3n de cuentas con la categor\u00eda de \u201csobresaliente\u201d, lo que refleja un alto grado de conformidad con el proceso llevado a cabo. Este resultado indica que la informaci\u00f3n fue presentada de manera clara, accesible y oportuna, cumpliendo con los principios de transparencia y participaci\u00f3n ciudadana. La justificaci\u00f3n de esta encuesta radica en la importancia de conocer la opini\u00f3n de los asistentes para garantizar una mejora continua en los procesos de rendici\u00f3n de cuentas, fortaleciendo la confianza y la relaci\u00f3n entre la entidad y la comunidad. Adem\u00e1s, estos resultados servir\u00e1n como insumo para futuras estrategias de comunicaci\u00f3n y optimizaci\u00f3n del proceso, asegurando que se mantenga un alto nivel de satisfacci\u00f3n en pr\u00f3ximas rendiciones.<\/span><\/p><\/div><\/div><div class=\"vce vce-separator-container vce-separator--align-center vce-separator--style-solid\" id=\"el-206fbbee\" data-vce-do-apply=\"margin el-206fbbee\"><div class=\"vce-separator vce-separator--color-bfc0c1 vce-separator--width-60 vce-separator--thickness-1\" data-vce-do-apply=\"border padding background  el-206fbbee\"><\/div><\/div><div class=\"vce-single-image-container vce-single-image--align-center\"><div class=\"vce vce-single-image-wrapper\" id=\"el-c7a55b6b\" data-vce-do-apply=\"all el-c7a55b6b\"><figure><div class=\"vce-single-image-figure-inner\" style=\"width: 729px;\"><div class=\"vce-single-image-inner vce-single-image--absolute vce-single-image--border-rounded\" style=\"width: 100%; padding-bottom: 50.6173%;\"><img loading=\"lazy\" decoding=\"async\" class=\"vce-single-image\"  width=\"729\" height=\"369\" srcset=\"https:\/\/amc.gov.co\/amc\/wp-content\/uploads\/2025\/03\/Pregunta1-320x162.jpg 320w, https:\/\/amc.gov.co\/amc\/wp-content\/uploads\/2025\/03\/Pregunta1-480x243.jpg 480w, https:\/\/amc.gov.co\/amc\/wp-content\/uploads\/2025\/04\/Pregunta1-729x369.jpg 729w\" src=\"https:\/\/amc.gov.co\/amc\/wp-content\/uploads\/2025\/04\/Pregunta1-729x369.jpg\" data-img-src=\"https:\/\/amc.gov.co\/amc\/wp-content\/uploads\/2025\/03\/Pregunta1.jpg\" data-attachment-id=\"15162\"  alt=\"\u00bfC\u00f3mo le pareci\u00f3 la informaci\u00f3n brindada\" title=\"Pregunta1\" \/><\/div><\/div><figcaption hidden=\"\"><\/figcaption><\/figure><\/div><\/div><div class=\"vce vce-separator-container vce-separator--align-center vce-separator--style-solid\" id=\"el-3b779760\" data-vce-do-apply=\"margin el-3b779760\"><div class=\"vce-separator vce-separator--color-bfc0c1 vce-separator--width-60 vce-separator--thickness-1\" data-vce-do-apply=\"border padding background  el-3b779760\"><\/div><\/div><div class=\"vce-single-image-container vce-single-image--align-center\"><div class=\"vce vce-single-image-wrapper\" id=\"el-f5dde9b5\" data-vce-do-apply=\"all el-f5dde9b5\"><figure><div class=\"vce-single-image-figure-inner\" style=\"width: 732px;\"><div class=\"vce-single-image-inner vce-single-image--absolute vce-single-image--border-rounded\" style=\"width: 100%; padding-bottom: 48.0874%;\"><img loading=\"lazy\" decoding=\"async\" class=\"vce-single-image\"  width=\"732\" height=\"352\" srcset=\"https:\/\/amc.gov.co\/amc\/wp-content\/uploads\/2025\/03\/Pregunta2-320x154.jpg 320w, https:\/\/amc.gov.co\/amc\/wp-content\/uploads\/2025\/03\/Pregunta2-480x231.jpg 480w, https:\/\/amc.gov.co\/amc\/wp-content\/uploads\/2025\/04\/Pregunta2-732x352.jpg 732w\" src=\"https:\/\/amc.gov.co\/amc\/wp-content\/uploads\/2025\/04\/Pregunta2-732x352.jpg\" data-img-src=\"https:\/\/amc.gov.co\/amc\/wp-content\/uploads\/2025\/03\/Pregunta2.jpg\" data-attachment-id=\"15164\"  alt=\"Las tem\u00e1ticas incluidas fueron\" title=\"Pregunta2\" \/><\/div><\/div><figcaption hidden=\"\"><\/figcaption><\/figure><\/div><\/div><div class=\"vce vce-separator-container vce-separator--align-center vce-separator--style-solid\" id=\"el-58362da5\" data-vce-do-apply=\"margin el-58362da5\"><div class=\"vce-separator vce-separator--color-bfc0c1 vce-separator--width-60 vce-separator--thickness-1\" data-vce-do-apply=\"border padding background  el-58362da5\"><\/div><\/div><div class=\"vce-text-block\"><div class=\"vce-text-block-wrapper vce\" id=\"el-b44b5c11\" data-vce-do-apply=\"all el-b44b5c11\"><p><strong><span class=\"myXFAc RjsPE\" style=\"font-family: Montserrat; color: #333333;\" data-questiontitle=\"950895389\">Frente a la informaci\u00f3n brindada \u00bfQu\u00e9 dudas o inquietudes tiene?<\/span><\/strong><\/p><p>&nbsp;<\/p><p class=\"\" style=\"text-align: center;\" data-start=\"66\" data-end=\"629\"><span style=\"font-family: Montserrat; color: #333333;\"><em style=\"color: inherit;\">\"La gran mayor\u00eda de los participantes manifestaron no tener dudas ni inquietudes, destacando la claridad, precisi\u00f3n y buena presentaci\u00f3n de la informaci\u00f3n expuesta durante la rendici\u00f3n de cuentas. Se valor\u00f3 positivamente el uso de recursos audiovisuales y el abordaje completo de los temas relevantes. No obstante, algunos ciudadanos expresaron inter\u00e9s por conocer detalles espec\u00edficos, como el mes previsto para el aumento de tarifas en 2025, el estado del proyecto en la zona fronteriza de La Parada, la situaci\u00f3n de los \"corazones de barrio\", si hubo super\u00e1vit durante la vigencia y si se contempla la implementaci\u00f3n de un sistema de transporte masivo en el \u00c1rea Metropolitana de C\u00facuta.\"<\/em><\/span><\/p><\/div><\/div><div class=\"vce vce-separator-container vce-separator--align-center vce-separator--style-solid\" id=\"el-ffb4037a\" data-vce-do-apply=\"margin el-ffb4037a\"><div class=\"vce-separator vce-separator--color-bfc0c1 vce-separator--width-60 vce-separator--thickness-1\" data-vce-do-apply=\"border padding background  el-ffb4037a\"><\/div><\/div><div class=\"vce-text-block\"><div class=\"vce-text-block-wrapper vce\" id=\"el-68828b99\" data-vce-do-apply=\"all el-68828b99\"><p><strong><span class=\"myXFAc RjsPE\" style=\"font-family: Montserrat; color: #333333;\" data-questiontitle=\"950895389\">Qu\u00e9 recomendaciones tiene para pr\u00f3ximas rendiciones de cuentas del AMC?<\/span><\/strong><\/p><p>&nbsp;<\/p><p class=\"\" style=\"text-align: center;\" data-start=\"66\" data-end=\"629\"><span style=\"font-family: Montserrat; color: #333333;\"><em style=\"color: inherit;\">\"La mayor\u00eda de los participantes no present\u00f3 recomendaciones, destacando la claridad, calidad audiovisual y el manejo del tiempo durante la rendici\u00f3n de cuentas. Sin embargo, algunas sugerencias apuntan a seguir fortaleciendo la accesibilidad y el alcance del evento, incluyendo: transmisi\u00f3n por todas las redes sociales del AMC, respuestas en vivo durante las transmisiones, uso de lenguaje de se\u00f1as, simplificaci\u00f3n de ciertos temas para mayor comprensi\u00f3n, y mayor interacci\u00f3n con la audiencia. Tambi\u00e9n se recomend\u00f3 presentar el organigrama institucional y considerar la participaci\u00f3n de beneficiarios de los proyectos, as\u00ed como implementar m\u00e1s iniciativas sociales en zonas afectadas por la violencia.\"<\/em><\/span><\/p><p data-start=\"66\" data-end=\"629\">&nbsp;<\/p><\/div><\/div><\/div><\/div><\/div><\/div><\/div><\/div><div class=\"vce-row-container\"><div class=\"vce-row vce-element--has-background vce-row--col-gap-30 vce-row-content--top\" data-vce-full-width=\"true\" data-vce-stretch-content=\"true\" id=\"el-5cac8095\" data-vce-do-apply=\"all el-5cac8095\"><div class=\"vce-content-background-container\"><div class=\"vce-asset-background-simple-container vce-visible-all-only vce-asset-background-simple--style-cover vce-asset-background-simple--position-center-top\"><div class=\"vce-asset-background-simple\">\n              <div class=\"vce-asset-background-simple-item vcv-lozad\" data-background-image=\"https:\/\/www.aunap.gov.co\/wp-content\/uploads\/2021\/08\/fondo-contadores.png\"><\/div>\n              <noscript>\n                <div class=\"vce-asset-background-simple-item\" style=\"background-image: url(https:\/\/www.aunap.gov.co\/wp-content\/uploads\/2021\/08\/fondo-contadores.png)\"><\/div>\n              <\/noscript>\n            <\/div><\/div><\/div><div class=\"vce-row-content\" data-vce-element-content=\"true\"><div class=\"vce-col vce-col--md-auto vce-col--xs-1 vce-col--xs-last vce-col--xs-first vce-col--sm-last vce-col--sm-first vce-col--md-first vce-col--lg-first vce-col--xl-first\" id=\"el-4a1a3bc1\"><div class=\"vce-col-inner\" data-vce-do-apply=\"border margin background  el-4a1a3bc1\"><div class=\"vce-col-content\" data-vce-element-content=\"true\" data-vce-do-apply=\"padding el-4a1a3bc1\"><div class=\"vce-text-block\"><div class=\"vce-text-block-wrapper vce\" id=\"el-5ad97fdf\" data-vce-do-apply=\"all el-5ad97fdf\"><ul class=\"section-imprimir\"><br> \t<li class=\"share-print\" role=\"presentation\"><a title=\"Imprimir\" href=\"javascript:window.print(); void 0;\"><span class=\"fa fa-print fa-2x\" aria-hidden=\"true\"><\/span><span class=\"hidden\">Imprimir<\/span><\/a><\/li><br><\/ul><\/div><\/div><\/div><\/div><\/div><div class=\"vce-col vce-col--md-auto vce-col--xs-1 vce-col--xs-last vce-col--xs-first vce-col--sm-last vce-col--sm-first vce-col--md-last vce-col--lg-last vce-col--xl-last\" id=\"el-d3bb7317\"><div class=\"vce-col-inner\" data-vce-do-apply=\"border margin background  el-d3bb7317\"><div class=\"vce-col-content\" data-vce-element-content=\"true\" data-vce-do-apply=\"padding el-d3bb7317\"><div class=\"vce-text-block\"><div class=\"vce-text-block-wrapper vce\" id=\"el-9d085efc\" data-vce-do-apply=\"all el-9d085efc\"><div class=\"section-count\">N\u00famero de visitas a esta p\u00e1gina 0<br>Fecha de publicaci\u00f3n 25 marzo, 2025<br>\u00daltima modificaci\u00f3n 1 abril, 2025<\/div><\/div><\/div><\/div><\/div><\/div><\/div><\/div><\/div>\n","protected":false},"excerpt":{"rendered":"<p>Inicio Mecanismos de participaci\u00f3n ciudadanaResultado encuesta de satisfacci\u00f3n de rendici\u00f3n de cuentas RESULTADO ENCUESTA DE SATISFACCI\u00d3N DE RENDICI\u00d3N DE CUENTAS VIGENCIA 2024De acuerdo con los resultados obtenidos, un total de 56 personas calificaron la rendici\u00f3n de cuentas con la categor\u00eda de \u201csobresaliente\u201d, lo que refleja un alto grado de conformidad con el proceso llevado a&hellip; <a class=\"more-link\" href=\"https:\/\/amc.gov.co\/amc\/resultado-encuesta-rendicion-de-cuentas-vigencia-2024\/\">Seguir leyendo <span class=\"screen-reader-text\">Resultado encuesta rendici\u00f3n de cuentas vigencia 2024<\/span><\/a><\/p>\n","protected":false},"author":3,"featured_media":0,"parent":0,"menu_order":0,"comment_status":"closed","ping_status":"closed","template":"","meta":{"footnotes":"","_mc_calendar":[],"_joinchat":[]},"_links":{"self":[{"href":"https:\/\/amc.gov.co\/amc\/wp-json\/wp\/v2\/pages\/15148"}],"collection":[{"href":"https:\/\/amc.gov.co\/amc\/wp-json\/wp\/v2\/pages"}],"about":[{"href":"https:\/\/amc.gov.co\/amc\/wp-json\/wp\/v2\/types\/page"}],"author":[{"embeddable":true,"href":"https:\/\/amc.gov.co\/amc\/wp-json\/wp\/v2\/users\/3"}],"replies":[{"embeddable":true,"href":"https:\/\/amc.gov.co\/amc\/wp-json\/wp\/v2\/comments?post=15148"}],"version-history":[{"count":14,"href":"https:\/\/amc.gov.co\/amc\/wp-json\/wp\/v2\/pages\/15148\/revisions"}],"predecessor-version":[{"id":15209,"href":"https:\/\/amc.gov.co\/amc\/wp-json\/wp\/v2\/pages\/15148\/revisions\/15209"}],"wp:attachment":[{"href":"https:\/\/amc.gov.co\/amc\/wp-json\/wp\/v2\/media?parent=15148"}],"curies":[{"name":"wp","href":"https:\/\/api.w.org\/{rel}","templated":true}]}}