{"id":14779,"date":"2025-01-24T17:07:33","date_gmt":"2025-01-24T22:07:33","guid":{"rendered":"https:\/\/amc.gov.co\/amc\/?page_id=14779"},"modified":"2026-03-17T14:11:30","modified_gmt":"2026-03-17T19:11:30","slug":"vision-mision","status":"publish","type":"page","link":"https:\/\/amc.gov.co\/amc\/vision-mision\/","title":{"rendered":"Visi\u00f3n Misi\u00f3n"},"content":{"rendered":"<div class=\"vce-row-container\"><div class=\"vce-row vce-row--col-gap-30 vce-row-equal-height vce-row-content--top\" data-vce-full-width=\"true\" data-vce-stretch-content=\"true\" id=\"el-4220dc0e\" data-vce-do-apply=\"all el-4220dc0e\"><div class=\"vce-row-content\" data-vce-element-content=\"true\"><div class=\"vce-col vce-col--md-auto vce-col--xs-1 vce-col--xs-last vce-col--xs-first vce-col--sm-last vce-col--sm-first vce-col--md-last vce-col--lg-last vce-col--xl-last vce-col--md-first vce-col--lg-first vce-col--xl-first\" id=\"el-bca1fb65\"><div class=\"vce-col-inner\" data-vce-do-apply=\"border margin background  el-bca1fb65\"><div class=\"vce-col-content\" data-vce-element-content=\"true\" data-vce-do-apply=\"padding el-bca1fb65\"><div class=\"vce-text-block\"><div class=\"vce-text-block-wrapper vce\" id=\"el-6996f8dc\" data-vce-do-apply=\"all el-6996f8dc\"><nav aria-label=\"breadcrumb\">\n<ol class=\"breadcrumb gov-co-breadcrumb\">\n<li class=\"breadcrumb-item\"><a href=\"https:\/\/amc.gov.co\/amc\/\"><i class=\"fas fa-home\"><\/i> Inicio <\/a><\/li>\n<li class=\"breadcrumb-item active\" aria-current=\"page\"><a href=\"https:\/\/amc.gov.co\/amc\/transparencia-y-acceso-informacion-publica\/\">Transparencia y acceso a la informaci\u00f3n p\u00fablica<\/a><\/li>\n<li class=\"breadcrumb-item active\" aria-current=\"page\"><a href=\"https:\/\/amc.gov.co\/amc\/vision-mision\/\">Misi\u00f3n, visi\u00f3n, funciones y deberes<\/a><\/li>\n<\/ol>\n<\/nav><\/div><\/div><\/div><\/div><\/div><\/div><\/div><\/div><div class=\"vce-row-container\"><div class=\"vce-row vce-row--col-gap-15 vce-row-content--middle\" data-vce-full-width=\"true\" data-vce-stretch-content=\"true\" id=\"el-1ce640f6\" data-vce-do-apply=\"all el-1ce640f6\"><div class=\"vce-content-background-container\"><\/div><div class=\"vce-row-content\" data-vce-element-content=\"true\"><div class=\"vce-col vce-col--xs-100p vce-col--xs-visible vce-col--xs-last vce-col--xs-first vce-col--sm-100p vce-col--sm-visible vce-col--sm-last vce-col--sm-first vce-col--md-90p vce-col--md-visible vce-col--md-last vce-col--md-first vce-col--lg-90p vce-col--lg-visible vce-col--lg-last vce-col--lg-first vce-col--xl-90p vce-col--xl-visible vce-col--xl-last vce-col--xl-first\" id=\"el-a2c733a6\"><div class=\"vce-col-inner\" data-vce-do-apply=\"border margin background  el-a2c733a6\"><div class=\"vce-col-content\" data-vce-element-content=\"true\" data-vce-do-apply=\"padding el-a2c733a6\"><div class=\"vce-text-block\"><div class=\"vce-text-block-wrapper vce\" id=\"el-5ce3cac9\" data-vce-do-apply=\"all el-5ce3cac9\"><h2 style=\"text-align: center;\"><span style=\"font-family: Oswald; font-size: 42pt; font-weight: bold; font-style: normal; color: #3d3d3d;\">VISI\u00d3N, MISI\u00d3N, DEBERES Y FUNCIONES&nbsp;<\/span><\/h2>\n<p style=\"text-align: center;\">&nbsp;<\/p><\/div><\/div><\/div><\/div><\/div><\/div><\/div><\/div><div class=\"vce-row-container\"><div class=\"vce-row vce-row--col-gap-30 vce-row-equal-height vce-row-content--top\" data-vce-full-width=\"true\" data-vce-stretch-content=\"true\" id=\"el-78500af8\" data-vce-do-apply=\"all el-78500af8\"><div class=\"vce-content-background-container\"><\/div><div class=\"vce-row-content\" data-vce-element-content=\"true\"><div class=\"vce-col vce-col--md-80p vce-col--xs-1 vce-col--xs-last vce-col--xs-first vce-col--sm-last vce-col--sm-first vce-col--md-last vce-col--lg-last vce-col--xl-last vce-col--md-first vce-col--lg-first vce-col--xl-first\" id=\"el-82e58e5b\"><div class=\"vce-col-inner\" data-vce-do-apply=\"border margin background  el-82e58e5b\"><div class=\"vce-col-content\" data-vce-element-content=\"true\" data-vce-do-apply=\"padding el-82e58e5b\"><div class=\"vce-text-block\"><div class=\"vce-text-block-wrapper vce\" id=\"el-522c6f3b\" data-vce-do-apply=\"all el-522c6f3b\"><h2 style=\"text-align: left;\"><span style=\"font-family: Oswald; font-size: 48pt; font-weight: bold; font-style: normal; color: #3d3d3d;\">VISI\u00d3N&nbsp;<\/span><\/h2><\/div><\/div><div class=\"vce-single-image-container vce-single-image--align-left\"><div class=\"vce vce-single-image-wrapper\" id=\"el-c9b84b5b\" data-vce-do-apply=\"all el-c9b84b5b\" data-vce-animate=\"vce-o-animate--zoomIn\"><figure><div class=\"vce-single-image-figure-inner\" style=\"width: 1024px;\"><div class=\"vce-single-image-inner vce-single-image--absolute\" style=\"width: 100%; padding-bottom: 75%;\"><img loading=\"lazy\" decoding=\"async\" class=\"vce-single-image\"  width=\"1024\" height=\"768\" src=\"https:\/\/amc.gov.co\/amc\/wp-content\/uploads\/2026\/03\/Grafico-o-Tabla-de-Mision-Vision-Valores-de-la-Empresa-Moderno-y-Creativo-Multicolor-1-1.png\" data-img-src=\"https:\/\/amc.gov.co\/amc\/wp-content\/uploads\/2026\/03\/Grafico-o-Tabla-de-Mision-Vision-Valores-de-la-Empresa-Moderno-y-Creativo-Multicolor-1-1.png\" data-attachment-id=\"17261\"  alt=\"\" title=\"Gr\u00e1fico o Tabla de Misi\u00f3n Visi\u00f3n Valores de la Empresa Moderno y Creativo Multicolor (1)\" \/><\/div><\/div><figcaption hidden=\"\"><\/figcaption><\/figure><\/div><\/div><div class=\"vce-text-block\"><div class=\"vce-text-block-wrapper vce\" id=\"el-c6daf84e\" data-vce-do-apply=\"all el-c6daf84e\"><p><span style=\"font-family: Montserrat; color: #333333;\">Hacia el a\u00f1o 2028, el \u00c1rea Metropolitana de C\u00facuta ser\u00e1 reconocida como una entidad promotora de proyectos, con un contexto administrativo solido y fortalecido con amplia capacidad para la planificaci\u00f3n estrat\u00e9gica, ordenamiento territorial y oferta de servicios t\u00e9cnicos; generadora de pol\u00edticas y estrategias de innovaci\u00f3n, que consoliden un territorio regional competitivo, ambientalmente sostenible y con condiciones de transporte adecuadas e id\u00f3neas, que permiten a los habitantes de los municipio que la conforman el acceso a posibilidades de mejoramiento de la calidad, as\u00ed como los factores socioecon\u00f3micos.<\/span><\/p>\n<p><span style=\"color: #333333;\">&nbsp;<\/span><\/p><\/div><\/div><div class=\"vce-text-block\"><div class=\"vce-text-block-wrapper vce\" id=\"el-48085d30\" data-vce-do-apply=\"all el-48085d30\"><h2 style=\"text-align: left;\"><span style=\"font-family: Oswald; font-size: 48pt; font-weight: bold; font-style: normal; color: #3d3d3d;\">MISI\u00d3N<\/span><\/h2><\/div><\/div><div class=\"vce-single-image-container vce-single-image--align-left\"><div class=\"vce vce-single-image-wrapper\" id=\"el-eee7448d\" data-vce-do-apply=\"all el-eee7448d\" data-vce-animate=\"vce-o-animate--zoomIn\"><figure><div class=\"vce-single-image-figure-inner\" style=\"width: 1024px;\"><div class=\"vce-single-image-inner vce-single-image--absolute\" style=\"width: 100%; padding-bottom: 75%;\"><img loading=\"lazy\" decoding=\"async\" class=\"vce-single-image\"  width=\"1024\" height=\"768\" src=\"https:\/\/amc.gov.co\/amc\/wp-content\/uploads\/2026\/03\/Grafico-o-Tabla-de-Mision-Vision-Valores-de-la-Empresa-Moderno-y-Creativo-Multicolor-1.png\" data-img-src=\"https:\/\/amc.gov.co\/amc\/wp-content\/uploads\/2026\/03\/Grafico-o-Tabla-de-Mision-Vision-Valores-de-la-Empresa-Moderno-y-Creativo-Multicolor-1.png\" data-attachment-id=\"17260\"  alt=\"\" title=\"Gr\u00e1fico o Tabla de Misi\u00f3n Visi\u00f3n Valores de la Empresa Moderno y Creativo Multicolor\" \/><\/div><\/div><figcaption hidden=\"\"><\/figcaption><\/figure><\/div><\/div><div class=\"vce-text-block\"><div class=\"vce-text-block-wrapper vce\" id=\"el-f0763b06\" data-vce-do-apply=\"all el-f0763b06\"><p><span style=\"font-family: Montserrat; color: #333333;\">Promover, programar y coordinar el desarrollo de los municipios metropolitano y de sus habitantes en concordancia con lo establecido en el Plan Integral de Desarrollo Metropolitano, basados en los principios de eficiencia y eficacia, mejorando la calidad de vida de la regi\u00f3n y logrando una din\u00e1mica de territorio enmarcada en las cuatro dimensiones estrat\u00e9gicas del desarrollo como son la social, econ\u00f3mica, institucional y ambiental.<\/span><\/p><p><span style=\"color: #333333;\">&nbsp;<\/span><\/p><\/div><\/div><div class=\"vce-text-block\"><div class=\"vce-text-block-wrapper vce\" id=\"el-c9d03dea\" data-vce-do-apply=\"all el-c9d03dea\"><h2 style=\"text-align: left;\"><span style=\"font-family: Oswald; font-size: 48pt; font-weight: bold; font-style: normal; color: #3d3d3d;\">FUNCIONES Y DEBERES<\/span><\/h2><\/div><\/div><div class=\"vce-text-block\"><div class=\"vce-text-block-wrapper vce\" id=\"el-20d3834f\" data-vce-do-apply=\"all el-20d3834f\"><p>&nbsp;<\/p><p><span style=\"color: #808080; font-size: 12pt; font-family: Montserrat;\">Plan Integral de Desarrollo 2022-2028 \/ Ajuste del 3 de octubre del 2022 Acuerdo Metropolitano No. 03 de 2022&nbsp;<\/span><\/p><\/div><\/div><div class=\"vce-text-block\"><div class=\"vce-text-block-wrapper vce\" id=\"el-428a6f2b\" data-vce-do-apply=\"all el-428a6f2b\"><p>Funciones de las \u00c1reas Metropolitanas: De conformidad con lo establecido en el art\u00edculo 319 de Constituci\u00f3n Pol\u00edtica, son funciones de las \u00c1rea Metropolitana, adem\u00e1s de las conferidas por otras disposiciones legales, las siguientes:<\/p><p>Identificar y regular los Hechos Metropolitanos, de conformidad con lo establecido en la presente ley.<\/p><p>Formular y adoptar el Plan Integral de Desarrollo Metropolitano con perspectiva de largo plazo incluyendo el componente de ordenamiento f\u00edsico territorial de conformidad con las disposiciones legales vigentes, como una norma general de car\u00e1cter obligatorio a las que deben acogerse los Municipios que la conforman al adoptar los planes de ordenamiento territorial en relaci\u00f3n con las materias referidas a los hechos metropolitanos.<\/p><p>La formulaci\u00f3n y adopci\u00f3n del plan integral de desarrollo metropolitano debe efectuarse en consonancia con los planes nacionales de desarrollo y de las entidades territoriales, de manera que se articulen con los lineamientos del sistema nacional de planeaci\u00f3n. En las \u00c1reas Metropolitanas ubicadas en fronteras conurbadas con otro pa\u00eds, donde exista una alta movilidad de su poblaci\u00f3n en ambos sentidos, el Plan Integral de Desarrollo Metropolitano debe realizarse bajo principios que esencialmente consideren su coyuntura territorial particular, a trav\u00e9s de un instrumento transfronterizo, que permita coordinar el desarrollo integral de su realidad urbana-regional desde la perspectiva de la planeaci\u00f3n estrat\u00e9gica. En las \u00c1rea Metropolitanas donde existan Distritos Portuarios, el Plan Integral de Desarrollo Metropolitano deber\u00e1 incorporar las pol\u00edticas que establezca el Gobierno Nacional en la materia.<\/p><p>Formular y adoptar el Plan Estrat\u00e9gico Metropolitano de Ordenamiento Territorial, el cual ser\u00e1 el marco al cual deber\u00e1n acogerse cada uno de los Municipios que Conforman el \u00e1rea, al adoptar los planes de ordenamiento territorial.<\/p><p>Coordinar en su respectivo territorio el sistema nacional de vivienda de inter\u00e9s social y adoptar las pol\u00edticas para el desarrollo de programas metropolitanos de vivienda, de conformidad con las normas vigentes, en concordancia con la Ley 3\u00aa de 1991 y con las pol\u00edticas y programas de la Naci\u00f3n en materia de vivienda de inter\u00e9s social y prioritario.<\/p><p>Crear y\/o participar de la conformaci\u00f3n de bancos inmobiliarios para la gesti\u00f3n del suelo en los municipios de su jurisdicci\u00f3n.<\/p><p>Coordinar, racionalizar y gestionar los servicios p\u00fablicos de car\u00e1cter metropolitano; si a ello hubiere lugar, podr\u00e1 participar en su prestaci\u00f3n de manera subsidiaria cuando no exista un r\u00e9gimen legal que regule su prestaci\u00f3n o cuando existiendo tal regulaci\u00f3n, se acepte que el \u00e1rea metropolitana sea un prestador oficial o autorizado.<\/p><p>Participar en la constituci\u00f3n de entidades p\u00fablicas, mixtas o privadas destinadas a la prestaci\u00f3n de servicios p\u00fablicos, cuando las necesidades de la regi\u00f3n as\u00ed lo ameriten.<\/p><p>Emprender las acciones a que haya lugar para disponer de los predios necesarios para la ejecuci\u00f3n de obras de inter\u00e9s metropolitano.<\/p><p>Ejecutar las obras de car\u00e1cter metropolitano de conformidad con lo establecido en el Plan Integral de Desarrollo Metropolitano, el Plan Estrat\u00e9gico Metropolitano de Ordenamiento Territorial y los planes y programas que lo desarrollen o complementen.<\/p><p>Ejercer las funciones y competencias de autoridad ambiental en el per\u00edmetro urbano de conformidad a lo dispuesto en la ley 99 de 1993.<\/p><p>Apoyar a los municipios que la conforman en la ejecuci\u00f3n de obras para la atenci\u00f3n de situaciones de emergencia o calamidad, en el marco de sus competencias.<\/p><p>Suscribir contratos o convenios plan, en el marco de las disposiciones legales vigentes.<\/p><p>Formular la pol\u00edtica de movilidad regional, en el marco del Plan Estrat\u00e9gico Metropolitano de Ordenamiento Territorial, de conformidad con la jurisdicci\u00f3n de los hechos metropolitanos.<\/p><p>Ejercer la funci\u00f3n de autoridad de transporte p\u00fablico en el \u00e1rea de su jurisdicci\u00f3n de acuerdo con la ley, las autorizaciones y aprobaciones otorgadas conforme a ella.<\/p><p>Formular y adoptar instrumentos para la planificaci\u00f3n y desarrollo del transporte metropolitano, en el marco del Plan Estrat\u00e9gico Metropolitano de Ordenamiento Territorial.<\/p><p>Planificar la prestaci\u00f3n del servicio de transporte p\u00fablico urbano de pasajeros en lo que sea de su competencia, para la integraci\u00f3n f\u00edsica, operacional y tarifaria de los distintos modos de transporte, en coordinaci\u00f3n con los diferentes Sistemas de Transporte Masivo, los SIT y los Sistemas Estrat\u00e9gicos de Transporte, donde existan.<\/p><p>Formular, adoptar e implementar planes para la localizaci\u00f3n, preservaci\u00f3n y uso adecuado de espacios libres para parques y zonas verdes p\u00fablicas.<\/p><p>Las dem\u00e1s que le sean atribuidas por disposici\u00f3n legal o delegadas por parte de otras autoridades, con la respectiva asignaci\u00f3n de recursos para el adecuado cumplimiento de los fines de la administraci\u00f3n p\u00fablica.<\/p><p>Par\u00e1grafo. Los Distritos establecidos en el art\u00edculo 328, Constituci\u00f3n Pol\u00edtica, que, a la entrada en vigencia de la presente ley, ejerzan como autoridad ambiental, conservar\u00e1n dicha competencia.<\/p><\/div><\/div><\/div><\/div><\/div><\/div><\/div><\/div><div class=\"vce-row-container\"><div class=\"vce-row vce-element--has-background vce-row--col-gap-30 vce-row-content--top\" data-vce-full-width=\"true\" data-vce-stretch-content=\"true\" id=\"el-5e2b965a\" data-vce-do-apply=\"all el-5e2b965a\"><div class=\"vce-content-background-container\"><div class=\"vce-asset-background-simple-container vce-visible-all-only vce-asset-background-simple--style-cover vce-asset-background-simple--position-center-top\"><div class=\"vce-asset-background-simple\"><div class=\"vce-asset-background-simple-item\" style=\"background-image: url('http:\/\/proyecto-364.com\/wp-content\/uploads\/2021\/08\/fondo-contadores.png');\"><\/div><\/div><\/div><\/div><div class=\"vce-row-content\" data-vce-element-content=\"true\"><div class=\"vce-col vce-col--md-auto vce-col--xs-1 vce-col--xs-last vce-col--xs-first vce-col--sm-last vce-col--sm-first vce-col--md-first vce-col--lg-first vce-col--xl-first\" id=\"el-76224b78\"><div class=\"vce-col-inner\" data-vce-do-apply=\"border margin background  el-76224b78\"><div class=\"vce-col-content\" data-vce-element-content=\"true\" data-vce-do-apply=\"padding el-76224b78\"><div class=\"vce-text-block\"><div class=\"vce-text-block-wrapper vce\" id=\"el-0ef1e197\" data-vce-do-apply=\"all el-0ef1e197\"><ul class=\"section-imprimir\"><br> \t<li class=\"share-print\" role=\"presentation\"><a title=\"Imprimir\" href=\"javascript:window.print(); void 0;\"><span class=\"fa fa-print fa-2x\" aria-hidden=\"true\"><\/span><span class=\"hidden\">Imprimir<\/span><\/a><\/li><br><\/ul><\/div><\/div><\/div><\/div><\/div><div class=\"vce-col vce-col--md-auto vce-col--xs-1 vce-col--xs-last vce-col--xs-first vce-col--sm-last vce-col--sm-first vce-col--md-last vce-col--lg-last vce-col--xl-last\" id=\"el-593b5dc0\"><div class=\"vce-col-inner\" data-vce-do-apply=\"border margin background  el-593b5dc0\"><div class=\"vce-col-content\" data-vce-element-content=\"true\" data-vce-do-apply=\"padding el-593b5dc0\"><div class=\"vce-text-block\"><div class=\"vce-text-block-wrapper vce\" id=\"el-ee4819ad\" data-vce-do-apply=\"all el-ee4819ad\"><div class=\"section-count\">N\u00famero de visitas a esta p\u00e1gina 0<br>Fecha de publicaci\u00f3n 24 enero, 2025<br>\u00daltima modificaci\u00f3n 17 marzo, 2026<\/div><\/div><\/div><\/div><\/div><\/div><\/div><\/div><\/div>\n","protected":false},"excerpt":{"rendered":"<p>Inicio Transparencia y acceso a la informaci\u00f3n p\u00fablica Misi\u00f3n, visi\u00f3n, funciones y deberes VISI\u00d3N, MISI\u00d3N, DEBERES Y FUNCIONES&nbsp; &nbsp;VISI\u00d3N&nbsp;Hacia el a\u00f1o 2028, el \u00c1rea Metropolitana de C\u00facuta ser\u00e1 reconocida como una entidad promotora de proyectos, con un contexto administrativo solido y fortalecido con amplia capacidad para la planificaci\u00f3n estrat\u00e9gica, ordenamiento territorial y oferta de servicios&hellip; <a class=\"more-link\" href=\"https:\/\/amc.gov.co\/amc\/vision-mision\/\">Seguir leyendo <span class=\"screen-reader-text\">Visi\u00f3n Misi\u00f3n<\/span><\/a><\/p>\n","protected":false},"author":3,"featured_media":0,"parent":0,"menu_order":0,"comment_status":"closed","ping_status":"closed","template":"","meta":{"footnotes":"","_mc_calendar":[],"_joinchat":[]},"_links":{"self":[{"href":"https:\/\/amc.gov.co\/amc\/wp-json\/wp\/v2\/pages\/14779"}],"collection":[{"href":"https:\/\/amc.gov.co\/amc\/wp-json\/wp\/v2\/pages"}],"about":[{"href":"https:\/\/amc.gov.co\/amc\/wp-json\/wp\/v2\/types\/page"}],"author":[{"embeddable":true,"href":"https:\/\/amc.gov.co\/amc\/wp-json\/wp\/v2\/users\/3"}],"replies":[{"embeddable":true,"href":"https:\/\/amc.gov.co\/amc\/wp-json\/wp\/v2\/comments?post=14779"}],"version-history":[{"count":23,"href":"https:\/\/amc.gov.co\/amc\/wp-json\/wp\/v2\/pages\/14779\/revisions"}],"predecessor-version":[{"id":17274,"href":"https:\/\/amc.gov.co\/amc\/wp-json\/wp\/v2\/pages\/14779\/revisions\/17274"}],"wp:attachment":[{"href":"https:\/\/amc.gov.co\/amc\/wp-json\/wp\/v2\/media?parent=14779"}],"curies":[{"name":"wp","href":"https:\/\/api.w.org\/{rel}","templated":true}]}}