{"id":13899,"date":"2024-04-15T18:49:05","date_gmt":"2024-04-15T23:49:05","guid":{"rendered":"https:\/\/amc.gov.co\/amc\/?page_id=13899"},"modified":"2024-04-15T19:08:16","modified_gmt":"2024-04-16T00:08:16","slug":"normatividad-al-transporte-publico-nacional-y-territorial","status":"publish","type":"page","link":"https:\/\/amc.gov.co\/amc\/normatividad-al-transporte-publico-nacional-y-territorial\/","title":{"rendered":"Normatividad al Transporte Publico Nacional y Territorial"},"content":{"rendered":"<div class=\"vce-row-container\"><div class=\"vce-row vce-row--col-gap-30 vce-row-equal-height vce-row-content--top\" data-vce-full-width=\"true\" data-vce-stretch-content=\"true\" id=\"el-dddf25b1\" data-vce-do-apply=\"all el-dddf25b1\"><div class=\"vce-row-content\" data-vce-element-content=\"true\"><div class=\"vce-col vce-col--md-auto vce-col--xs-1 vce-col--xs-last vce-col--xs-first vce-col--sm-last vce-col--sm-first vce-col--md-last vce-col--lg-last vce-col--xl-last vce-col--md-first vce-col--lg-first vce-col--xl-first\" id=\"el-acd45603\"><div class=\"vce-col-inner\" data-vce-do-apply=\"border margin background  el-acd45603\"><div class=\"vce-col-content\" data-vce-element-content=\"true\" data-vce-do-apply=\"padding el-acd45603\"><div class=\"vce-text-block\"><div class=\"vce-text-block-wrapper vce\" id=\"el-553b0760\" data-vce-do-apply=\"all el-553b0760\"><nav aria-label=\"breadcrumb\"><br><ol class=\"breadcrumb gov-co-breadcrumb\"><br><li class=\"breadcrumb-item\"><a href=\"https:\/\/amc.gov.co\/amc\/\"><i class=\"fas fa-home\"><\/i> Inicio <\/a><\/li><br><li class=\"breadcrumb-item active\" aria-current=\"page\"><a href=\"https:\/\/amc.gov.co\/amc\/?page_id=9229\">Transparencia y acceso a la informaci\u00f3n p\u00fablica<\/a><\/li><br><li class=\"breadcrumb-item active\" aria-current=\"page\"><a href=\"https:\/\/amc.gov.co\/amc\/normatividad-al-transporte-publico-nacional-y-territorial\/\">Normatividad al transporte p\u00fablico <\/a><\/li><br><\/ol><br><\/nav><\/div><\/div><\/div><\/div><\/div><\/div><\/div><\/div><div class=\"vce-row-container\"><div class=\"vce-row vce-row--col-gap-30 vce-row-equal-height vce-row-content--top\" data-vce-full-width=\"true\" data-vce-stretch-content=\"true\" id=\"el-dd0ea894\" data-vce-do-apply=\"all el-dd0ea894\"><div class=\"vce-row-content\" data-vce-element-content=\"true\"><div class=\"vce-col vce-col--md-10p vce-col--xs-1 vce-col--xs-last vce-col--xs-first vce-col--sm-last vce-col--sm-first vce-col--md-first vce-col--lg-first vce-col--xl-first\" id=\"el-22e254a5\"><div class=\"vce-col-inner\" data-vce-do-apply=\"border margin background  el-22e254a5\"><div class=\"vce-col-content\" data-vce-element-content=\"true\" data-vce-do-apply=\"padding el-22e254a5\"><div><\/div><\/div><\/div><\/div><div class=\"vce-col vce-col--md-80p vce-col--xs-1 vce-col--xs-last vce-col--xs-first vce-col--sm-last vce-col--sm-first\" id=\"el-d87e7e60\"><div class=\"vce-col-inner\" data-vce-do-apply=\"border margin background  el-d87e7e60\"><div class=\"vce-col-content\" data-vce-element-content=\"true\" data-vce-do-apply=\"padding el-d87e7e60\"><div class=\"vce-text-block\"><div class=\"vce-text-block-wrapper vce\" id=\"el-31604034\" data-vce-do-apply=\"all el-31604034\"><p style=\"text-align: center;\"><strong><span style=\"font-family: Montserrat; font-size: 24pt;\">NORMATIVIDAD AL TRANSPORTE P\u00daBLICO NACIONAL Y TERRITORIAL<\/span><\/strong><\/p>\n<p>&nbsp;<\/p>\n<p>&nbsp;<\/p><\/div><\/div><div class=\"vce-widgets-container\"><div class=\"vce vce-widgets-wrapper\" id=\"el-d4236828\" data-vce-do-apply=\"all el-d4236828\"><div class=\"textwidget custom-html-widget\"><div class=\"accordion-govco\" id=\"NormatividadTransporte\">\n <div class=\"card\">\n    <div class=\"card-header\" id=\"OrdenTerritorial\">\n      <h2 class=\"mb-0\">\n        <a\n          class=\"btn btn-link collapsed\"\n          data-toggle=\"collapse\"\n          data-target=\"#NormatividadOT\"\n          aria-expanded=\"false\"\n          aria-controls=\"NormatividadOT\"\n          ><\/span\n          ><span class=\"headline-m-govco\">Normatividad Orden Territorial - Sujeto Obligado \u00c1rea Metropoltiana de C\u00facuta<\/span>\n          <span class=\"govco-icon govco-icon-dropdown-v2\"><\/span\n        ><\/a>\n      <\/h2>\n    <\/div>\n    <div\n      id=\"NormatividadOT\"\n      class=\"collapse\"\n      aria-labelledby=\"OrdenTerritorial\"\n      data-parent=\"#NormatividadTransporte\"\n    >\n      <div class=\"card-body\">\n        <ul>\n\t\t\t<li><div id=\"footable_parent_13897\"\n     class=\"footable_parent ninja_table_wrapper loading_ninja_table wp_table_data_press_parent bootstrap4 \">\n                <table data-ninja_table_instance=\"ninja_table_instance_0\" data-footable_id=\"13897\" data-filter-delay=\"1000\" aria-label=\"Normatividad Territorial\"            id=\"footable_13897\"\n           data-unique_identifier=\"ninja_table_unique_id_1825411040_13897\"\n           class=\" foo-table ninja_footable foo_table_13897 ninja_table_unique_id_1825411040_13897 table  nt_search_full_width nt_type_ajax_table table-striped hide_vertical_borders vertical_centered  footable-paging-center ninjatable_hide_header_row\">\n                <colgroup>\n                            <col class=\"ninja_column_0 \">\n                    <\/colgroup>\n            <\/table>\n                    <style type=\"text\/css\" id='ninja_table_custom_css_13897'>\n                        #footable_13897  {\n        font-family: inherit;\n        font-size: 14px;\n    }\n\n.foo-table .form-inline {\n   \/* display: grid!important;*\/\n}\n\n.input-group {\n    width: 100%!important;\n}\n\ninput.form-control {\n    float: left!important;\n    width: 100%!important;\n}\n\n.input-group-btn {\n    text-align: left;\n}\n\n\n\n.col-md-80 {\n    text-align: justify;\n    width: 60%;\n   \n   \/* padding-top: 30px;*\/\n}\n\n.col-md-20 {\n    width: 40%;\n    padding-left: 30px;\n}\n\n.tablas-presupuestos li {\n    float: left;\n}\n\n.tablas-presupuestos p {\n    font-size:12px;\n    text-align: justify;\n}\n\n.tablas-presupuestos a {\n   Color: #846213!important;\n   font-size:12px;\n}\n\n\n\n\n.tablas-presupuestos img {\n    max-width: 60%;\n    \/*padding-top: 10px;\n    padding-bottom: 10px;*\/\n}                <\/style>\n                \n    \n    \n<\/div>\n<\/li>\n          \t<\/ul>\n      <\/div>\n    <\/div>\n  <\/div>\n  \n   <div class=\"card\">\n    <div class=\"card-header\" id=\"OrdenNacional\">\n      <h2 class=\"mb-0\">\n        <a\n          class=\"btn btn-link collapsed\"\n          data-toggle=\"collapse\"\n          data-target=\"#NormatividadON\"\n          aria-expanded=\"false\"\n          aria-controls=\"NormatividadON\"\n          ><\/span\n          ><span class=\"headline-m-govco\">Normatividad Orden Nacional - Politica P\u00fablica Transito y Transporte<\/span>\n          <span class=\"govco-icon govco-icon-dropdown-v2\"><\/span\n        ><\/a>\n      <\/h2>\n    <\/div>\n    <div\n      id=\"NormatividadON\"\n      class=\"collapse\"\n      aria-labelledby=\"OrdenNacional\"\n      data-parent=\"#NormatividadTransporte\"\n    >\n      <div class=\"card-body\">\n        <ul>\n\t\t\t<li><div id=\"footable_parent_13898\"\n     class=\"footable_parent ninja_table_wrapper loading_ninja_table wp_table_data_press_parent bootstrap4 \">\n                <table data-ninja_table_instance=\"ninja_table_instance_1\" data-footable_id=\"13898\" data-filter-delay=\"1000\" aria-label=\"Normatividad Nacional\"            id=\"footable_13898\"\n           data-unique_identifier=\"ninja_table_unique_id_915340253_13898\"\n           class=\" foo-table ninja_footable foo_table_13898 ninja_table_unique_id_915340253_13898 table  nt_search_full_width nt_type_ajax_table table-striped hide_vertical_borders vertical_centered  footable-paging-center ninjatable_hide_header_row\">\n                <colgroup>\n                            <col class=\"ninja_column_0 \">\n                    <\/colgroup>\n            <\/table>\n                    <style type=\"text\/css\" id='ninja_table_custom_css_13897'>\n                        #footable_13897  {\n        font-family: inherit;\n        font-size: 14px;\n    }\n\n.foo-table .form-inline {\n   \/* display: grid!important;*\/\n}\n\n.input-group {\n    width: 100%!important;\n}\n\ninput.form-control {\n    float: left!important;\n    width: 100%!important;\n}\n\n.input-group-btn {\n    text-align: left;\n}\n\n\n\n.col-md-80 {\n    text-align: justify;\n    width: 60%;\n   \n   \/* padding-top: 30px;*\/\n}\n\n.col-md-20 {\n    width: 40%;\n    padding-left: 30px;\n}\n\n.tablas-presupuestos li {\n    float: left;\n}\n\n.tablas-presupuestos p {\n    font-size:12px;\n    text-align: justify;\n}\n\n.tablas-presupuestos a {\n   Color: #846213!important;\n   font-size:12px;\n}\n\n\n\n\n.tablas-presupuestos img {\n    max-width: 60%;\n    \/*padding-top: 10px;\n    padding-bottom: 10px;*\/\n}                <\/style>\n                                <style type=\"text\/css\" id='ninja_table_custom_css_13898'>\n                        #footable_13898  {\n        font-family: inherit;\n        font-size: 14px;\n    }\n\n.foo-table .form-inline {\n   \/* display: grid!important;*\/\n}\n\n.input-group {\n    width: 100%!important;\n}\n\ninput.form-control {\n    float: left!important;\n    width: 100%!important;\n}\n\n.input-group-btn {\n    text-align: left;\n}\n\n\n\n.col-md-80 {\n    text-align: justify;\n    width: 60%;\n   \n   \/* padding-top: 30px;*\/\n}\n\n.col-md-20 {\n    width: 40%;\n    padding-left: 30px;\n}\n\n.tablas-presupuestos li {\n    float: left;\n}\n\n.tablas-presupuestos p {\n    font-size:12px;\n    text-align: justify;\n}\n\n.tablas-presupuestos a {\n   Color: #846213!important;\n   font-size:12px;\n}\n\n\n\n\n.tablas-presupuestos img {\n    max-width: 60%;\n    \/*padding-top: 10px;\n    padding-bottom: 10px;*\/\n}                <\/style>\n                \n    \n    \n<\/div>\n<\/li>\n          \t<\/ul>\n      <\/div>\n    <\/div>\n  <\/div>\n<\/div><\/div><\/div><\/div><\/div><\/div><\/div><div class=\"vce-col vce-col--md-10p vce-col--xs-1 vce-col--xs-last vce-col--xs-first vce-col--sm-last vce-col--sm-first vce-col--md-last vce-col--lg-last vce-col--xl-last\" id=\"el-1950e770\"><div class=\"vce-col-inner\" data-vce-do-apply=\"border margin background  el-1950e770\"><div class=\"vce-col-content\" data-vce-element-content=\"true\" data-vce-do-apply=\"padding el-1950e770\"><div><\/div><\/div><\/div><\/div><\/div><\/div><\/div><div class=\"vce-row-container\"><div class=\"vce-row vce-element--has-background vce-row--col-gap-30 vce-row-content--top\" data-vce-full-width=\"true\" data-vce-stretch-content=\"true\" id=\"el-53fa177f\" data-vce-do-apply=\"all el-53fa177f\"><div class=\"vce-content-background-container\"><div class=\"vce-asset-background-simple-container vce-visible-all-only vce-asset-background-simple--style-cover vce-asset-background-simple--position-center-top\"><div class=\"vce-asset-background-simple\">\n              <div class=\"vce-asset-background-simple-item vcv-lozad\" data-background-image=\"https:\/\/www.aunap.gov.co\/wp-content\/uploads\/2021\/08\/fondo-contadores.png\"><\/div>\n              <noscript>\n                <div class=\"vce-asset-background-simple-item\" style=\"background-image: url(https:\/\/www.aunap.gov.co\/wp-content\/uploads\/2021\/08\/fondo-contadores.png)\"><\/div>\n              <\/noscript>\n            <\/div><\/div><\/div><div class=\"vce-row-content\" data-vce-element-content=\"true\"><div class=\"vce-col vce-col--md-auto vce-col--xs-1 vce-col--xs-last vce-col--xs-first vce-col--sm-last vce-col--sm-first vce-col--md-first vce-col--lg-first vce-col--xl-first\" id=\"el-2feb329c\"><div class=\"vce-col-inner\" data-vce-do-apply=\"border margin background  el-2feb329c\"><div class=\"vce-col-content\" data-vce-element-content=\"true\" data-vce-do-apply=\"padding el-2feb329c\"><div class=\"vce-text-block\"><div class=\"vce-text-block-wrapper vce\" id=\"el-8e33d392\" data-vce-do-apply=\"all el-8e33d392\"><ul class=\"section-imprimir\"><br> \t<li class=\"share-print\" role=\"presentation\"><a title=\"Imprimir\" href=\"javascript:window.print(); void 0;\"><span class=\"fa fa-print fa-2x\" aria-hidden=\"true\"><\/span><span class=\"hidden\">Imprimir<\/span><\/a><\/li><br><\/ul><\/div><\/div><\/div><\/div><\/div><div class=\"vce-col vce-col--md-auto vce-col--xs-1 vce-col--xs-last vce-col--xs-first vce-col--sm-last vce-col--sm-first vce-col--md-last vce-col--lg-last vce-col--xl-last\" id=\"el-fcf78d0a\"><div class=\"vce-col-inner\" data-vce-do-apply=\"border margin background  el-fcf78d0a\"><div class=\"vce-col-content\" data-vce-element-content=\"true\" data-vce-do-apply=\"padding el-fcf78d0a\"><div class=\"vce-text-block\"><div class=\"vce-text-block-wrapper vce\" id=\"el-383adcb2\" data-vce-do-apply=\"all el-383adcb2\"><div class=\"section-count\">N\u00famero de visitas a esta p\u00e1gina 0<br>Fecha de publicaci\u00f3n 15 abril, 2024<br>\u00daltima modificaci\u00f3n 15 abril, 2024<\/div><\/div><\/div><\/div><\/div><\/div><\/div><\/div><\/div>","protected":false},"excerpt":{"rendered":"<p>Inicio Transparencia y acceso a la informaci\u00f3n p\u00fablicaNormatividad al transporte p\u00fablico NORMATIVIDAD AL TRANSPORTE P\u00daBLICO NACIONAL Y TERRITORIAL &nbsp; &nbsp; ImprimirN\u00famero de visitas a esta p\u00e1gina Fecha de publicaci\u00f3n \u00daltima modificaci\u00f3n<\/p>\n","protected":false},"author":3,"featured_media":0,"parent":0,"menu_order":0,"comment_status":"closed","ping_status":"closed","template":"","meta":{"footnotes":"","_mc_calendar":[],"_joinchat":[]},"_links":{"self":[{"href":"https:\/\/amc.gov.co\/amc\/wp-json\/wp\/v2\/pages\/13899"}],"collection":[{"href":"https:\/\/amc.gov.co\/amc\/wp-json\/wp\/v2\/pages"}],"about":[{"href":"https:\/\/amc.gov.co\/amc\/wp-json\/wp\/v2\/types\/page"}],"author":[{"embeddable":true,"href":"https:\/\/amc.gov.co\/amc\/wp-json\/wp\/v2\/users\/3"}],"replies":[{"embeddable":true,"href":"https:\/\/amc.gov.co\/amc\/wp-json\/wp\/v2\/comments?post=13899"}],"version-history":[{"count":8,"href":"https:\/\/amc.gov.co\/amc\/wp-json\/wp\/v2\/pages\/13899\/revisions"}],"predecessor-version":[{"id":13908,"href":"https:\/\/amc.gov.co\/amc\/wp-json\/wp\/v2\/pages\/13899\/revisions\/13908"}],"wp:attachment":[{"href":"https:\/\/amc.gov.co\/amc\/wp-json\/wp\/v2\/media?parent=13899"}],"curies":[{"name":"wp","href":"https:\/\/api.w.org\/{rel}","templated":true}]}}