{"id":132,"date":"2021-12-28T23:37:52","date_gmt":"2021-12-29T04:37:52","guid":{"rendered":"https:\/\/amc.royaltech.dev\/?page_id=8043"},"modified":"2024-01-28T01:13:53","modified_gmt":"2024-01-28T06:13:53","slug":"cucuta","status":"publish","type":"page","link":"https:\/\/amc.gov.co\/amc\/cucuta\/","title":{"rendered":"Cucuta"},"content":{"rendered":"<div class=\"vce-row-container\"><div class=\"vce-row vce-row--col-gap-30 vce-row-equal-height vce-row-content--top\" data-vce-full-width=\"true\" data-vce-stretch-content=\"true\" id=\"el-b0a3866b\" data-vce-do-apply=\"all el-b0a3866b\"><div class=\"vce-row-content\" data-vce-element-content=\"true\"><div class=\"vce-col vce-col--md-auto vce-col--xs-1 vce-col--xs-last vce-col--xs-first vce-col--sm-last vce-col--sm-first vce-col--md-last vce-col--lg-last vce-col--xl-last vce-col--md-first vce-col--lg-first vce-col--xl-first\" id=\"el-284dbada\"><div class=\"vce-col-inner\" data-vce-do-apply=\"border margin background  el-284dbada\"><div class=\"vce-col-content\" data-vce-element-content=\"true\" data-vce-do-apply=\"padding el-284dbada\"><div class=\"vce-text-block\"><div class=\"vce-text-block-wrapper vce\" id=\"el-a01e1ebc\" data-vce-do-apply=\"all el-a01e1ebc\"><nav aria-label=\"breadcrumb\"><br><ol class=\"breadcrumb gov-co-breadcrumb\"><br> \t<li class=\"breadcrumb-item\"><a href=\"\/\"><i class=\"fas fa-home\"><\/i> Inicio <\/a><\/li><br> \t<li class=\"breadcrumb-item active\" aria-current=\"page\"><a href=\"\/cucuta\/\">Cucuta<\/a><\/li><br><\/ol><br><\/nav><\/div><\/div><\/div><\/div><\/div><\/div><\/div><\/div><div class=\"vce-row-container\"><div class=\"vce-row vce-row--col-gap-30 vce-row-equal-height vce-row-content--top\" data-vce-full-width=\"true\" data-vce-stretch-content=\"true\" id=\"el-f5da33a3\" data-vce-do-apply=\"all el-f5da33a3\"><div class=\"vce-row-content\" data-vce-element-content=\"true\"><div class=\"vce-col vce-col--md-20p vce-col--xs-1 vce-col--xs-last vce-col--xs-first vce-col--sm-last vce-col--sm-first vce-col--md-first vce-col--lg-first vce-col--xl-first\" id=\"el-92d8d1f9\"><div class=\"vce-col-inner\" data-vce-do-apply=\"border margin background  el-92d8d1f9\"><div class=\"vce-col-content\" data-vce-element-content=\"true\" data-vce-do-apply=\"padding el-92d8d1f9\"><div><\/div><\/div><\/div><\/div><div class=\"vce-col vce-col--md-30p vce-col--xs-1 vce-col--xs-last vce-col--xs-first vce-col--sm-last vce-col--sm-first\" id=\"el-56e2a8dd\"><div class=\"vce-col-inner\" data-vce-do-apply=\"border margin background  el-56e2a8dd\"><div class=\"vce-col-content\" data-vce-element-content=\"true\" data-vce-do-apply=\"padding el-56e2a8dd\"><div class=\"vce-text-block\"><div class=\"vce-text-block-wrapper vce\" id=\"el-58fbfe19\" data-vce-do-apply=\"all el-58fbfe19\"><h1>&nbsp;<\/h1>\n<h1>&nbsp;<\/h1>\n<h1><span style=\"font-family: Montserrat; font-size: 24pt;\">Cucuta<\/span><\/h1>\n<p>Alcalde: <strong>Jorge Enrique Acevedo Pe\u00f1aloza<\/strong><br>Fundada 17 junio de 1733<br>Habitantes 777.101<\/p><\/div><\/div><\/div><\/div><\/div><div class=\"vce-col vce-col--md-30p vce-col--xs-1 vce-col--xs-last vce-col--xs-first vce-col--sm-last vce-col--sm-first\" id=\"el-529cdc4c\"><div class=\"vce-col-inner\" data-vce-do-apply=\"border margin background  el-529cdc4c\"><div class=\"vce-col-content\" data-vce-element-content=\"true\" data-vce-do-apply=\"padding el-529cdc4c\"><div class=\"vce-single-image-container vce-single-image--align-center\"><div class=\"vce vce-single-image-wrapper\" id=\"el-60254e69\" data-vce-do-apply=\"all el-60254e69\"><figure><div class=\"vce-single-image-figure-inner\" style=\"width: 400px;\"><div class=\"vce-single-image-inner vce-single-image--absolute vce-single-image--border-round\" style=\"width: 100%; padding-bottom: 100%;\"><img loading=\"lazy\" decoding=\"async\" class=\"vce-single-image\"  width=\"400\" height=\"400\" srcset=\"https:\/\/amc.gov.co\/amc\/wp-content\/uploads\/2024\/01\/Jorge-Enrique-Acevedo-Penaloza-320x320.jpg 320w, https:\/\/amc.gov.co\/amc\/wp-content\/uploads\/2024\/01\/Jorge-Enrique-Acevedo-Penaloza-400x400.jpg 400w\" src=\"https:\/\/amc.gov.co\/amc\/wp-content\/uploads\/2024\/01\/Jorge-Enrique-Acevedo-Penaloza-400x400.jpg\" data-img-src=\"https:\/\/amc.gov.co\/amc\/wp-content\/uploads\/2024\/01\/Jorge-Enrique-Acevedo-Penaloza.jpg\" data-attachment-id=\"13534\"  alt=\"Jorge Enrique Acevedo Pe\u00f1aloza\" title=\"Jorge Enrique Acevedo Pe\u00f1aloza\" \/><\/div><\/div><figcaption>Jorge Enrique Acevedo Pe\u00f1aloza<\/figcaption><\/figure><\/div><\/div><\/div><\/div><\/div><div class=\"vce-col vce-col--md-20p vce-col--xs-1 vce-col--xs-last vce-col--xs-first vce-col--sm-last vce-col--sm-first vce-col--md-last vce-col--lg-last vce-col--xl-last\" id=\"el-c4a52198\"><div class=\"vce-col-inner\" data-vce-do-apply=\"border margin background  el-c4a52198\"><div class=\"vce-col-content\" data-vce-element-content=\"true\" data-vce-do-apply=\"padding el-c4a52198\"><div><\/div><\/div><\/div><\/div><\/div><\/div><\/div><div class=\"vce-row-container\" data-vce-boxed-width=\"true\"><div class=\"vce-row vce-row--col-gap-30 vce-row-equal-height vce-row-content--top\" id=\"el-99e318db\" data-vce-do-apply=\"all el-99e318db\"><div class=\"vce-row-content\" data-vce-element-content=\"true\"><div class=\"vce-col vce-col--md-auto vce-col--xs-1 vce-col--xs-last vce-col--xs-first vce-col--sm-last vce-col--sm-first vce-col--md-last vce-col--lg-last vce-col--xl-last vce-col--md-first vce-col--lg-first vce-col--xl-first\" id=\"el-4a6ea0a5\"><div class=\"vce-col-inner\" data-vce-do-apply=\"border margin background  el-4a6ea0a5\"><div class=\"vce-col-content\" data-vce-element-content=\"true\" data-vce-do-apply=\"padding el-4a6ea0a5\"><div><\/div><\/div><\/div><\/div><\/div><\/div><\/div><div class=\"vce-row-container\"><div class=\"vce-row vce-row--col-gap-30 vce-row-equal-height vce-row-content--top\" data-vce-full-width=\"true\" data-vce-stretch-content=\"true\" id=\"el-7121a417\" data-vce-do-apply=\"all el-7121a417\"><div class=\"vce-row-content\" data-vce-element-content=\"true\"><div class=\"vce-col vce-col--md-auto vce-col--xs-1 vce-col--xs-last vce-col--xs-first vce-col--sm-last vce-col--sm-first vce-col--md-last vce-col--lg-last vce-col--xl-last vce-col--md-first vce-col--lg-first vce-col--xl-first\" id=\"el-ae2a6644\"><div class=\"vce-col-inner\" data-vce-do-apply=\"border margin background  el-ae2a6644\"><div class=\"vce-col-content\" data-vce-element-content=\"true\" data-vce-do-apply=\"padding el-ae2a6644\"><div class=\"vce-text-block\"><div class=\"vce-text-block-wrapper vce\" id=\"el-ffdf581b\" data-vce-do-apply=\"all el-ffdf581b\"><strong>Zona Urbana<\/strong><br><br>San Jos\u00e9 de C\u00facuta, municipio capital del departamento de Norte de Santander y n\u00facleo del \u00c1rea Metropolitana de C\u00facuta, con una temperatura entre los 28 y 37 grados, se sit\u00faa en el valle hom\u00f3nimo, al pie de la Cordillera Oriental de los Andes Colombianos y comprende una superficie aproximada de 1119 km\u00b2, con un \u00e1rea urbana de 64 km\u00b2 -dividida en 10 comunas- y un \u00e1rea rural de 1055 km\u00b2, dividida en 10 corregimientos. Identificado como el municipio m\u00e1s poblado del departamento y el sexto municipio m\u00e1s poblado del pa\u00eds, su \u00c1rea Metropolitana est\u00e1 conformada por los municipios de Villa del Rosario, Los Patios, El Zulia, San Cayetano y Puerto Santander.<br><br><strong>Historia<\/strong><br><br>Fue fundada en el a\u00f1o 1733 en terrenos donados por Do\u00f1a Juana Rangel de Cuellar.<br><br>Posteriormente en el a\u00f1o 1875 sufre un devastador terremoto, que dio pie para ser reconstruida en el mismo lugar, siguiendo los planes del ingeniero venezolano Francisco de Paula Andrade Troconis.<br><br>En San Jos\u00e9 de C\u00facuta se instal\u00f3 el primer ferrocarril privado del pa\u00eds, la primera instalaci\u00f3n de servicio telef\u00f3nico en el a\u00f1o 1890 y la primera instalaci\u00f3n de alumbrado p\u00fablico el\u00e9ctrico en el a\u00f1o 1897. Su actividad econ\u00f3mica principal es el comercio.<br><br>La Historia de C\u00facuta se remonta a la llegada de los conquistadores espa\u00f1oles al continente americano, cuando era un asentamiento precolombino que Pedro de Urs\u00faa le dio en encomienda a Sebasti\u00e1n Lorenzo en 1550. La conducta hostil de los indios Motilones para con los habitantes blancos del valle, fue factor determinante para que se construyera una parroquia que llevar\u00eda el nombre de \u201cPatriarca San Jos\u00e9\u201d. Juana Rangel de Cu\u00e9llar don\u00f3 782 hect\u00e1reas en el sitio Guaimaral y se inici\u00f3 la formaci\u00f3n del poblado. La iglesia fue el centro alrededor de la cual se fund\u00f3 el pueblo de C\u00facuta, la cual tuvo un considerable progreso debido al comercio.<br><br>La ciudad fue cuna del n\u00facleo humano m\u00e1s significativo de la historia de Colombia, donde nacieron hombres como Francisco de Paula Santander, Fernando Galvis C\u00e1ceres, Pedro Fortul, Mercedes Abrego, Francisco Montes de Oca y Juan Nepomuceno Piedor.<br><br>En 1875, C\u00facuta ocupaba un \u00e1rea de 2,5 km\u00b2 y abrigaba en sus 52 manzanas de casas a unos 12 mil habitantes. Pose\u00eda tres iglesias: la Catedral de San Jos\u00e9, la del Carmen (ubicada al costado de la Biblioteca P\u00fablica Julio P\u00e9rez Ferrero) y la de San Antonio. Ten\u00eda tambi\u00e9n la Casa Municipal, dos teatros, un gran mercado cubierto, locales para escuelas, un magn\u00edfico hospital (San Juan de Dios) y se levantaba un puente de siete arcos sobre el r\u00edo Pamplonita.<br><br>En la actualidad, el \u00e1rea de la ciudad es de 1.176 km\u00b2 y se destaca por ser una de las ciudades principales de Colombia. Tiene una aglomeraci\u00f3n urbana oficialmente constituida (denominada \u00c1rea Metropolitana de C\u00facuta), cuya poblaci\u00f3n asciende a m\u00e1s de 1\u2019200.000 personas. Tanto en su poblaci\u00f3n neta como en la de su conurbaci\u00f3n ocupa el puesto n\u00famero cinco a nivel nacional.<br><br>Cultura, turismo y gastronom\u00eda C\u00facuta es una ciudad cuya memoria est\u00e1 ligada al desarrollo e integraci\u00f3n por su naturaleza binacional. Culturalmente, ha sido y es una ciudad de m\u00faltiples y diversas identidades, puente de la integraci\u00f3n colombo-venezolana. Es conocida por su gastronom\u00eda diversa como el mute, el pastel de garbanzo, el cortado de leche de cabra, el mazato, la turmada, el cabrito y los caldos de pich\u00f3n y venas. Destacan de sus escenarios culturales la Biblioteca P\u00fablica Julio P\u00e9rez Ferrero, el \u00c1rea Cultural del Banco de la Rep\u00fablica, el Centro Cultural Quinta Teresa, la Casa Museo Torre del Reloj, el Museo Norte de Santander y Ciudad de C\u00facuta, el Monumento a Cristo Rey y teatros como el Zulima o Las Casacadas, ubicado en el emblem\u00e1tico paseo tur\u00edsticos del Malec\u00f3n, en la rivera del R\u00edo Pamplonita.<br><br><strong>Econom\u00eda<\/strong><br><br>Su localizaci\u00f3n en la zona lim\u00edtrofe entre Colombia y Venezuela ha permitido que existan fuertes v\u00ednculos de intercambio econ\u00f3mico, convirti\u00e9ndola en una ciudad mayormente dedicada al comercio, no dejando de tener presencia industrial de en los sectores l\u00e1cteo, textil, de calzado y construcci\u00f3n. Adem\u00e1s, es un productor de cemento de primer orden y la industria de la arcilla, la miner\u00eda y el gres tienen gran reconocimiento a nivel nacional e internacional por su alt\u00edsima calidad.<br>Su destino econ\u00f3mico y cultural est\u00e1 fuertemente atado a su situaci\u00f3n fronteriza. Lo que sucede en Venezuela repercute ampliamente en la ciudad, que ha visto \u00e9pocas de crisis y bonanza en sinton\u00eda con lo que sucede en el vecino pa\u00eds. Grandes empresas se han establecido en la ciudad y se han emprendido obras p\u00fablicas de gran magnitud, como el Aeropuerto Internacional Camilo Daza, que funciona desde la d\u00e9cada de 1970. En tiempos recientes se han construido centros comerciales y se han adecuado muchas v\u00edas, entre las que destaca el proyecto Anillo Vial.<br><br><strong>Principales Festividades<\/strong><br><br>Fiestas del Patrono San Jos\u00e9 \u2013 19 de Marzo.<br>Fiestas y Ferias Julianas \u2013 Julio.<br>Feria Agropecuaria \u2013 Del 16 al 20 de Julio.<br>D\u00eda del Ni\u00f1o \u2013 26 de Abril.<br>Batalla de C\u00facuta: 28 de febrero.<\/div><\/div><\/div><\/div><\/div><\/div><\/div><\/div><div class=\"vce-row-container\"><div class=\"vce-row vce-element--has-background vce-row--col-gap-30 vce-row-content--top\" data-vce-full-width=\"true\" data-vce-stretch-content=\"true\" id=\"el-648a493b\" data-vce-do-apply=\"all el-648a493b\"><div class=\"vce-content-background-container\"><div class=\"vce-asset-background-simple-container vce-visible-all-only vce-asset-background-simple--style-cover vce-asset-background-simple--position-center-top\"><div class=\"vce-asset-background-simple\"><div class=\"vce-asset-background-simple-item\" style=\"background-image: url('http:\/\/proyecto-364.com\/wp-content\/uploads\/2021\/08\/fondo-contadores.png');\"><\/div><\/div><\/div><\/div><div class=\"vce-row-content\" data-vce-element-content=\"true\"><div class=\"vce-col vce-col--md-auto vce-col--xs-1 vce-col--xs-last vce-col--xs-first vce-col--sm-last vce-col--sm-first vce-col--md-first vce-col--lg-first vce-col--xl-first\" id=\"el-bd754fab\"><div class=\"vce-col-inner\" data-vce-do-apply=\"border margin background  el-bd754fab\"><div class=\"vce-col-content\" data-vce-element-content=\"true\" data-vce-do-apply=\"padding el-bd754fab\"><div class=\"vce-text-block\"><div class=\"vce-text-block-wrapper vce\" id=\"el-9bc921f5\" data-vce-do-apply=\"all el-9bc921f5\"><ul class=\"section-imprimir\"><br> \t<li class=\"share-print\" role=\"presentation\"><a title=\"Imprimir\" href=\"javascript:window.print(); void 0;\"><span class=\"fa fa-print fa-2x\" aria-hidden=\"true\"><\/span><span class=\"hidden\">Imprimir<\/span><\/a><\/li><br><\/ul><\/div><\/div><\/div><\/div><\/div><div class=\"vce-col vce-col--md-auto vce-col--xs-1 vce-col--xs-last vce-col--xs-first vce-col--sm-last vce-col--sm-first vce-col--md-last vce-col--lg-last vce-col--xl-last\" id=\"el-ba6475c9\"><div class=\"vce-col-inner\" data-vce-do-apply=\"border margin background  el-ba6475c9\"><div class=\"vce-col-content\" data-vce-element-content=\"true\" data-vce-do-apply=\"padding el-ba6475c9\"><div class=\"vce-text-block\"><div class=\"vce-text-block-wrapper vce\" id=\"el-2417395e\" data-vce-do-apply=\"all el-2417395e\"><div class=\"section-count\">N\u00famero de visitas a esta p\u00e1gina 0<br>Fecha de publicaci\u00f3n 28 diciembre, 2021<br>\u00daltima modificaci\u00f3n 28 enero, 2024<\/div><\/div><\/div><\/div><\/div><\/div><\/div><\/div><\/div>","protected":false},"excerpt":{"rendered":"<p>Inicio Cucuta&nbsp; &nbsp; Cucuta Alcalde: Jorge Enrique Acevedo Pe\u00f1alozaFundada 17 junio de 1733Habitantes 777.101Jorge Enrique Acevedo Pe\u00f1alozaZona UrbanaSan Jos\u00e9 de C\u00facuta, municipio capital del departamento de Norte de Santander y n\u00facleo del \u00c1rea Metropolitana de C\u00facuta, con una temperatura entre los 28 y 37 grados, se sit\u00faa en el valle hom\u00f3nimo, al pie de la&hellip; <a class=\"more-link\" href=\"https:\/\/amc.gov.co\/amc\/cucuta\/\">Seguir leyendo <span class=\"screen-reader-text\">Cucuta<\/span><\/a><\/p>\n","protected":false},"author":1,"featured_media":0,"parent":0,"menu_order":0,"comment_status":"closed","ping_status":"closed","template":"","meta":{"footnotes":"","_joinchat":[]},"_links":{"self":[{"href":"https:\/\/amc.gov.co\/amc\/wp-json\/wp\/v2\/pages\/132"}],"collection":[{"href":"https:\/\/amc.gov.co\/amc\/wp-json\/wp\/v2\/pages"}],"about":[{"href":"https:\/\/amc.gov.co\/amc\/wp-json\/wp\/v2\/types\/page"}],"author":[{"embeddable":true,"href":"https:\/\/amc.gov.co\/amc\/wp-json\/wp\/v2\/users\/1"}],"replies":[{"embeddable":true,"href":"https:\/\/amc.gov.co\/amc\/wp-json\/wp\/v2\/comments?post=132"}],"version-history":[{"count":6,"href":"https:\/\/amc.gov.co\/amc\/wp-json\/wp\/v2\/pages\/132\/revisions"}],"predecessor-version":[{"id":13535,"href":"https:\/\/amc.gov.co\/amc\/wp-json\/wp\/v2\/pages\/132\/revisions\/13535"}],"wp:attachment":[{"href":"https:\/\/amc.gov.co\/amc\/wp-json\/wp\/v2\/media?parent=132"}],"curies":[{"name":"wp","href":"https:\/\/api.w.org\/{rel}","templated":true}]}}