{"id":128,"date":"2021-12-28T23:39:06","date_gmt":"2021-12-29T04:39:06","guid":{"rendered":"https:\/\/amc.royaltech.dev\/?page_id=8051"},"modified":"2024-01-28T00:58:29","modified_gmt":"2024-01-28T05:58:29","slug":"puerto-santander","status":"publish","type":"page","link":"https:\/\/amc.gov.co\/amc\/puerto-santander\/","title":{"rendered":"Puerto Santander"},"content":{"rendered":"<div class=\"vce-row-container\"><div class=\"vce-row vce-row--col-gap-30 vce-row-equal-height vce-row-content--top\" data-vce-full-width=\"true\" data-vce-stretch-content=\"true\" id=\"el-daecc6e1\" data-vce-do-apply=\"all el-daecc6e1\"><div class=\"vce-row-content\" data-vce-element-content=\"true\"><div class=\"vce-col vce-col--md-auto vce-col--xs-1 vce-col--xs-last vce-col--xs-first vce-col--sm-last vce-col--sm-first vce-col--md-last vce-col--lg-last vce-col--xl-last vce-col--md-first vce-col--lg-first vce-col--xl-first\" id=\"el-17dd04d6\"><div class=\"vce-col-inner\" data-vce-do-apply=\"border margin background  el-17dd04d6\"><div class=\"vce-col-content\" data-vce-element-content=\"true\" data-vce-do-apply=\"padding el-17dd04d6\"><div class=\"vce-text-block\"><div class=\"vce-text-block-wrapper vce\" id=\"el-dedf46f9\" data-vce-do-apply=\"all el-dedf46f9\"><nav aria-label=\"breadcrumb\"><br><ol class=\"breadcrumb gov-co-breadcrumb\"><br> \t<li class=\"breadcrumb-item\"><a href=\"\/\"><i class=\"fas fa-home\"><\/i> Inicio <\/a><\/li><br> \t<li class=\"breadcrumb-item active\" aria-current=\"page\"><a href=\"\/puerto-santander\/\">Puerto Santander<\/a><\/li><br><\/ol><br><\/nav><\/div><\/div><\/div><\/div><\/div><\/div><\/div><\/div><div class=\"vce-row-container\"><div class=\"vce-row vce-row--col-gap-30 vce-row-equal-height vce-row-content--top\" data-vce-full-width=\"true\" data-vce-stretch-content=\"true\" id=\"el-b6610169\" data-vce-do-apply=\"all el-b6610169\"><div class=\"vce-row-content\" data-vce-element-content=\"true\"><div class=\"vce-col vce-col--md-15p vce-col--xs-1 vce-col--xs-last vce-col--xs-first vce-col--sm-last vce-col--sm-first vce-col--md-first vce-col--lg-first vce-col--xl-first\" id=\"el-2b068fb2\"><div class=\"vce-col-inner\" data-vce-do-apply=\"border margin background  el-2b068fb2\"><div class=\"vce-col-content\" data-vce-element-content=\"true\" data-vce-do-apply=\"padding el-2b068fb2\"><div><\/div><\/div><\/div><\/div><div class=\"vce-col vce-col--md-40p vce-col--xs-1 vce-col--xs-last vce-col--xs-first vce-col--sm-last vce-col--sm-first\" id=\"el-2b5ca06e\"><div class=\"vce-col-inner\" data-vce-do-apply=\"border margin background  el-2b5ca06e\"><div class=\"vce-col-content\" data-vce-element-content=\"true\" data-vce-do-apply=\"padding el-2b5ca06e\"><div class=\"vce-text-block\"><div class=\"vce-text-block-wrapper vce\" id=\"el-a4e8736c\" data-vce-do-apply=\"all el-a4e8736c\"><h1>&nbsp;<\/h1>\n<h1><span style=\"font-family: Montserrat; font-size: 24pt;\">Puerto Santander<\/span><\/h1>\n<p>Alcaldesa Metropolitana: <strong>Carmen Teresa G\u00f3mez C\u00e1ceres<\/strong><br>Fecha de Fundaci\u00f3n: 4 de julio de 1926<br>Habitantes 9.262<\/p><\/div><\/div><\/div><\/div><\/div><div class=\"vce-col vce-col--md-30p vce-col--xs-1 vce-col--xs-last vce-col--xs-first vce-col--sm-last vce-col--sm-first\" id=\"el-d1a4284c\"><div class=\"vce-col-inner\" data-vce-do-apply=\"border margin background  el-d1a4284c\"><div class=\"vce-col-content\" data-vce-element-content=\"true\" data-vce-do-apply=\"padding el-d1a4284c\"><div class=\"vce-single-image-container vce-single-image--align-left\"><div class=\"vce vce-single-image-wrapper\" id=\"el-60e4b12d\" data-vce-do-apply=\"all el-60e4b12d\"><figure><div class=\"vce-single-image-figure-inner\" style=\"width: 354px;\"><div class=\"vce-single-image-inner vce-single-image--absolute vce-single-image--border-round\" style=\"width: 100%; padding-bottom: 100%;\"><img loading=\"lazy\" decoding=\"async\" class=\"vce-single-image\"  width=\"354\" height=\"354\" srcset=\"https:\/\/amc.gov.co\/amc\/wp-content\/uploads\/2024\/01\/Carmen-Teresa-Gomez-Caceres-320x320.jpg 320w, https:\/\/amc.gov.co\/amc\/wp-content\/uploads\/2024\/01\/Carmen-Teresa-Gomez-Caceres-354x354.jpg 354w\" src=\"https:\/\/amc.gov.co\/amc\/wp-content\/uploads\/2024\/01\/Carmen-Teresa-Gomez-Caceres-354x354.jpg\" data-img-src=\"https:\/\/amc.gov.co\/amc\/wp-content\/uploads\/2024\/01\/Carmen-Teresa-Gomez-Caceres.jpg\" data-attachment-id=\"13525\"  alt=\"Carmen Teresa G\u00f3mez C\u00e1ceres\" title=\"Carmen Teresa G\u00f3mez C\u00e1ceres\" \/><\/div><\/div><figcaption>Carmen Teresa G\u00f3mez C\u00e1ceres<\/figcaption><\/figure><\/div><\/div><\/div><\/div><\/div><div class=\"vce-col vce-col--md-15p vce-col--xs-1 vce-col--xs-last vce-col--xs-first vce-col--sm-last vce-col--sm-first vce-col--md-last vce-col--lg-last vce-col--xl-last\" id=\"el-f3988c86\"><div class=\"vce-col-inner\" data-vce-do-apply=\"border margin background  el-f3988c86\"><div class=\"vce-col-content\" data-vce-element-content=\"true\" data-vce-do-apply=\"padding el-f3988c86\"><div><\/div><\/div><\/div><\/div><\/div><\/div><\/div><div class=\"vce-row-container\"><div class=\"vce-row vce-row--col-gap-30 vce-row-equal-height vce-row-content--top\" data-vce-full-width=\"true\" data-vce-stretch-content=\"true\" id=\"el-2678cebb\" data-vce-do-apply=\"all el-2678cebb\"><div class=\"vce-row-content\" data-vce-element-content=\"true\"><div class=\"vce-col vce-col--md-auto vce-col--xs-1 vce-col--xs-last vce-col--xs-first vce-col--sm-last vce-col--sm-first vce-col--md-last vce-col--lg-last vce-col--xl-last vce-col--md-first vce-col--lg-first vce-col--xl-first\" id=\"el-ac3daa70\"><div class=\"vce-col-inner\" data-vce-do-apply=\"border margin background  el-ac3daa70\"><div class=\"vce-col-content\" data-vce-element-content=\"true\" data-vce-do-apply=\"padding el-ac3daa70\"><div class=\"vce-text-block\"><div class=\"vce-text-block-wrapper vce\" id=\"el-492a0742\" data-vce-do-apply=\"all el-492a0742\"><p><strong>Zona Urbana<\/strong><br>El Municipio de Puerto Santander dista a 55 km de la capital del departamento y tiene una temperatura promedio de 29 grados. Es una zona fronteriza con Venezuela, conectada a trav\u00e9s del Puente Internacional Uni\u00f3n e irrigada por los r\u00edos Zulia, Pamplonita y Grita, ejemplos de biodiversidad con especies como el bocachico, palet\u00f3n, bagre y rampuche, que sirven como recurso alimenticio y econ\u00f3mico.<\/p><p><strong>Historia<\/strong><br>El municipio fue inicialmente una hacienda, llamada \u201cLas Virtudes\u201d que pertenec\u00eda al corregimiento Puerto Villamizar, que era parte de C\u00facuta. Por la necesidad de empalmar el Ferrocarril de C\u00facuta con el estado venezolano del T\u00e1chira, se cre\u00f3 una estaci\u00f3n en esta hacienda y as\u00ed se fund\u00f3 Puerto Santander, el 4 de julio de 1926.<\/p><p>Su nombre fue impuesto por la compa\u00f1\u00eda f\u00e9rrea, aunque tambi\u00e9n se cree que fue dado por el paso del general Francisco de Paula Santander por la localidad.<\/p><p>Con el fin de empalmar las dos l\u00edneas del ferrocarril, fue construido en Puente Internacional Uni\u00f3n, que en 1989 se form\u00f3 para dar tr\u00e1nsito para carros Colombianos y Venezolanos. Por acuerdo 18 de 1947 fue erigido como corregimiento separ\u00e1ndose de Puerto Villamizar.<\/p><p>Posteriormente mediante la Ordenanza 80 del 20 de diciembre de 1993 dio la categor\u00eda de municipio y empez\u00f3 a funcionar como tal a partir del 1\u00ba de abril de 1994.<\/p><p>Cultura turismo y gastronom\u00eda El municipio de Puerto Santander cuenta con lugares tur\u00edsticos como la Iglesia Nuestra Se\u00f1ora del Carmen, el Puente Internacional la Uni\u00f3n, la Casa de la Cultura y la antigua Estaci\u00f3n del Ferrocarril. Celebra su identidad cultural a trav\u00e9s de festividades como la Conmemoraci\u00f3n de aniversario, las ferias y fiestas en honor a la patrona del municipio, la Virgen del Carmen y la Cabalgata en honor a San Mart\u00edn de Loba.<\/p><p><strong>Econom\u00eda<\/strong><br>El comercio es la actividad econ\u00f3mica predominante, mayormente informal, dada su naturaleza de municipio fronterizo. Tambi\u00e9n tiene presencia la producci\u00f3n agr\u00edcola de arroz, pl\u00e1tano, cacao, ma\u00edz y yuca; producci\u00f3n pecuaria de bovinos, porcinos, aves de corral y pesca, y una producci\u00f3n minera relacionada con la extracci\u00f3n de arena y el acopio del carb\u00f3n de exportaci\u00f3n.<\/p><p><strong>Principales Festividades<\/strong><br>Primero de Abril: Conmemoraci\u00f3n de aniversario de la creaci\u00f3n del municipio<br>16 de julio: Ferias y fiestas en honor a la patrona del municipio La Virgen del Carmen<br>11 de noviembre: Cabalgata en honor a San Mart\u00edn de Loba<\/p><\/div><\/div><\/div><\/div><\/div><\/div><\/div><\/div><div class=\"vce-row-container\"><div class=\"vce-row vce-element--has-background vce-row--col-gap-30 vce-row-content--top\" data-vce-full-width=\"true\" data-vce-stretch-content=\"true\" id=\"el-402dd13c\" data-vce-do-apply=\"all el-402dd13c\"><div class=\"vce-content-background-container\"><div class=\"vce-asset-background-simple-container vce-visible-all-only vce-asset-background-simple--style-cover vce-asset-background-simple--position-center-top\"><div class=\"vce-asset-background-simple\"><div class=\"vce-asset-background-simple-item\" style=\"background-image: url('http:\/\/proyecto-364.com\/wp-content\/uploads\/2021\/08\/fondo-contadores.png');\"><\/div><\/div><\/div><\/div><div class=\"vce-row-content\" data-vce-element-content=\"true\"><div class=\"vce-col vce-col--md-auto vce-col--xs-1 vce-col--xs-last vce-col--xs-first vce-col--sm-last vce-col--sm-first vce-col--md-first vce-col--lg-first vce-col--xl-first\" id=\"el-3df91921\"><div class=\"vce-col-inner\" data-vce-do-apply=\"border margin background  el-3df91921\"><div class=\"vce-col-content\" data-vce-element-content=\"true\" data-vce-do-apply=\"padding el-3df91921\"><div class=\"vce-text-block\"><div class=\"vce-text-block-wrapper vce\" id=\"el-dbd1e32d\" data-vce-do-apply=\"all el-dbd1e32d\"><ul class=\"section-imprimir\"><br> \t<li class=\"share-print\" role=\"presentation\"><a title=\"Imprimir\" href=\"javascript:window.print(); void 0;\"><span class=\"fa fa-print fa-2x\" aria-hidden=\"true\"><\/span><span class=\"hidden\">Imprimir<\/span><\/a><\/li><br><\/ul><\/div><\/div><\/div><\/div><\/div><div class=\"vce-col vce-col--md-auto vce-col--xs-1 vce-col--xs-last vce-col--xs-first vce-col--sm-last vce-col--sm-first vce-col--md-last vce-col--lg-last vce-col--xl-last\" id=\"el-124f82dc\"><div class=\"vce-col-inner\" data-vce-do-apply=\"border margin background  el-124f82dc\"><div class=\"vce-col-content\" data-vce-element-content=\"true\" data-vce-do-apply=\"padding el-124f82dc\"><div class=\"vce-text-block\"><div class=\"vce-text-block-wrapper vce\" id=\"el-b1356602\" data-vce-do-apply=\"all el-b1356602\"><div class=\"section-count\">N\u00famero de visitas a esta p\u00e1gina 0<br>Fecha de publicaci\u00f3n 28 diciembre, 2021<br>\u00daltima modificaci\u00f3n 28 enero, 2024<\/div><\/div><\/div><\/div><\/div><\/div><\/div><\/div><\/div>","protected":false},"excerpt":{"rendered":"<p>Inicio Puerto Santander&nbsp; Puerto Santander Alcaldesa Metropolitana: Carmen Teresa G\u00f3mez C\u00e1ceresFecha de Fundaci\u00f3n: 4 de julio de 1926Habitantes 9.262Carmen Teresa G\u00f3mez C\u00e1ceresZona UrbanaEl Municipio de Puerto Santander dista a 55 km de la capital del departamento y tiene una temperatura promedio de 29 grados. Es una zona fronteriza con Venezuela, conectada a trav\u00e9s del Puente&hellip; <a class=\"more-link\" href=\"https:\/\/amc.gov.co\/amc\/puerto-santander\/\">Seguir leyendo <span class=\"screen-reader-text\">Puerto Santander<\/span><\/a><\/p>\n","protected":false},"author":1,"featured_media":0,"parent":0,"menu_order":0,"comment_status":"closed","ping_status":"closed","template":"","meta":{"footnotes":"","_joinchat":[]},"_links":{"self":[{"href":"https:\/\/amc.gov.co\/amc\/wp-json\/wp\/v2\/pages\/128"}],"collection":[{"href":"https:\/\/amc.gov.co\/amc\/wp-json\/wp\/v2\/pages"}],"about":[{"href":"https:\/\/amc.gov.co\/amc\/wp-json\/wp\/v2\/types\/page"}],"author":[{"embeddable":true,"href":"https:\/\/amc.gov.co\/amc\/wp-json\/wp\/v2\/users\/1"}],"replies":[{"embeddable":true,"href":"https:\/\/amc.gov.co\/amc\/wp-json\/wp\/v2\/comments?post=128"}],"version-history":[{"count":7,"href":"https:\/\/amc.gov.co\/amc\/wp-json\/wp\/v2\/pages\/128\/revisions"}],"predecessor-version":[{"id":13526,"href":"https:\/\/amc.gov.co\/amc\/wp-json\/wp\/v2\/pages\/128\/revisions\/13526"}],"wp:attachment":[{"href":"https:\/\/amc.gov.co\/amc\/wp-json\/wp\/v2\/media?parent=128"}],"curies":[{"name":"wp","href":"https:\/\/api.w.org\/{rel}","templated":true}]}}