{"id":127,"date":"2021-12-28T23:39:31","date_gmt":"2021-12-29T04:39:31","guid":{"rendered":"https:\/\/amc.royaltech.dev\/?page_id=8053"},"modified":"2024-01-28T00:56:22","modified_gmt":"2024-01-28T05:56:22","slug":"villa-del-rosario","status":"publish","type":"page","link":"https:\/\/amc.gov.co\/amc\/villa-del-rosario\/","title":{"rendered":"Villa del Rosario"},"content":{"rendered":"<div class=\"vce-row-container\"><div class=\"vce-row vce-row--col-gap-30 vce-row-equal-height vce-row-content--top\" data-vce-full-width=\"true\" data-vce-stretch-content=\"true\" id=\"el-a33348d3\" data-vce-do-apply=\"all el-a33348d3\"><div class=\"vce-row-content\" data-vce-element-content=\"true\"><div class=\"vce-col vce-col--md-100p vce-col--xs-1 vce-col--xs-last vce-col--xs-first vce-col--sm-last vce-col--sm-first vce-col--md-last vce-col--lg-last vce-col--xl-last vce-col--md-first vce-col--lg-first vce-col--xl-first\" id=\"el-f1c82299\"><div class=\"vce-col-inner\" data-vce-do-apply=\"border margin background  el-f1c82299\"><div class=\"vce-col-content\" data-vce-element-content=\"true\" data-vce-do-apply=\"padding el-f1c82299\"><div class=\"vce-text-block\"><div class=\"vce-text-block-wrapper vce\" id=\"el-de1397ee\" data-vce-do-apply=\"all el-de1397ee\"><nav aria-label=\"breadcrumb\"><br><ol class=\"breadcrumb gov-co-breadcrumb\"><br> \t<li class=\"breadcrumb-item\"><a href=\"\/\"><i class=\"fas fa-home\"><\/i> Inicio <\/a><\/li><br> \t<li class=\"breadcrumb-item active\" aria-current=\"page\"><a href=\"\/villa-del-rosario\/\">Villa del Rosario<\/a><\/li><br><\/ol><br><\/nav><\/div><\/div><\/div><\/div><\/div><\/div><\/div><\/div><div class=\"vce-row-container\"><div class=\"vce-row vce-row--col-gap-30 vce-row-equal-height vce-row-content--top\" data-vce-full-width=\"true\" data-vce-stretch-content=\"true\" id=\"el-fa8a3ed5\" data-vce-do-apply=\"all el-fa8a3ed5\"><div class=\"vce-row-content\" data-vce-element-content=\"true\"><div class=\"vce-col vce-col--md-15p vce-col--xs-1 vce-col--xs-last vce-col--xs-first vce-col--sm-last vce-col--sm-first vce-col--md-first vce-col--lg-first vce-col--xl-first\" id=\"el-9988ab42\"><div class=\"vce-col-inner\" data-vce-do-apply=\"border margin background  el-9988ab42\"><div class=\"vce-col-content\" data-vce-element-content=\"true\" data-vce-do-apply=\"padding el-9988ab42\"><div><\/div><\/div><\/div><\/div><div class=\"vce-col vce-col--md-30p vce-col--xs-1 vce-col--xs-last vce-col--xs-first vce-col--sm-last vce-col--sm-first\" id=\"el-728ab0fa\"><div class=\"vce-col-inner\" data-vce-do-apply=\"border margin background  el-728ab0fa\"><div class=\"vce-col-content\" data-vce-element-content=\"true\" data-vce-do-apply=\"padding el-728ab0fa\"><div class=\"vce-text-block\"><div class=\"vce-text-block-wrapper vce\" id=\"el-e7612eb7\" data-vce-do-apply=\"all el-e7612eb7\"><h1>&nbsp;<\/h1>\n<h1><span style=\"font-family: Montserrat; font-size: 24pt;\">Villa del Rosario<\/span><\/h1>\n<p>Alcalde:<strong> Juan Camilo Su\u00e1rez Sierra<\/strong><br>Fecha de Fundaci\u00f3n 5 de agosto de 1761<br>Habitantes 111.254<\/p><\/div><\/div><\/div><\/div><\/div><div class=\"vce-col vce-col--md-30p vce-col--xs-1 vce-col--xs-last vce-col--xs-first vce-col--sm-last vce-col--sm-first\" id=\"el-5983a9ad\"><div class=\"vce-col-inner\" data-vce-do-apply=\"border margin background  el-5983a9ad\"><div class=\"vce-col-content\" data-vce-element-content=\"true\" data-vce-do-apply=\"padding el-5983a9ad\"><div class=\"vce-single-image-container vce-single-image--align-center\"><div class=\"vce vce-single-image-wrapper\" id=\"el-17c13076\" data-vce-do-apply=\"all el-17c13076\"><figure><div class=\"vce-single-image-figure-inner\" style=\"width: 225px;\"><div class=\"vce-single-image-inner vce-single-image--absolute vce-single-image--border-round\" style=\"width: 100%; padding-bottom: 100%;\"><img loading=\"lazy\" decoding=\"async\" class=\"vce-single-image\"  width=\"225\" height=\"225\" srcset=\"https:\/\/amc.gov.co\/amc\/wp-content\/uploads\/2024\/01\/Juan-Camilo-Suarez-Sierra-225x225.jpg 225w\" src=\"https:\/\/amc.gov.co\/amc\/wp-content\/uploads\/2024\/01\/Juan-Camilo-Suarez-Sierra-225x225.jpg\" data-img-src=\"https:\/\/amc.gov.co\/amc\/wp-content\/uploads\/2024\/01\/Juan-Camilo-Suarez-Sierra.jpg\" data-attachment-id=\"13523\"  alt=\"Juan Camilo Su\u00e1rez Sierra\" title=\"Juan Camilo Su\u00e1rez Sierra\" \/><\/div><\/div><figcaption>Juan Camilo Su\u00e1rez Sierra<\/figcaption><\/figure><\/div><\/div><\/div><\/div><\/div><div class=\"vce-col vce-col--md-25p vce-col--xs-1 vce-col--xs-last vce-col--xs-first vce-col--sm-last vce-col--sm-first vce-col--md-last vce-col--lg-last vce-col--xl-last\" id=\"el-879fdc8f\"><div class=\"vce-col-inner\" data-vce-do-apply=\"border margin background  el-879fdc8f\"><div class=\"vce-col-content\" data-vce-element-content=\"true\" data-vce-do-apply=\"padding el-879fdc8f\"><div><\/div><\/div><\/div><\/div><\/div><\/div><\/div><div class=\"vce-row-container\"><div class=\"vce-row vce-row--col-gap-30 vce-row-equal-height vce-row-content--top\" data-vce-full-width=\"true\" data-vce-stretch-content=\"true\" id=\"el-58bf8c83\" data-vce-do-apply=\"all el-58bf8c83\"><div class=\"vce-row-content\" data-vce-element-content=\"true\"><div class=\"vce-col vce-col--md-auto vce-col--xs-1 vce-col--xs-last vce-col--xs-first vce-col--sm-last vce-col--sm-first vce-col--md-last vce-col--lg-last vce-col--xl-last vce-col--md-first vce-col--lg-first vce-col--xl-first\" id=\"el-80858ed3\"><div class=\"vce-col-inner\" data-vce-do-apply=\"border margin background  el-80858ed3\"><div class=\"vce-col-content\" data-vce-element-content=\"true\" data-vce-do-apply=\"padding el-80858ed3\"><div class=\"vce-text-block\"><div class=\"vce-text-block-wrapper vce\" id=\"el-21719b70\" data-vce-do-apply=\"all el-21719b70\"><strong>Zona Urbana<\/strong><br>Villa Rosario est\u00e1 sobre la frontera con Venezuela. Es la cuarta ciudad del departamento despu\u00e9s de C\u00facuta, Oca\u00f1a y Pamplona. Limita al norte con Venezuela y C\u00facuta, al sur con Ragonvalia y Chin\u00e1cota, al oriente con Venezuela y al occidente con Los Patios. Su \u00fanico r\u00edo es el R\u00edo T\u00e1chira. Fue la cuna de nacimiento del General Francisco de Paula Santander, quien luch\u00f3 al lado de Sim\u00f3n Bol\u00edvar en las guerras de emancipaci\u00f3n de la colonia espa\u00f1ola.<br>Historia<br>La Villa del Rosario es en la actualidad, Patrimonio hist\u00f3rico de la Naci\u00f3n y es ciudad donde se fundaron tres pa\u00edses: Venezuela, Ecuador y Colombia.<br><br>El 5 de agosto de 1761 fue fundada la Viceparroquia de Nuestra se\u00f1ora del Rosario, Gracias a las tierras donadas por Do\u00f1a Ascencia Rodr\u00edguez de Morales y Don Jos\u00e9 D\u00edaz de Astudillo. Esta Viceparroquia se estableci\u00f3 con dependencia de la parroquia de San Jos\u00e9 de Guasimal.<br><br>Esta Fecha fue legislada e institucionalizada mediante el acuerdo N\u00ba 015 del 17 de marzo de 1999 por el Consejo Municipal y la Alcald\u00eda de la ciudad, para conmemorar en ella el d\u00eda de la fundaci\u00f3n.<br><br>En el a\u00f1o de 1774 la Viceparroquia paso a la categor\u00eda de parroquia y el 8 de mayo de 1793, se le asign\u00f3 p\u00fablicamente el nombre de: \u201cNoble, fiel y Valerosa Villa\u201d. este nombre le fue concedido en el concejo de c\u00e1mara de Indias, quien expidi\u00f3 el 23 de mayo de 1792 bajo la calidad de c\u00e9dula Real, dicho t\u00edtulo.<br><br>El primer Alcalde de la poblaci\u00f3n de la Villa del Rosario Fue: Don Juan Ignacio Guti\u00e9rrez de Caviedes y la gesti\u00f3n de su nombramiento comenz\u00f3 el 15 de abril de 1793, cuando Don Juan Antonio Villamizar y Pineda fue comisionado para convocar al vecindario de la nueva Villa para la elecci\u00f3n en cabildo pleno, de un alcalde.<br><br>El primer p\u00e1rroco de la ciudad fue el Presb\u00edtero Doctor Mart\u00edn Galavis, quien ven\u00eda desempe\u00f1\u00e1ndose como l\u00edder espiritual de la viceparroquia, desde el 3 de septiembre de 1763.<br><br>La \u00e9poca del congreso constituyente en 1821, que dict\u00f3 la primera carta fundamental y la de los hechos llenos de glorias con varios de sus hijos m\u00e1s notables que realizaron en todo el territorio Nacional, buscado la cristalizaci\u00f3n de la libertad.<br><br>En Villa del Rosario se fund\u00f3, la Rep\u00fablica de Colombia y la firma que finalmente la constituy\u00f3 se imprimi\u00f3 el 30 de agosto de 1821 ,fecha que ser\u00eda llamada \u201cla fecha del cumplea\u00f1os del pa\u00eds\u201d, en esta fecha se le dio forma al nacimiento de una nueva Rep\u00fablica.<br><br>Es la ciudad m\u00e1s Hist\u00f3rica para los pa\u00edses Bolivarianos, por crearse los poderes Ejecutivo, Legislativo y Judicial en el a\u00f1o de 1821. Tan importante fecha se expuso a los pa\u00edses representados como: Ecuador, Venezuela y Colombia. La promulgaci\u00f3n se hizo en la Casa de la Bagatela, ante cada uno de los representantes de las Naciones Unidas en funci\u00f3n de la creaci\u00f3n de una Gran Rep\u00fablica, \u201cLa Rep\u00fablica de Colombia\u201d.<br><br>Sus grandes pr\u00f3ceres fueron, Pr\u00f3cer de la Independencia, General Francisco de Paula Santander, General Pedro Fortoul S\u00e1nchez, Coronel Jos\u00e9 Concha, Abogado Fruto Juaqu\u00edn Guti\u00e9rrez, Profesor fil\u00f3sofo Jos\u00e9 Mar\u00eda Guti\u00e9rrez, Te\u00f3logo Nicol\u00e1s Mauricio Oma\u00f1a y Rodr\u00edguez, Escritor e ingeniero Manuel Antonio Rueda, Historiador Luis Gabriel Castro Galvis, Escritor y Poeta Jaime C\u00e1rdenas Moncada, Escritor y Poeta Jos\u00e9 Dar\u00edo Jaimes D\u00edas.<br>Cultura turismo y gastronom\u00eda Villa del Rosario culturalmente representa uno de los legados hist\u00f3ricos m\u00e1s importantes de Colombia, que incluye las ruinas del Templo del Congreso de 1821, la Casa Natal del General Santander, las ruinas de la Capilla Santa Ana, la Casa Museo la Bagatela y el Tamarindo Hist\u00f3rico, que han sido consagrados monumentos Nacionales y conforman un asombroso complejo hist\u00f3rico patrimonial. Cuenta con festividades propias de su historia como la Fiesta de Nuestra Se\u00f1ora del Rosario, la Fiesta de San Pedro y San Pablo y la Fiesta de la Inmaculada Concepci\u00f3n. Entre los platos t\u00edpicos del municipio destacan la cachama, el sancocho, las morcillas, las arepas de ma\u00edz pelao, los chorizos, los bollos, los dulces de leche, mango, lechosa y toronja, el caldo de pich\u00f3n, el chivo preparado en cerveza, pastel de garbanzo y el masato.<br><br><strong>Econom\u00eda<\/strong><br>Su econom\u00eda se basa en el comercio fronterizo y los cultivos de caf\u00e9, arroz, ca\u00f1a de az\u00facar, hortalizas y \u00e1rboles frutales. Tambi\u00e9n se desarrolla producci\u00f3n de calzado y productos de madera; actividades pecuarias vacuna, bovina, caprina, pisc\u00edcola y de aves de corral, y miner\u00eda de carb\u00f3n, arcilla, yeso y piedra caliza.<br><br><strong>Principales Festividades<\/strong><br>Villa del Rosario cuenta con varios escenarios recreacionales y deportivos que sirven de esparcimiento no solo a sus habitantes sino tambi\u00e9n a los turistas que la visitan, entre ellos Villa Silvania (Bocono), Rancho Villa Luz, Tobog\u00e1n Acu\u00e1tico, El Centro Internacional de Bolos y el Estadio Gran Colombiano.<br><br><strong>All\u00ed se celebran las:<\/strong> <br>Fiesta de San Pedro y San Pablo, del 28 y 29 de junio en el Barrio La Palmita.<br>Nuestra Se\u00f1ora del Rosario, patrona del Municipio, el primer domingo de octubre<br>El Festival de la Cachama<br>La Fiesta de la Inmaculada Concepci\u00f3n <br><\/div><\/div><\/div><\/div><\/div><\/div><\/div><\/div><div class=\"vce-row-container\"><div class=\"vce-row vce-element--has-background vce-row--col-gap-30 vce-row-content--top\" data-vce-full-width=\"true\" data-vce-stretch-content=\"true\" id=\"el-1944bdd1\" data-vce-do-apply=\"all el-1944bdd1\"><div class=\"vce-content-background-container\"><div class=\"vce-asset-background-simple-container vce-visible-all-only vce-asset-background-simple--style-cover vce-asset-background-simple--position-center-top\"><div class=\"vce-asset-background-simple\"><div class=\"vce-asset-background-simple-item\" style=\"background-image: url('http:\/\/proyecto-364.com\/wp-content\/uploads\/2021\/08\/fondo-contadores.png');\"><\/div><\/div><\/div><\/div><div class=\"vce-row-content\" data-vce-element-content=\"true\"><div class=\"vce-col vce-col--md-auto vce-col--xs-1 vce-col--xs-last vce-col--xs-first vce-col--sm-last vce-col--sm-first vce-col--md-first vce-col--lg-first vce-col--xl-first\" id=\"el-cc63c7cc\"><div class=\"vce-col-inner\" data-vce-do-apply=\"border margin background  el-cc63c7cc\"><div class=\"vce-col-content\" data-vce-element-content=\"true\" data-vce-do-apply=\"padding el-cc63c7cc\"><div class=\"vce-text-block\"><div class=\"vce-text-block-wrapper vce\" id=\"el-ffe7fdfa\" data-vce-do-apply=\"all el-ffe7fdfa\"><ul class=\"section-imprimir\"><br> \t<li class=\"share-print\" role=\"presentation\"><a title=\"Imprimir\" href=\"javascript:window.print(); void 0;\"><span class=\"fa fa-print fa-2x\" aria-hidden=\"true\"><\/span><span class=\"hidden\">Imprimir<\/span><\/a><\/li><br><\/ul><\/div><\/div><\/div><\/div><\/div><div class=\"vce-col vce-col--md-auto vce-col--xs-1 vce-col--xs-last vce-col--xs-first vce-col--sm-last vce-col--sm-first vce-col--md-last vce-col--lg-last vce-col--xl-last\" id=\"el-8d1a1a71\"><div class=\"vce-col-inner\" data-vce-do-apply=\"border margin background  el-8d1a1a71\"><div class=\"vce-col-content\" data-vce-element-content=\"true\" data-vce-do-apply=\"padding el-8d1a1a71\"><div class=\"vce-text-block\"><div class=\"vce-text-block-wrapper vce\" id=\"el-bd2d6da3\" data-vce-do-apply=\"all el-bd2d6da3\"><div class=\"section-count\">N\u00famero de visitas a esta p\u00e1gina 0<br>Fecha de publicaci\u00f3n 28 diciembre, 2021<br>\u00daltima modificaci\u00f3n 28 enero, 2024<\/div><\/div><\/div><\/div><\/div><\/div><\/div><\/div><\/div>","protected":false},"excerpt":{"rendered":"<p>Inicio Villa del Rosario&nbsp; Villa del Rosario Alcalde: Juan Camilo Su\u00e1rez SierraFecha de Fundaci\u00f3n 5 de agosto de 1761Habitantes 111.254Juan Camilo Su\u00e1rez SierraZona UrbanaVilla Rosario est\u00e1 sobre la frontera con Venezuela. Es la cuarta ciudad del departamento despu\u00e9s de C\u00facuta, Oca\u00f1a y Pamplona. Limita al norte con Venezuela y C\u00facuta, al sur con Ragonvalia y&hellip; <a class=\"more-link\" href=\"https:\/\/amc.gov.co\/amc\/villa-del-rosario\/\">Seguir leyendo <span class=\"screen-reader-text\">Villa del Rosario<\/span><\/a><\/p>\n","protected":false},"author":1,"featured_media":0,"parent":0,"menu_order":0,"comment_status":"closed","ping_status":"closed","template":"","meta":{"footnotes":"","_joinchat":[]},"_links":{"self":[{"href":"https:\/\/amc.gov.co\/amc\/wp-json\/wp\/v2\/pages\/127"}],"collection":[{"href":"https:\/\/amc.gov.co\/amc\/wp-json\/wp\/v2\/pages"}],"about":[{"href":"https:\/\/amc.gov.co\/amc\/wp-json\/wp\/v2\/types\/page"}],"author":[{"embeddable":true,"href":"https:\/\/amc.gov.co\/amc\/wp-json\/wp\/v2\/users\/1"}],"replies":[{"embeddable":true,"href":"https:\/\/amc.gov.co\/amc\/wp-json\/wp\/v2\/comments?post=127"}],"version-history":[{"count":18,"href":"https:\/\/amc.gov.co\/amc\/wp-json\/wp\/v2\/pages\/127\/revisions"}],"predecessor-version":[{"id":13524,"href":"https:\/\/amc.gov.co\/amc\/wp-json\/wp\/v2\/pages\/127\/revisions\/13524"}],"wp:attachment":[{"href":"https:\/\/amc.gov.co\/amc\/wp-json\/wp\/v2\/media?parent=127"}],"curies":[{"name":"wp","href":"https:\/\/api.w.org\/{rel}","templated":true}]}}