{"id":12658,"date":"2023-03-07T08:15:49","date_gmt":"2023-03-07T13:15:49","guid":{"rendered":"https:\/\/amc.gov.co\/amc\/?page_id=12658"},"modified":"2023-05-25T17:20:21","modified_gmt":"2023-05-25T22:20:21","slug":"asi-van-nuestras-obras-011","status":"publish","type":"page","link":"https:\/\/amc.gov.co\/amc\/asi-van-nuestras-obras-011\/","title":{"rendered":"As\u00ed van nuestras obras # 011"},"content":{"rendered":"<div class=\"vce-row-container\"><div class=\"vce-row vce-row--col-gap-30 vce-row-equal-height vce-row-content--top\" data-vce-full-width=\"true\" data-vce-stretch-content=\"true\" id=\"el-dddf25b1\" data-vce-do-apply=\"all el-dddf25b1\"><div class=\"vce-row-content\" data-vce-element-content=\"true\"><div class=\"vce-col vce-col--md-auto vce-col--xs-1 vce-col--xs-last vce-col--xs-first vce-col--sm-last vce-col--sm-first vce-col--md-last vce-col--lg-last vce-col--xl-last vce-col--md-first vce-col--lg-first vce-col--xl-first\" id=\"el-acd45603\"><div class=\"vce-col-inner\" data-vce-do-apply=\"border margin background  el-acd45603\"><div class=\"vce-col-content\" data-vce-element-content=\"true\" data-vce-do-apply=\"padding el-acd45603\"><div class=\"vce-text-block\"><div class=\"vce-text-block-wrapper vce\" id=\"el-553b0760\" data-vce-do-apply=\"all el-553b0760\"><nav aria-label=\"breadcrumb\"><br><ol class=\"breadcrumb gov-co-breadcrumb\"><br> \t<li class=\"breadcrumb-item\"><a href=\"\/amc\/\"><i class=\"fas fa-home\"><\/i> Inicio &nbsp;<\/a><\/li><br>\t<li class=\"breadcrumb-item\"><i class=\"fas fa-home\"><\/i>&nbsp; \/ <\/li><br>\t<li class=\"breadcrumb-item\"><a href=\"\/amc\/prensa\/\/\"><i class=\"fas fa-home\"><\/i> &nbsp; Prensa &nbsp;<\/a><\/li><br>\t\t<li class=\"breadcrumb-item\"><i class=\"fas fa-home\"><\/i>&nbsp; \/ <\/li><br>\t<li class=\"breadcrumb-item\"><a href=\"\/amc\/asi-van-nuestras-obras\/\"><i class=\"fas fa-home\"><\/i> &nbsp; Revista - As\u00ed van nuestras obras&nbsp;<\/a><\/li><br>\t\t<li class=\"breadcrumb-item\"><i class=\"fas fa-home\"><\/i>&nbsp; \/ <\/li><br>\t<li class=\"breadcrumb-item\"><a href=\"\/amc\/asi-van-nuestras-obras-011\/\"><i class=\"fas fa-home\"><\/i> &nbsp; Revista # 011 <\/a><\/li><br><\/ol><br><\/nav><\/div><\/div><\/div><\/div><\/div><\/div><\/div><\/div><div class=\"vce-row-container\"><div class=\"vce-row vce-row--col-gap-30 vce-row-equal-height vce-row-content--top\" data-vce-full-width=\"true\" data-vce-stretch-content=\"true\" id=\"el-dd0ea894\" data-vce-do-apply=\"all el-dd0ea894\"><div class=\"vce-row-content\" data-vce-element-content=\"true\"><div class=\"vce-col vce-col--md-auto vce-col--xs-1 vce-col--xs-last vce-col--xs-first vce-col--sm-last vce-col--sm-first vce-col--md-last vce-col--lg-last vce-col--xl-last vce-col--md-first vce-col--lg-first vce-col--xl-first\" id=\"el-d87e7e60\"><div class=\"vce-col-inner\" data-vce-do-apply=\"border margin background  el-d87e7e60\"><div class=\"vce-col-content\" data-vce-element-content=\"true\" data-vce-do-apply=\"padding el-d87e7e60\"><div class=\"vce-single-image-container vce-single-image--align-center\"><div class=\"vce vce-single-image-wrapper\" id=\"el-22200945\" data-vce-do-apply=\"all el-22200945\"><figure><div class=\"vce-single-image-figure-inner\" style=\"width: 4958px;\"><div class=\"vce-single-image-inner vce-single-image--absolute vce-single-image--border-rounded\" style=\"width: 100%; padding-bottom: 141.509%;\"><img loading=\"lazy\" decoding=\"async\" class=\"vce-single-image\"  width=\"4958\" height=\"7016\" srcset=\"https:\/\/amc.gov.co\/amc\/wp-content\/uploads\/2023\/03\/ASI-VAN-NUESTRAS-OBRAS-011_001-320x453.png 320w,https:\/\/amc.gov.co\/amc\/wp-content\/uploads\/2023\/03\/ASI-VAN-NUESTRAS-OBRAS-011_001-480x679.png 480w,https:\/\/amc.gov.co\/amc\/wp-content\/uploads\/2023\/03\/ASI-VAN-NUESTRAS-OBRAS-011_001-800x1132.png 800w,https:\/\/amc.gov.co\/amc\/wp-content\/uploads\/2023\/03\/ASI-VAN-NUESTRAS-OBRAS-011_001-4958x7016.png 4958w\" src=\"https:\/\/amc.gov.co\/amc\/wp-content\/uploads\/2023\/03\/ASI-VAN-NUESTRAS-OBRAS-011_001-4958x7016.png\" data-img-src=\"https:\/\/amc.gov.co\/amc\/wp-content\/uploads\/2023\/03\/ASI-VAN-NUESTRAS-OBRAS-011_001.png\" alt=\"\" title=\"As\u00ed van nuestras obras # 011\" \/><\/div><\/div><figcaption hidden=\"\"><\/figcaption><\/figure><\/div><\/div><\/div><\/div><\/div><\/div><\/div><\/div><div class=\"vce-row-container\"><div class=\"vce-row vce-row--col-gap-30 vce-row-equal-height vce-row-content--top\" data-vce-full-width=\"true\" data-vce-stretch-content=\"true\" id=\"el-6619a558\" data-vce-do-apply=\"all el-6619a558\"><div class=\"vce-row-content\" data-vce-element-content=\"true\"><div class=\"vce-col vce-col--md-auto vce-col--xs-1 vce-col--xs-last vce-col--xs-first vce-col--sm-last vce-col--sm-first vce-col--md-last vce-col--lg-last vce-col--xl-last vce-col--md-first vce-col--lg-first vce-col--xl-first\" id=\"el-be487eb1\"><div class=\"vce-col-inner\" data-vce-do-apply=\"border margin background  el-be487eb1\"><div class=\"vce-col-content\" data-vce-element-content=\"true\" data-vce-do-apply=\"padding el-be487eb1\"><div class=\"vce-single-image-container vce-single-image--align-center\"><div class=\"vce vce-single-image-wrapper\" id=\"el-eb79a4fa\" data-vce-do-apply=\"all el-eb79a4fa\"><figure><div class=\"vce-single-image-figure-inner\" style=\"width: 4958px;\"><div class=\"vce-single-image-inner vce-single-image--absolute vce-single-image--border-rounded\" style=\"width: 100%; padding-bottom: 141.509%;\"><img loading=\"lazy\" decoding=\"async\" class=\"vce-single-image\"  width=\"4958\" height=\"7016\" srcset=\"https:\/\/amc.gov.co\/amc\/wp-content\/uploads\/2023\/03\/ASI-VAN-NUESTRAS-OBRAS-011_002-320x453.png 320w,https:\/\/amc.gov.co\/amc\/wp-content\/uploads\/2023\/03\/ASI-VAN-NUESTRAS-OBRAS-011_002-480x679.png 480w,https:\/\/amc.gov.co\/amc\/wp-content\/uploads\/2023\/03\/ASI-VAN-NUESTRAS-OBRAS-011_002-800x1132.png 800w,https:\/\/amc.gov.co\/amc\/wp-content\/uploads\/2023\/03\/ASI-VAN-NUESTRAS-OBRAS-011_002-4958x7016.png 4958w\" src=\"https:\/\/amc.gov.co\/amc\/wp-content\/uploads\/2023\/03\/ASI-VAN-NUESTRAS-OBRAS-011_002-4958x7016.png\" data-img-src=\"https:\/\/amc.gov.co\/amc\/wp-content\/uploads\/2023\/03\/ASI-VAN-NUESTRAS-OBRAS-011_002.png\" alt=\"\" title=\"ASI VAN NUESTRAS OBRAS #011_002\" \/><\/div><\/div><figcaption hidden=\"\"><\/figcaption><\/figure><\/div><\/div><div class=\"vce-single-image-container vce-single-image--align-center\"><div class=\"vce vce-single-image-wrapper\" id=\"el-aac3e4a1\" data-vce-do-apply=\"all el-aac3e4a1\"><figure><div class=\"vce-single-image-figure-inner\" style=\"width: 4958px;\"><div class=\"vce-single-image-inner vce-single-image--absolute vce-single-image--border-rounded\" style=\"width: 100%; padding-bottom: 141.509%;\"><img loading=\"lazy\" decoding=\"async\" class=\"vce-single-image\"  width=\"4958\" height=\"7016\" srcset=\"https:\/\/amc.gov.co\/amc\/wp-content\/uploads\/2023\/03\/ASI-VAN-NUESTRAS-OBRAS-011_003-320x453.png 320w,https:\/\/amc.gov.co\/amc\/wp-content\/uploads\/2023\/03\/ASI-VAN-NUESTRAS-OBRAS-011_003-480x679.png 480w,https:\/\/amc.gov.co\/amc\/wp-content\/uploads\/2023\/03\/ASI-VAN-NUESTRAS-OBRAS-011_003-800x1132.png 800w,https:\/\/amc.gov.co\/amc\/wp-content\/uploads\/2023\/03\/ASI-VAN-NUESTRAS-OBRAS-011_003-4958x7016.png 4958w\" src=\"https:\/\/amc.gov.co\/amc\/wp-content\/uploads\/2023\/03\/ASI-VAN-NUESTRAS-OBRAS-011_003-4958x7016.png\" data-img-src=\"https:\/\/amc.gov.co\/amc\/wp-content\/uploads\/2023\/03\/ASI-VAN-NUESTRAS-OBRAS-011_003.png\" alt=\"\" title=\"ASI VAN NUESTRAS OBRAS #011_003\" \/><\/div><\/div><figcaption hidden=\"\"><\/figcaption><\/figure><\/div><\/div><div class=\"vce-single-image-container vce-single-image--align-center\"><div class=\"vce vce-single-image-wrapper\" id=\"el-5f24c0e6\" data-vce-do-apply=\"all el-5f24c0e6\"><figure><div class=\"vce-single-image-figure-inner\" style=\"width: 4958px;\"><div class=\"vce-single-image-inner vce-single-image--absolute vce-single-image--border-rounded\" style=\"width: 100%; padding-bottom: 141.509%;\"><img loading=\"lazy\" decoding=\"async\" class=\"vce-single-image\"  width=\"4958\" height=\"7016\" srcset=\"https:\/\/amc.gov.co\/amc\/wp-content\/uploads\/2023\/03\/ASI-VAN-NUESTRAS-OBRAS-011_004-320x453.png 320w,https:\/\/amc.gov.co\/amc\/wp-content\/uploads\/2023\/03\/ASI-VAN-NUESTRAS-OBRAS-011_004-480x679.png 480w,https:\/\/amc.gov.co\/amc\/wp-content\/uploads\/2023\/03\/ASI-VAN-NUESTRAS-OBRAS-011_004-800x1132.png 800w,https:\/\/amc.gov.co\/amc\/wp-content\/uploads\/2023\/03\/ASI-VAN-NUESTRAS-OBRAS-011_004-4958x7016.png 4958w\" src=\"https:\/\/amc.gov.co\/amc\/wp-content\/uploads\/2023\/03\/ASI-VAN-NUESTRAS-OBRAS-011_004-4958x7016.png\" data-img-src=\"https:\/\/amc.gov.co\/amc\/wp-content\/uploads\/2023\/03\/ASI-VAN-NUESTRAS-OBRAS-011_004.png\" alt=\"\" title=\"ASI VAN NUESTRAS OBRAS #011_004\" \/><\/div><\/div><figcaption hidden=\"\"><\/figcaption><\/figure><\/div><\/div><div class=\"vce-single-image-container vce-single-image--align-center\"><div class=\"vce vce-single-image-wrapper\" id=\"el-1f284c1c\" data-vce-do-apply=\"all el-1f284c1c\"><figure><div class=\"vce-single-image-figure-inner\" style=\"width: 4958px;\"><div class=\"vce-single-image-inner vce-single-image--absolute vce-single-image--border-rounded\" style=\"width: 100%; padding-bottom: 141.509%;\"><img loading=\"lazy\" decoding=\"async\" class=\"vce-single-image\"  width=\"4958\" height=\"7016\" srcset=\"https:\/\/amc.gov.co\/amc\/wp-content\/uploads\/2023\/03\/ASI-VAN-NUESTRAS-OBRAS-011_005-320x453.png 320w,https:\/\/amc.gov.co\/amc\/wp-content\/uploads\/2023\/03\/ASI-VAN-NUESTRAS-OBRAS-011_005-480x679.png 480w,https:\/\/amc.gov.co\/amc\/wp-content\/uploads\/2023\/03\/ASI-VAN-NUESTRAS-OBRAS-011_005-800x1132.png 800w,https:\/\/amc.gov.co\/amc\/wp-content\/uploads\/2023\/03\/ASI-VAN-NUESTRAS-OBRAS-011_005-4958x7016.png 4958w\" src=\"https:\/\/amc.gov.co\/amc\/wp-content\/uploads\/2023\/03\/ASI-VAN-NUESTRAS-OBRAS-011_005-4958x7016.png\" data-img-src=\"https:\/\/amc.gov.co\/amc\/wp-content\/uploads\/2023\/03\/ASI-VAN-NUESTRAS-OBRAS-011_005.png\" alt=\"\" title=\"ASI VAN NUESTRAS OBRAS #011_005\" \/><\/div><\/div><figcaption hidden=\"\"><\/figcaption><\/figure><\/div><\/div><div class=\"vce-single-image-container vce-single-image--align-center\"><div class=\"vce vce-single-image-wrapper\" id=\"el-50114b39\" data-vce-do-apply=\"all el-50114b39\"><figure><div class=\"vce-single-image-figure-inner\" style=\"width: 4958px;\"><div class=\"vce-single-image-inner vce-single-image--absolute vce-single-image--border-rounded\" style=\"width: 100%; padding-bottom: 141.509%;\"><img loading=\"lazy\" decoding=\"async\" class=\"vce-single-image\"  width=\"4958\" height=\"7016\" srcset=\"https:\/\/amc.gov.co\/amc\/wp-content\/uploads\/2023\/03\/ASI-VAN-NUESTRAS-OBRAS-011_006-320x453.png 320w,https:\/\/amc.gov.co\/amc\/wp-content\/uploads\/2023\/03\/ASI-VAN-NUESTRAS-OBRAS-011_006-480x679.png 480w,https:\/\/amc.gov.co\/amc\/wp-content\/uploads\/2023\/03\/ASI-VAN-NUESTRAS-OBRAS-011_006-800x1132.png 800w,https:\/\/amc.gov.co\/amc\/wp-content\/uploads\/2023\/03\/ASI-VAN-NUESTRAS-OBRAS-011_006-4958x7016.png 4958w\" src=\"https:\/\/amc.gov.co\/amc\/wp-content\/uploads\/2023\/03\/ASI-VAN-NUESTRAS-OBRAS-011_006-4958x7016.png\" data-img-src=\"https:\/\/amc.gov.co\/amc\/wp-content\/uploads\/2023\/03\/ASI-VAN-NUESTRAS-OBRAS-011_006.png\" alt=\"\" title=\"ASI VAN NUESTRAS OBRAS #011_006\" \/><\/div><\/div><figcaption hidden=\"\"><\/figcaption><\/figure><\/div><\/div><div class=\"vce-single-image-container vce-single-image--align-center\"><div class=\"vce vce-single-image-wrapper\" id=\"el-f9195186\" data-vce-do-apply=\"all el-f9195186\"><figure><div class=\"vce-single-image-figure-inner\" style=\"width: 4958px;\"><div class=\"vce-single-image-inner vce-single-image--absolute vce-single-image--border-rounded\" style=\"width: 100%; padding-bottom: 141.509%;\"><img loading=\"lazy\" decoding=\"async\" class=\"vce-single-image\"  width=\"4958\" height=\"7016\" srcset=\"https:\/\/amc.gov.co\/amc\/wp-content\/uploads\/2023\/03\/ASI-VAN-NUESTRAS-OBRAS-011_007-320x453.png 320w,https:\/\/amc.gov.co\/amc\/wp-content\/uploads\/2023\/03\/ASI-VAN-NUESTRAS-OBRAS-011_007-480x679.png 480w,https:\/\/amc.gov.co\/amc\/wp-content\/uploads\/2023\/03\/ASI-VAN-NUESTRAS-OBRAS-011_007-800x1132.png 800w,https:\/\/amc.gov.co\/amc\/wp-content\/uploads\/2023\/03\/ASI-VAN-NUESTRAS-OBRAS-011_007-4958x7016.png 4958w\" src=\"https:\/\/amc.gov.co\/amc\/wp-content\/uploads\/2023\/03\/ASI-VAN-NUESTRAS-OBRAS-011_007-4958x7016.png\" data-img-src=\"https:\/\/amc.gov.co\/amc\/wp-content\/uploads\/2023\/03\/ASI-VAN-NUESTRAS-OBRAS-011_007.png\" alt=\"\" title=\"ASI VAN NUESTRAS OBRAS #011_007\" \/><\/div><\/div><figcaption hidden=\"\"><\/figcaption><\/figure><\/div><\/div><div class=\"vce-single-image-container vce-single-image--align-center\"><div class=\"vce vce-single-image-wrapper\" id=\"el-a4d978a8\" data-vce-do-apply=\"all el-a4d978a8\"><figure><div class=\"vce-single-image-figure-inner\" style=\"width: 4958px;\"><div class=\"vce-single-image-inner vce-single-image--absolute vce-single-image--border-rounded\" style=\"width: 100%; padding-bottom: 141.509%;\"><img loading=\"lazy\" decoding=\"async\" class=\"vce-single-image\"  width=\"4958\" height=\"7016\" srcset=\"https:\/\/amc.gov.co\/amc\/wp-content\/uploads\/2023\/03\/ASI-VAN-NUESTRAS-OBRAS-011_008-320x453.png 320w,https:\/\/amc.gov.co\/amc\/wp-content\/uploads\/2023\/03\/ASI-VAN-NUESTRAS-OBRAS-011_008-480x679.png 480w,https:\/\/amc.gov.co\/amc\/wp-content\/uploads\/2023\/03\/ASI-VAN-NUESTRAS-OBRAS-011_008-800x1132.png 800w,https:\/\/amc.gov.co\/amc\/wp-content\/uploads\/2023\/03\/ASI-VAN-NUESTRAS-OBRAS-011_008-4958x7016.png 4958w\" src=\"https:\/\/amc.gov.co\/amc\/wp-content\/uploads\/2023\/03\/ASI-VAN-NUESTRAS-OBRAS-011_008-4958x7016.png\" data-img-src=\"https:\/\/amc.gov.co\/amc\/wp-content\/uploads\/2023\/03\/ASI-VAN-NUESTRAS-OBRAS-011_008.png\" alt=\"\" title=\"ASI VAN NUESTRAS OBRAS #011_008\" \/><\/div><\/div><figcaption hidden=\"\"><\/figcaption><\/figure><\/div><\/div><div class=\"vce-single-image-container vce-single-image--align-left\"><div class=\"vce vce-single-image-wrapper\" id=\"el-cd7333d2\" data-vce-do-apply=\"all el-cd7333d2\"><figure><div class=\"vce-single-image-figure-inner\" style=\"width: 4958px;\"><div class=\"vce-single-image-inner vce-single-image--absolute\" style=\"width: 100%; padding-bottom: 141.509%;\"><img loading=\"lazy\" decoding=\"async\" class=\"vce-single-image\"  width=\"4958\" height=\"7016\" srcset=\"https:\/\/amc.gov.co\/amc\/wp-content\/uploads\/2023\/03\/ASI-VAN-NUESTRAS-OBRAS-011_009-320x453.png 320w,https:\/\/amc.gov.co\/amc\/wp-content\/uploads\/2023\/03\/ASI-VAN-NUESTRAS-OBRAS-011_009-480x679.png 480w,https:\/\/amc.gov.co\/amc\/wp-content\/uploads\/2023\/03\/ASI-VAN-NUESTRAS-OBRAS-011_009-800x1132.png 800w,https:\/\/amc.gov.co\/amc\/wp-content\/uploads\/2023\/03\/ASI-VAN-NUESTRAS-OBRAS-011_009-4958x7016.png 4958w\" src=\"https:\/\/amc.gov.co\/amc\/wp-content\/uploads\/2023\/03\/ASI-VAN-NUESTRAS-OBRAS-011_009-4958x7016.png\" data-img-src=\"https:\/\/amc.gov.co\/amc\/wp-content\/uploads\/2023\/03\/ASI-VAN-NUESTRAS-OBRAS-011_009.png\" alt=\"\" title=\"ASI VAN NUESTRAS OBRAS #011_009\" \/><\/div><\/div><figcaption hidden=\"\"><\/figcaption><\/figure><\/div><\/div><div class=\"vce-single-image-container vce-single-image--align-center\"><div class=\"vce vce-single-image-wrapper\" id=\"el-f5be693b\" data-vce-do-apply=\"all el-f5be693b\"><figure><div class=\"vce-single-image-figure-inner\" style=\"width: 4958px;\"><div class=\"vce-single-image-inner vce-single-image--absolute vce-single-image--border-rounded\" style=\"width: 100%; padding-bottom: 141.509%;\"><img loading=\"lazy\" decoding=\"async\" class=\"vce-single-image\"  width=\"4958\" height=\"7016\" srcset=\"https:\/\/amc.gov.co\/amc\/wp-content\/uploads\/2023\/03\/ASI-VAN-NUESTRAS-OBRAS-011_010-320x453.png 320w,https:\/\/amc.gov.co\/amc\/wp-content\/uploads\/2023\/03\/ASI-VAN-NUESTRAS-OBRAS-011_010-480x679.png 480w,https:\/\/amc.gov.co\/amc\/wp-content\/uploads\/2023\/03\/ASI-VAN-NUESTRAS-OBRAS-011_010-800x1132.png 800w,https:\/\/amc.gov.co\/amc\/wp-content\/uploads\/2023\/03\/ASI-VAN-NUESTRAS-OBRAS-011_010-4958x7016.png 4958w\" src=\"https:\/\/amc.gov.co\/amc\/wp-content\/uploads\/2023\/03\/ASI-VAN-NUESTRAS-OBRAS-011_010-4958x7016.png\" data-img-src=\"https:\/\/amc.gov.co\/amc\/wp-content\/uploads\/2023\/03\/ASI-VAN-NUESTRAS-OBRAS-011_010.png\" alt=\"\" title=\"ASI VAN NUESTRAS OBRAS #011_010\" \/><\/div><\/div><figcaption hidden=\"\"><\/figcaption><\/figure><\/div><\/div><\/div><\/div><\/div><\/div><\/div><\/div><div class=\"vce-row-container\"><div class=\"vce-row vce-element--has-background vce-row--col-gap-30 vce-row-content--top\" data-vce-full-width=\"true\" data-vce-stretch-content=\"true\" id=\"el-53fa177f\" data-vce-do-apply=\"all el-53fa177f\"><div class=\"vce-content-background-container\"><div class=\"vce-asset-background-simple-container vce-visible-all-only vce-asset-background-simple--style-cover vce-asset-background-simple--position-center-top\"><div class=\"vce-asset-background-simple\">\r\n              <div class=\"vce-asset-background-simple-item vcv-lozad\" data-background-image=\"https:\/\/www.aunap.gov.co\/wp-content\/uploads\/2021\/08\/fondo-contadores.png\"><\/div>\r\n              <noscript>\r\n                <div class=\"vce-asset-background-simple-item\" style=\"background-image: url(https:\/\/www.aunap.gov.co\/wp-content\/uploads\/2021\/08\/fondo-contadores.png)\"><\/div>\r\n              <\/noscript>\r\n            <\/div><\/div><\/div><div class=\"vce-row-content\" data-vce-element-content=\"true\"><div class=\"vce-col vce-col--md-auto vce-col--xs-1 vce-col--xs-last vce-col--xs-first vce-col--sm-last vce-col--sm-first vce-col--md-first vce-col--lg-first vce-col--xl-first\" id=\"el-2feb329c\"><div class=\"vce-col-inner\" data-vce-do-apply=\"border margin background  el-2feb329c\"><div class=\"vce-col-content\" data-vce-element-content=\"true\" data-vce-do-apply=\"padding el-2feb329c\"><div class=\"vce-text-block\"><div class=\"vce-text-block-wrapper vce\" id=\"el-8e33d392\" data-vce-do-apply=\"all el-8e33d392\"><ul class=\"section-imprimir\"><br> \t<li class=\"share-print\" role=\"presentation\"><a title=\"Imprimir\" href=\"javascript:window.print(); void 0;\"><span class=\"fa fa-print fa-2x\" aria-hidden=\"true\"><\/span><span class=\"hidden\">Imprimir<\/span><\/a><\/li><br><\/ul><\/div><\/div><\/div><\/div><\/div><div class=\"vce-col vce-col--md-auto vce-col--xs-1 vce-col--xs-last vce-col--xs-first vce-col--sm-last vce-col--sm-first vce-col--md-last vce-col--lg-last vce-col--xl-last\" id=\"el-fcf78d0a\"><div class=\"vce-col-inner\" data-vce-do-apply=\"border margin background  el-fcf78d0a\"><div class=\"vce-col-content\" data-vce-element-content=\"true\" data-vce-do-apply=\"padding el-fcf78d0a\"><div class=\"vce-text-block\"><div class=\"vce-text-block-wrapper vce\" id=\"el-383adcb2\" data-vce-do-apply=\"all el-383adcb2\"><div class=\"section-count\">N\u00famero de visitas a esta p\u00e1gina 0<br>Fecha de publicaci\u00f3n 7 marzo, 2023<br>\u00daltima modificaci\u00f3n 25 mayo, 2023<\/div><\/div><\/div><\/div><\/div><\/div><\/div><\/div><\/div>\n","protected":false},"excerpt":{"rendered":"<p>Inicio &nbsp; &nbsp; \/ &nbsp; Prensa &nbsp; &nbsp; \/ &nbsp; Revista &#8211; As\u00ed van nuestras obras&nbsp; &nbsp; \/ &nbsp; Revista # 011 ImprimirN\u00famero de visitas a esta p\u00e1gina Fecha de publicaci\u00f3n \u00daltima modificaci\u00f3n<\/p>\n","protected":false},"author":3,"featured_media":0,"parent":0,"menu_order":0,"comment_status":"closed","ping_status":"closed","template":"","meta":{"footnotes":"","_mc_calendar":[],"_joinchat":[]},"_links":{"self":[{"href":"https:\/\/amc.gov.co\/amc\/wp-json\/wp\/v2\/pages\/12658"}],"collection":[{"href":"https:\/\/amc.gov.co\/amc\/wp-json\/wp\/v2\/pages"}],"about":[{"href":"https:\/\/amc.gov.co\/amc\/wp-json\/wp\/v2\/types\/page"}],"author":[{"embeddable":true,"href":"https:\/\/amc.gov.co\/amc\/wp-json\/wp\/v2\/users\/3"}],"replies":[{"embeddable":true,"href":"https:\/\/amc.gov.co\/amc\/wp-json\/wp\/v2\/comments?post=12658"}],"version-history":[{"count":8,"href":"https:\/\/amc.gov.co\/amc\/wp-json\/wp\/v2\/pages\/12658\/revisions"}],"predecessor-version":[{"id":12704,"href":"https:\/\/amc.gov.co\/amc\/wp-json\/wp\/v2\/pages\/12658\/revisions\/12704"}],"wp:attachment":[{"href":"https:\/\/amc.gov.co\/amc\/wp-json\/wp\/v2\/media?parent=12658"}],"curies":[{"name":"wp","href":"https:\/\/api.w.org\/{rel}","templated":true}]}}