{"id":12511,"date":"2023-03-03T10:53:38","date_gmt":"2023-03-03T15:53:38","guid":{"rendered":"https:\/\/amc.gov.co\/amc\/?page_id=12511"},"modified":"2023-03-08T08:52:09","modified_gmt":"2023-03-08T13:52:09","slug":"asi-van-nuestras-obras","status":"publish","type":"page","link":"https:\/\/amc.gov.co\/amc\/asi-van-nuestras-obras\/","title":{"rendered":"AS\u00cd VAN NUESTRAS OBRAS"},"content":{"rendered":"<div class=\"vce-row-container\"><div class=\"vce-row vce-row--col-gap-30 vce-row-equal-height vce-row-content--top\" data-vce-full-width=\"true\" data-vce-stretch-content=\"true\" id=\"el-20108f48\" data-vce-do-apply=\"all el-20108f48\"><div class=\"vce-row-content\" data-vce-element-content=\"true\"><div class=\"vce-col vce-col--md-auto vce-col--xs-1 vce-col--xs-last vce-col--xs-first vce-col--sm-last vce-col--sm-first vce-col--md-last vce-col--lg-last vce-col--xl-last vce-col--md-first vce-col--lg-first vce-col--xl-first\" id=\"el-8d7d0e54\"><div class=\"vce-col-inner\" data-vce-do-apply=\"border margin background  el-8d7d0e54\"><div class=\"vce-col-content\" data-vce-element-content=\"true\" data-vce-do-apply=\"padding el-8d7d0e54\"><div class=\"vce-text-block\"><div class=\"vce-text-block-wrapper vce\" id=\"el-5105311d\" data-vce-do-apply=\"all el-5105311d\"><nav aria-label=\"breadcrumb\"><br><ol class=\"breadcrumb gov-co-breadcrumb\"><br> \t<li class=\"breadcrumb-item\"><a href=\"\/amc\/\"><i class=\"fas fa-home\"><\/i> Inicio \/ <\/a><\/li><br>\t<li class=\"breadcrumb-item\"><a href=\"\/amc\/prensa\/\/\"><i class=\"fas fa-home\"><\/i> &nbsp; Prensa \/ <\/a><\/li><br>\t<li class=\"breadcrumb-item\"><a href=\"\/amc\/asi-van-nuestras-obras\/\"><i class=\"fas fa-home\"><\/i> &nbsp; Revista - As\u00ed van nuestras obras \/ <\/a><\/li><br><\/ol><br><\/nav><\/div><\/div><div class=\"vce-text-block\"><div class=\"vce-text-block-wrapper vce\" id=\"el-0def553e\" data-vce-do-apply=\"all el-0def553e\"><p style=\"text-align: center;\"><strong><span style=\"font-family: Montserrat; font-size: 24pt;\">REVISTA \u00c1REA METROPOLITANA DE C\u00daCUTA<\/span><\/strong><\/p><p><span style=\"font-size: 24pt;\">As\u00ed van nuestras obras<\/span><\/p><\/div><\/div><\/div><\/div><\/div><\/div><\/div><\/div><div class=\"vce-row-container\"><div class=\"vce-row vce-row--col-gap-30 vce-row-equal-height vce-row-content--middle\" data-vce-full-width=\"true\" data-vce-stretch-content=\"true\" id=\"el-7041d5d2\" data-vce-do-apply=\"all el-7041d5d2\"><div class=\"vce-row-content\" data-vce-element-content=\"true\"><div class=\"vce-col vce-col--md-auto vce-col--xs-1 vce-col--xs-last vce-col--xs-first vce-col--sm-last vce-col--sm-first vce-col--md-first vce-col--lg-first vce-col--xl-first\" id=\"el-cb2a4880\"><div class=\"vce-col-inner\" data-vce-do-apply=\"border margin background  el-cb2a4880\"><div class=\"vce-col-content\" data-vce-element-content=\"true\" data-vce-do-apply=\"padding el-cb2a4880\"><div class=\"vce-single-image-container vce-single-image--align-center\"><div class=\"vce vce-single-image-wrapper\" id=\"el-9764518e\" data-vce-do-apply=\"all el-9764518e\"><figure><div class=\"vce-single-image-figure-inner\" style=\"width: 4958px;\"><a href=\"https:\/\/amc.gov.co\/amc\/asi-van-nuestras-obras-011\/\" title=\"\" rel=\"nofollow\" class=\"vce-single-image-inner vce-single-image--absolute vce-single-image--border-rounded\" style=\"width: 100%; padding-bottom: 141.509%;\"><img loading=\"lazy\" decoding=\"async\" class=\"vce-single-image\"  width=\"4958\" height=\"7016\" srcset=\"https:\/\/amc.gov.co\/amc\/wp-content\/uploads\/2023\/03\/ASI-VAN-NUESTRAS-OBRAS-011_001-320x453.png 320w,https:\/\/amc.gov.co\/amc\/wp-content\/uploads\/2023\/03\/ASI-VAN-NUESTRAS-OBRAS-011_001-480x679.png 480w,https:\/\/amc.gov.co\/amc\/wp-content\/uploads\/2023\/03\/ASI-VAN-NUESTRAS-OBRAS-011_001-800x1132.png 800w,https:\/\/amc.gov.co\/amc\/wp-content\/uploads\/2023\/03\/ASI-VAN-NUESTRAS-OBRAS-011_001-4958x7016.png 4958w\" src=\"https:\/\/amc.gov.co\/amc\/wp-content\/uploads\/2023\/03\/ASI-VAN-NUESTRAS-OBRAS-011_001-4958x7016.png\" data-img-src=\"https:\/\/amc.gov.co\/amc\/wp-content\/uploads\/2023\/03\/ASI-VAN-NUESTRAS-OBRAS-011_001.png\" alt=\"\" title=\"As\u00ed van nuestras obras # 011\" \/><\/a><\/div><figcaption>As\u00ed van nuestras obras # 011<\/figcaption><\/figure><\/div><\/div><\/div><\/div><\/div><div class=\"vce-col vce-col--md-auto vce-col--xs-1 vce-col--xs-last vce-col--xs-first vce-col--sm-last vce-col--sm-first\" id=\"el-f2807e9b\"><div class=\"vce-col-inner\" data-vce-do-apply=\"border margin background  el-f2807e9b\"><div class=\"vce-col-content\" data-vce-element-content=\"true\" data-vce-do-apply=\"padding el-f2807e9b\"><div><\/div><\/div><\/div><\/div><div class=\"vce-col vce-col--md-auto vce-col--xs-1 vce-col--xs-last vce-col--xs-first vce-col--sm-last vce-col--sm-first\" id=\"el-0c2f1521\"><div class=\"vce-col-inner\" data-vce-do-apply=\"border margin background  el-0c2f1521\"><div class=\"vce-col-content\" data-vce-element-content=\"true\" data-vce-do-apply=\"padding el-0c2f1521\"><div><\/div><\/div><\/div><\/div><div class=\"vce-col vce-col--md-auto vce-col--xs-1 vce-col--xs-last vce-col--xs-first vce-col--sm-last vce-col--sm-first vce-col--md-last vce-col--lg-last vce-col--xl-last\" id=\"el-b16f0cc7\"><div class=\"vce-col-inner\" data-vce-do-apply=\"border margin background  el-b16f0cc7\"><div class=\"vce-col-content\" data-vce-element-content=\"true\" data-vce-do-apply=\"padding el-b16f0cc7\"><div><\/div><\/div><\/div><\/div><\/div><\/div><\/div><div class=\"vce-row-container\"><div class=\"vce-row vce-row--col-gap-30 vce-row-equal-height vce-row-content--middle\" data-vce-full-width=\"true\" data-vce-stretch-content=\"true\" id=\"el-2b5eefdd\" data-vce-do-apply=\"all el-2b5eefdd\"><div class=\"vce-row-content\" data-vce-element-content=\"true\"><div class=\"vce-col vce-col--md-auto vce-col--xs-1 vce-col--xs-last vce-col--xs-first vce-col--sm-last vce-col--sm-first vce-col--md-first vce-col--lg-first vce-col--xl-first\" id=\"el-b5a0d3ce\"><div class=\"vce-col-inner\" data-vce-do-apply=\"border margin background  el-b5a0d3ce\"><div class=\"vce-col-content\" data-vce-element-content=\"true\" data-vce-do-apply=\"padding el-b5a0d3ce\"><div class=\"vce-single-image-container vce-single-image--align-center\"><div class=\"vce vce-single-image-wrapper\" id=\"el-94fda6b2\" data-vce-do-apply=\"all el-94fda6b2\"><figure><div class=\"vce-single-image-figure-inner\" style=\"width: 4958px;\"><a href=\"https:\/\/amc.gov.co\/amc\/asi-van-nuestras-obras-003\/\" title=\"\" rel=\"nofollow\" class=\"vce-single-image-inner vce-single-image--absolute vce-single-image--border-rounded\" style=\"width: 100%; padding-bottom: 141.509%;\"><img loading=\"lazy\" decoding=\"async\" class=\"vce-single-image\"  width=\"4958\" height=\"7016\" srcset=\"https:\/\/amc.gov.co\/amc\/wp-content\/uploads\/2023\/03\/ASI-VAN-NUESTRAS-OBRAS-003_001-320x453.png 320w,https:\/\/amc.gov.co\/amc\/wp-content\/uploads\/2023\/03\/ASI-VAN-NUESTRAS-OBRAS-003_001-480x679.png 480w,https:\/\/amc.gov.co\/amc\/wp-content\/uploads\/2023\/03\/ASI-VAN-NUESTRAS-OBRAS-003_001-800x1132.png 800w,https:\/\/amc.gov.co\/amc\/wp-content\/uploads\/2023\/03\/ASI-VAN-NUESTRAS-OBRAS-003_001-4958x7016.png 4958w\" src=\"https:\/\/amc.gov.co\/amc\/wp-content\/uploads\/2023\/03\/ASI-VAN-NUESTRAS-OBRAS-003_001-4958x7016.png\" data-img-src=\"https:\/\/amc.gov.co\/amc\/wp-content\/uploads\/2023\/03\/ASI-VAN-NUESTRAS-OBRAS-003_001.png\" alt=\"\" title=\"As\u00ed van nuestras obras # 003\" \/><\/a><\/div><figcaption>As\u00ed van nuestras obras # 003<\/figcaption><\/figure><\/div><\/div><\/div><\/div><\/div><div class=\"vce-col vce-col--md-auto vce-col--xs-1 vce-col--xs-last vce-col--xs-first vce-col--sm-last vce-col--sm-first\" id=\"el-5599b1e8\"><div class=\"vce-col-inner\" data-vce-do-apply=\"border margin background  el-5599b1e8\"><div class=\"vce-col-content\" data-vce-element-content=\"true\" data-vce-do-apply=\"padding el-5599b1e8\"><div class=\"vce-single-image-container vce-single-image--align-center\"><div class=\"vce vce-single-image-wrapper\" id=\"el-b7c3b7a4\" data-vce-do-apply=\"all el-b7c3b7a4\"><figure><div class=\"vce-single-image-figure-inner\" style=\"width: 4958px;\"><a href=\"https:\/\/amc.gov.co\/amc\/asi-van-nuestras-obras-002\" title=\"\" rel=\"nofollow\" class=\"vce-single-image-inner vce-single-image--absolute vce-single-image--border-rounded\" style=\"width: 100%; padding-bottom: 141.509%;\"><img loading=\"lazy\" decoding=\"async\" class=\"vce-single-image\"  width=\"4958\" height=\"7016\" srcset=\"https:\/\/amc.gov.co\/amc\/wp-content\/uploads\/2023\/03\/ASI-VAN-NUESTRAS-OBRAS-002_001-320x453.png 320w,https:\/\/amc.gov.co\/amc\/wp-content\/uploads\/2023\/03\/ASI-VAN-NUESTRAS-OBRAS-002_001-480x679.png 480w,https:\/\/amc.gov.co\/amc\/wp-content\/uploads\/2023\/03\/ASI-VAN-NUESTRAS-OBRAS-002_001-800x1132.png 800w,https:\/\/amc.gov.co\/amc\/wp-content\/uploads\/2023\/03\/ASI-VAN-NUESTRAS-OBRAS-002_001-4958x7016.png 4958w\" src=\"https:\/\/amc.gov.co\/amc\/wp-content\/uploads\/2023\/03\/ASI-VAN-NUESTRAS-OBRAS-002_001-4958x7016.png\" data-img-src=\"https:\/\/amc.gov.co\/amc\/wp-content\/uploads\/2023\/03\/ASI-VAN-NUESTRAS-OBRAS-002_001.png\" alt=\"\" title=\"As\u00ed van nuestras obras # 002\" \/><\/a><\/div><figcaption>As\u00ed van nuestras obras # 002<\/figcaption><\/figure><\/div><\/div><\/div><\/div><\/div><div class=\"vce-col vce-col--md-auto vce-col--xs-1 vce-col--xs-last vce-col--xs-first vce-col--sm-last vce-col--sm-first\" id=\"el-6c5ea029\"><div class=\"vce-col-inner\" data-vce-do-apply=\"border margin background  el-6c5ea029\"><div class=\"vce-col-content\" data-vce-element-content=\"true\" data-vce-do-apply=\"padding el-6c5ea029\"><div class=\"vce-single-image-container vce-single-image--align-center\"><div class=\"vce vce-single-image-wrapper\" id=\"el-b4462750\" data-vce-do-apply=\"all el-b4462750\"><figure><div class=\"vce-single-image-figure-inner\" style=\"width: 2479px;\"><a href=\"https:\/\/amc.gov.co\/amc\/asi-van-nuestras-obras-001\/\" title=\"\" rel=\"nofollow\" class=\"vce-single-image-inner vce-single-image--absolute vce-single-image--border-rounded\" style=\"width: 100%; padding-bottom: 141.509%;\"><img loading=\"lazy\" decoding=\"async\" class=\"vce-single-image\"  width=\"2479\" height=\"3508\" srcset=\"https:\/\/amc.gov.co\/amc\/wp-content\/uploads\/2023\/03\/ASI-VAN-NUESTRAS-OBRAS-001_001-320x453.png 320w,https:\/\/amc.gov.co\/amc\/wp-content\/uploads\/2023\/03\/ASI-VAN-NUESTRAS-OBRAS-001_001-480x679.png 480w,https:\/\/amc.gov.co\/amc\/wp-content\/uploads\/2023\/03\/ASI-VAN-NUESTRAS-OBRAS-001_001-800x1132.png 800w,https:\/\/amc.gov.co\/amc\/wp-content\/uploads\/2023\/03\/ASI-VAN-NUESTRAS-OBRAS-001_001-2479x3508.png 2479w\" src=\"https:\/\/amc.gov.co\/amc\/wp-content\/uploads\/2023\/03\/ASI-VAN-NUESTRAS-OBRAS-001_001-2479x3508.png\" data-img-src=\"https:\/\/amc.gov.co\/amc\/wp-content\/uploads\/2023\/03\/ASI-VAN-NUESTRAS-OBRAS-001_001.png\" alt=\"Revista \u00c1rea Metropolitana de C\u00facuta\" title=\"As\u00ed van nuestras obras # 001\" \/><\/a><\/div><figcaption>As\u00ed van nuestras obras # 001<\/figcaption><\/figure><\/div><\/div><\/div><\/div><\/div><div class=\"vce-col vce-col--md-auto vce-col--xs-1 vce-col--xs-last vce-col--xs-first vce-col--sm-last vce-col--sm-first vce-col--md-last vce-col--lg-last vce-col--xl-last\" id=\"el-2aaec7ce\"><div class=\"vce-col-inner\" data-vce-do-apply=\"border margin background  el-2aaec7ce\"><div class=\"vce-col-content\" data-vce-element-content=\"true\" data-vce-do-apply=\"padding el-2aaec7ce\"><div><\/div><\/div><\/div><\/div><\/div><\/div><\/div><div class=\"vce-row-container\"><div class=\"vce-row vce-element--has-background vce-row--col-gap-30 vce-row-content--top\" data-vce-full-width=\"true\" data-vce-stretch-content=\"true\" id=\"el-887d679d\" data-vce-do-apply=\"all el-887d679d\"><div class=\"vce-content-background-container\"><div class=\"vce-asset-background-simple-container vce-visible-all-only vce-asset-background-simple--style-cover vce-asset-background-simple--position-center-top\"><div class=\"vce-asset-background-simple\">\n              <div class=\"vce-asset-background-simple-item vcv-lozad\" data-background-image=\"https:\/\/www.aunap.gov.co\/wp-content\/uploads\/2021\/08\/fondo-contadores.png\"><\/div>\n              <noscript>\n                <div class=\"vce-asset-background-simple-item\" style=\"background-image: url(https:\/\/www.aunap.gov.co\/wp-content\/uploads\/2021\/08\/fondo-contadores.png)\"><\/div>\n              <\/noscript>\n            <\/div><\/div><\/div><div class=\"vce-row-content\" data-vce-element-content=\"true\"><div class=\"vce-col vce-col--md-auto vce-col--xs-1 vce-col--xs-last vce-col--xs-first vce-col--sm-last vce-col--sm-first vce-col--md-first vce-col--lg-first vce-col--xl-first\" id=\"el-bfa84aff\"><div class=\"vce-col-inner\" data-vce-do-apply=\"border margin background  el-bfa84aff\"><div class=\"vce-col-content\" data-vce-element-content=\"true\" data-vce-do-apply=\"padding el-bfa84aff\"><div class=\"vce-text-block\"><div class=\"vce-text-block-wrapper vce\" id=\"el-5652c96d\" data-vce-do-apply=\"all el-5652c96d\"><ul class=\"section-imprimir\"><br> \t<li class=\"share-print\" role=\"presentation\"><a title=\"Imprimir\" href=\"javascript:window.print(); void 0;\"><span class=\"fa fa-print fa-2x\" aria-hidden=\"true\"><\/span><span class=\"hidden\">Imprimir<\/span><\/a><\/li><br><\/ul><\/div><\/div><\/div><\/div><\/div><div class=\"vce-col vce-col--md-auto vce-col--xs-1 vce-col--xs-last vce-col--xs-first vce-col--sm-last vce-col--sm-first vce-col--md-last vce-col--lg-last vce-col--xl-last\" id=\"el-6c9c2c6b\"><div class=\"vce-col-inner\" data-vce-do-apply=\"border margin background  el-6c9c2c6b\"><div class=\"vce-col-content\" data-vce-element-content=\"true\" data-vce-do-apply=\"padding el-6c9c2c6b\"><div class=\"vce-text-block\"><div class=\"vce-text-block-wrapper vce\" id=\"el-4d29e22d\" data-vce-do-apply=\"all el-4d29e22d\"><div class=\"section-count\">N\u00famero de visitas a esta p\u00e1gina 0<br>Fecha de publicaci\u00f3n 3 marzo, 2023<br>\u00daltima modificaci\u00f3n 8 marzo, 2023<\/div><\/div><\/div><\/div><\/div><\/div><\/div><\/div><\/div>","protected":false},"excerpt":{"rendered":"<p>Inicio \/ &nbsp; Prensa \/ &nbsp; Revista &#8211; As\u00ed van nuestras obras \/ REVISTA \u00c1REA METROPOLITANA DE C\u00daCUTAAs\u00ed van nuestras obrasAs\u00ed van nuestras obras # 011As\u00ed van nuestras obras # 003As\u00ed van nuestras obras # 002As\u00ed van nuestras obras # 001 ImprimirN\u00famero de visitas a esta p\u00e1gina Fecha de publicaci\u00f3n \u00daltima modificaci\u00f3n<\/p>\n","protected":false},"author":3,"featured_media":0,"parent":0,"menu_order":0,"comment_status":"closed","ping_status":"closed","template":"","meta":{"footnotes":"","_mc_calendar":[],"_joinchat":[]},"_links":{"self":[{"href":"https:\/\/amc.gov.co\/amc\/wp-json\/wp\/v2\/pages\/12511"}],"collection":[{"href":"https:\/\/amc.gov.co\/amc\/wp-json\/wp\/v2\/pages"}],"about":[{"href":"https:\/\/amc.gov.co\/amc\/wp-json\/wp\/v2\/types\/page"}],"author":[{"embeddable":true,"href":"https:\/\/amc.gov.co\/amc\/wp-json\/wp\/v2\/users\/3"}],"replies":[{"embeddable":true,"href":"https:\/\/amc.gov.co\/amc\/wp-json\/wp\/v2\/comments?post=12511"}],"version-history":[{"count":20,"href":"https:\/\/amc.gov.co\/amc\/wp-json\/wp\/v2\/pages\/12511\/revisions"}],"predecessor-version":[{"id":13371,"href":"https:\/\/amc.gov.co\/amc\/wp-json\/wp\/v2\/pages\/12511\/revisions\/13371"}],"wp:attachment":[{"href":"https:\/\/amc.gov.co\/amc\/wp-json\/wp\/v2\/media?parent=12511"}],"curies":[{"name":"wp","href":"https:\/\/api.w.org\/{rel}","templated":true}]}}