{"id":12360,"date":"2023-02-06T14:13:50","date_gmt":"2023-02-06T19:13:50","guid":{"rendered":"https:\/\/amc.gov.co\/amc\/?page_id=12360"},"modified":"2024-06-24T14:21:49","modified_gmt":"2024-06-24T19:21:49","slug":"normatividad","status":"publish","type":"page","link":"https:\/\/amc.gov.co\/amc\/normatividad\/","title":{"rendered":"Normatividad"},"content":{"rendered":"<div class=\"vce-row-container\"><div class=\"vce-row vce-row--col-gap-30 vce-row-equal-height vce-row-content--top\" data-vce-full-width=\"true\" data-vce-stretch-content=\"true\" id=\"el-f1252965\" data-vce-do-apply=\"all el-f1252965\"><div class=\"vce-row-content\" data-vce-element-content=\"true\"><div class=\"vce-col vce-col--md-auto vce-col--xs-1 vce-col--xs-last vce-col--xs-first vce-col--sm-last vce-col--sm-first vce-col--md-last vce-col--lg-last vce-col--xl-last vce-col--md-first vce-col--lg-first vce-col--xl-first\" id=\"el-ea521564\"><div class=\"vce-col-inner\" data-vce-do-apply=\"border margin background  el-ea521564\"><div class=\"vce-col-content\" data-vce-element-content=\"true\" data-vce-do-apply=\"padding el-ea521564\"><div class=\"vce-text-block\"><div class=\"vce-text-block-wrapper vce\" id=\"el-bad244f5\" data-vce-do-apply=\"all el-bad244f5\"><nav aria-label=\"breadcrumb\"><br><ol class=\"breadcrumb gov-co-breadcrumb\"><br> \t<li class=\"breadcrumb-item\"><a href=\"https:\/\/amc.gov.co\/amc\/\"><i class=\"fas fa-home\"><\/i> Inicio <\/a><\/li><br> \t<li class=\"breadcrumb-item active\" aria-current=\"page\"><a href=\"https:\/\/amc.gov.co\/amc\/?page_id=12360\">Normatividad<\/a><\/li><br><\/ol><br><\/nav><\/div><\/div><\/div><\/div><\/div><\/div><\/div><\/div><div class=\"vce-row-container\"><div class=\"vce-row vce-row--col-gap-30 vce-row-equal-height vce-row-content--top\" data-vce-full-width=\"true\" data-vce-stretch-content=\"true\" id=\"el-9d5dd03b\" data-vce-do-apply=\"all el-9d5dd03b\"><div class=\"vce-row-content\" data-vce-element-content=\"true\"><div class=\"vce-col vce-col--md-auto vce-col--xs-1 vce-col--xs-last vce-col--xs-first vce-col--sm-last vce-col--sm-first vce-col--md-last vce-col--lg-last vce-col--xl-last vce-col--md-first vce-col--lg-first vce-col--xl-first\" id=\"el-de824370\"><div class=\"vce-col-inner\" data-vce-do-apply=\"border margin background  el-de824370\"><div class=\"vce-col-content\" data-vce-element-content=\"true\" data-vce-do-apply=\"padding el-de824370\"><div class=\"vce-text-block\"><div class=\"vce-text-block-wrapper vce\" id=\"el-e61e9440\" data-vce-do-apply=\"all el-e61e9440\"><p style=\"text-align: center;\"><span style=\"font-family: Montserrat;\"><strong><span style=\"font-size: 24pt;\">NORMATIVIDAD<\/span><\/strong><\/span><\/p><p>&nbsp;<\/p><\/div><\/div><\/div><\/div><\/div><\/div><\/div><\/div><div class=\"vce-row-container\"><div class=\"vce-row vce-row--col-gap-0 vce-row-wrap--reverse vce-row-equal-height vce-row-content--top\" data-vce-full-width=\"true\" data-vce-stretch-content=\"true\" id=\"el-24a780d2\" data-vce-do-apply=\"all el-24a780d2\"><div class=\"vce-content-background-container\"><\/div><div class=\"vce-row-content\" data-vce-element-content=\"true\"><div class=\"vce-col vce-col--md-100p vce-col--xs-1 vce-col--xs-last vce-col--xs-first vce-col--sm-last vce-col--sm-first vce-col--md-last vce-col--lg-last vce-col--xl-last vce-col--md-first vce-col--lg-first vce-col--xl-first\" id=\"el-fabaa68e\"><div class=\"vce-col-inner\" data-vce-do-apply=\"border margin background  el-fabaa68e\"><div class=\"vce-col-content\" data-vce-element-content=\"true\" data-vce-do-apply=\"padding el-fabaa68e\"><div class=\"vce-shortcode\"><div class=\"vce-shortcode-wrapper vce\" id=\"el-8d7b9b81\" data-vce-do-apply=\"all el-8d7b9b81\"><\/div><\/div><\/div><\/div><\/div><\/div><\/div><\/div><div class=\"vce-row-container\"><div class=\"vce-row vce-row--col-gap-30 vce-row-equal-height vce-row-content--top\" data-vce-full-width=\"true\" data-vce-stretch-content=\"true\" id=\"el-a71948eb\" data-vce-do-apply=\"all el-a71948eb\"><div class=\"vce-row-content\" data-vce-element-content=\"true\"><div class=\"vce-col vce-col--md-auto vce-col--xs-1 vce-col--xs-last vce-col--xs-first vce-col--sm-last vce-col--sm-first vce-col--md-first vce-col--lg-first vce-col--xl-first\" id=\"el-d75ba47c\"><div class=\"vce-col-inner\" data-vce-do-apply=\"border margin background  el-d75ba47c\"><div class=\"vce-col-content\" data-vce-element-content=\"true\" data-vce-do-apply=\"padding el-d75ba47c\"><div class=\"vce-single-image-container vce-single-image--align-center\"><div class=\"vce vce-single-image-wrapper\" id=\"el-5e93a853\" data-vce-do-apply=\"all el-5e93a853\"><figure><div class=\"vce-single-image-figure-inner\" style=\"width: 64px;\"><a href=\"https:\/\/amc.gov.co\/amc\/resoluciones-metropolitanas\/\" title=\"\" rel=\"nofollow\" class=\"vce-single-image-inner vce-single-image--absolute vce-single-image--border-rounded\" style=\"width: 100%; padding-bottom: 100%;\"><img loading=\"lazy\" decoding=\"async\" class=\"vce-single-image\"  width=\"64\" height=\"64\" srcset=\"https:\/\/amc.gov.co\/amc\/wp-content\/uploads\/2024\/06\/Resoluciones-e1675712202209-64x64.png 64w\" src=\"https:\/\/amc.gov.co\/amc\/wp-content\/uploads\/2024\/06\/Resoluciones-e1675712202209-64x64.png\" data-img-src=\"https:\/\/amc.gov.co\/amc\/wp-content\/uploads\/2023\/02\/Resoluciones-e1675712202209.png\" data-attachment-id=\"12365\"  alt=\"Resoluciones\" title=\"Resoluciones\" \/><\/a><\/div><figcaption>Resoluciones<\/figcaption><\/figure><\/div><\/div><\/div><\/div><\/div><div class=\"vce-col vce-col--md-auto vce-col--xs-1 vce-col--xs-last vce-col--xs-first vce-col--sm-last vce-col--sm-first\" id=\"el-ccd3ce15\"><div class=\"vce-col-inner\" data-vce-do-apply=\"border margin background  el-ccd3ce15\"><div class=\"vce-col-content\" data-vce-element-content=\"true\" data-vce-do-apply=\"padding el-ccd3ce15\"><div class=\"vce-single-image-container vce-single-image--align-center\"><div class=\"vce vce-single-image-wrapper\" id=\"el-15ceb9cf\" data-vce-do-apply=\"all el-15ceb9cf\"><figure><div class=\"vce-single-image-figure-inner\" style=\"width: 64px;\"><a href=\"https:\/\/amc.gov.co\/amc\/?page_id=11023\" title=\"\" rel=\"nofollow\" class=\"vce-single-image-inner vce-single-image--absolute vce-single-image--border-rounded\" style=\"width: 100%; padding-bottom: 100%;\"><img loading=\"lazy\" decoding=\"async\" class=\"vce-single-image\"  width=\"64\" height=\"64\" srcset=\"https:\/\/amc.gov.co\/amc\/wp-content\/uploads\/2024\/06\/Convenios-e1675712241732-64x64.png 64w\" src=\"https:\/\/amc.gov.co\/amc\/wp-content\/uploads\/2024\/06\/Convenios-e1675712241732-64x64.png\" data-img-src=\"https:\/\/amc.gov.co\/amc\/wp-content\/uploads\/2023\/02\/Convenios-e1675712241732.png\" data-attachment-id=\"12367\"  alt=\"Convenios\" title=\"Convenios\" \/><\/a><\/div><figcaption>Convenios<\/figcaption><\/figure><\/div><\/div><\/div><\/div><\/div><div class=\"vce-col vce-col--md-auto vce-col--xs-1 vce-col--xs-last vce-col--xs-first vce-col--sm-last vce-col--sm-first\" id=\"el-2978ec26\"><div class=\"vce-col-inner\" data-vce-do-apply=\"border margin background  el-2978ec26\"><div class=\"vce-col-content\" data-vce-element-content=\"true\" data-vce-do-apply=\"padding el-2978ec26\"><div class=\"vce-single-image-container vce-single-image--align-center\"><div class=\"vce vce-single-image-wrapper\" id=\"el-c37733f7\" data-vce-do-apply=\"all el-c37733f7\"><figure><div class=\"vce-single-image-figure-inner\" style=\"width: 64px;\"><a href=\"https:\/\/amc.gov.co\/amc\/?page_id=10371\" title=\"\" rel=\"nofollow\" class=\"vce-single-image-inner vce-single-image--absolute vce-single-image--border-rounded\" style=\"width: 100%; padding-bottom: 100%;\"><img loading=\"lazy\" decoding=\"async\" class=\"vce-single-image\"  width=\"64\" height=\"64\" srcset=\"https:\/\/amc.gov.co\/amc\/wp-content\/uploads\/2024\/06\/Convenios-3-e1675712263480-64x64.png 64w\" src=\"https:\/\/amc.gov.co\/amc\/wp-content\/uploads\/2024\/06\/Convenios-3-e1675712263480-64x64.png\" data-img-src=\"https:\/\/amc.gov.co\/amc\/wp-content\/uploads\/2023\/02\/Convenios-3-e1675712263480.png\" data-attachment-id=\"12366\"  alt=\"Acuerdos\" title=\"Acuerdos\" \/><\/a><\/div><figcaption>Acuerdos<\/figcaption><\/figure><\/div><\/div><\/div><\/div><\/div><div class=\"vce-col vce-col--md-auto vce-col--xs-1 vce-col--xs-last vce-col--xs-first vce-col--sm-last vce-col--sm-first\" id=\"el-6b97e484\"><div class=\"vce-col-inner\" data-vce-do-apply=\"border margin background  el-6b97e484\"><div class=\"vce-col-content\" data-vce-element-content=\"true\" data-vce-do-apply=\"padding el-6b97e484\"><div class=\"vce-single-image-container vce-single-image--align-center\"><div class=\"vce vce-single-image-wrapper\" id=\"el-7e7bbc32\" data-vce-do-apply=\"all el-7e7bbc32\"><figure><div class=\"vce-single-image-figure-inner\" style=\"width: 64px;\"><a href=\"https:\/\/amc.gov.co\/amc\/?page_id=13265\" title=\"\" rel=\"nofollow\" class=\"vce-single-image-inner vce-single-image--absolute vce-single-image--border-rounded\" style=\"width: 100%; padding-bottom: 100%;\"><img loading=\"lazy\" decoding=\"async\" class=\"vce-single-image\"  width=\"64\" height=\"64\" srcset=\"https:\/\/amc.gov.co\/amc\/wp-content\/uploads\/2023\/09\/Decreto-2-320x320.png 320w, https:\/\/amc.gov.co\/amc\/wp-content\/uploads\/2023\/09\/Decreto-2-480x480.png 480w, https:\/\/amc.gov.co\/amc\/wp-content\/uploads\/2024\/06\/Decreto-2-e1695222777355-64x64.png 64w\" src=\"https:\/\/amc.gov.co\/amc\/wp-content\/uploads\/2024\/06\/Decreto-2-e1695222777355-64x64.png\" data-img-src=\"https:\/\/amc.gov.co\/amc\/wp-content\/uploads\/2023\/09\/Decreto-2-e1695222777355.png\" data-attachment-id=\"13263\"  alt=\"Decretos\" title=\"Decretos\" \/><\/a><\/div><figcaption>Decretos<\/figcaption><\/figure><\/div><\/div><\/div><\/div><\/div><div class=\"vce-col vce-col--md-auto vce-col--xs-1 vce-col--xs-last vce-col--xs-first vce-col--sm-last vce-col--sm-first vce-col--md-last vce-col--lg-last vce-col--xl-last\" id=\"el-37417796\"><div class=\"vce-col-inner\" data-vce-do-apply=\"border margin background  el-37417796\"><div class=\"vce-col-content\" data-vce-element-content=\"true\" data-vce-do-apply=\"padding el-37417796\"><div class=\"vce-single-image-container vce-single-image--align-center\"><div class=\"vce vce-single-image-wrapper\" id=\"el-10e6ce50\" data-vce-do-apply=\"all el-10e6ce50\"><figure><div class=\"vce-single-image-figure-inner\" style=\"width: 64px;\"><a href=\"https:\/\/amc.gov.co\/amc\/?page_id=11021\" title=\"\" rel=\"nofollow\" class=\"vce-single-image-inner vce-single-image--absolute vce-single-image--border-rounded\" style=\"width: 100%; padding-bottom: 100%;\"><img loading=\"lazy\" decoding=\"async\" class=\"vce-single-image\"  width=\"64\" height=\"64\" srcset=\"https:\/\/amc.gov.co\/amc\/wp-content\/uploads\/2024\/06\/Edictos-1-e1675712296196-64x64.png 64w\" src=\"https:\/\/amc.gov.co\/amc\/wp-content\/uploads\/2024\/06\/Edictos-1-e1675712296196-64x64.png\" data-img-src=\"https:\/\/amc.gov.co\/amc\/wp-content\/uploads\/2023\/02\/Edictos-1-e1675712296196.png\" data-attachment-id=\"12370\"  alt=\"Circulares\" title=\"Circulares\" \/><\/a><\/div><figcaption>Circulares<\/figcaption><\/figure><\/div><\/div><\/div><\/div><\/div><\/div><\/div><\/div><div class=\"vce-row-container\"><div class=\"vce-row vce-element--has-background vce-row--col-gap-30 vce-row-content--top\" data-vce-full-width=\"true\" data-vce-stretch-content=\"true\" id=\"el-a4773a07\" data-vce-do-apply=\"all el-a4773a07\"><div class=\"vce-content-background-container\"><div class=\"vce-asset-background-simple-container vce-visible-all-only vce-asset-background-simple--style-cover vce-asset-background-simple--position-center-top\"><div class=\"vce-asset-background-simple\">\n              <div class=\"vce-asset-background-simple-item vcv-lozad\" data-background-image=\"https:\/\/www.aunap.gov.co\/wp-content\/uploads\/2021\/08\/fondo-contadores.png\"><\/div>\n              <noscript>\n                <div class=\"vce-asset-background-simple-item\" style=\"background-image: url(https:\/\/www.aunap.gov.co\/wp-content\/uploads\/2021\/08\/fondo-contadores.png)\"><\/div>\n              <\/noscript>\n            <\/div><\/div><\/div><div class=\"vce-row-content\" data-vce-element-content=\"true\"><div class=\"vce-col vce-col--md-auto vce-col--xs-1 vce-col--xs-last vce-col--xs-first vce-col--sm-last vce-col--sm-first vce-col--md-first vce-col--lg-first vce-col--xl-first\" id=\"el-cacec951\"><div class=\"vce-col-inner\" data-vce-do-apply=\"border margin background  el-cacec951\"><div class=\"vce-col-content\" data-vce-element-content=\"true\" data-vce-do-apply=\"padding el-cacec951\"><div class=\"vce-text-block\"><div class=\"vce-text-block-wrapper vce\" id=\"el-b48f75d7\" data-vce-do-apply=\"all el-b48f75d7\"><ul class=\"section-imprimir\"><br> \t<li class=\"share-print\" role=\"presentation\"><a title=\"Imprimir\" href=\"javascript:window.print(); void 0;\"><span class=\"fa fa-print fa-2x\" aria-hidden=\"true\"><\/span><span class=\"hidden\">Imprimir<\/span><\/a><\/li><br><\/ul><\/div><\/div><\/div><\/div><\/div><div class=\"vce-col vce-col--md-auto vce-col--xs-1 vce-col--xs-last vce-col--xs-first vce-col--sm-last vce-col--sm-first vce-col--md-last vce-col--lg-last vce-col--xl-last\" id=\"el-2e40df9d\"><div class=\"vce-col-inner\" data-vce-do-apply=\"border margin background  el-2e40df9d\"><div class=\"vce-col-content\" data-vce-element-content=\"true\" data-vce-do-apply=\"padding el-2e40df9d\"><div class=\"vce-text-block\"><div class=\"vce-text-block-wrapper vce\" id=\"el-c17dbdd8\" data-vce-do-apply=\"all el-c17dbdd8\"><div class=\"section-count\">N\u00famero de visitas a esta p\u00e1gina 0<br>Fecha de publicaci\u00f3n 6 febrero, 2023<br>\u00daltima modificaci\u00f3n 24 junio, 2024<\/div><\/div><\/div><\/div><\/div><\/div><\/div><\/div><\/div>\n","protected":false},"excerpt":{"rendered":"<p>Inicio NormatividadNORMATIVIDAD&nbsp;ResolucionesConveniosAcuerdosDecretosCirculares ImprimirN\u00famero de visitas a esta p\u00e1gina Fecha de publicaci\u00f3n \u00daltima modificaci\u00f3n<\/p>\n","protected":false},"author":3,"featured_media":0,"parent":0,"menu_order":0,"comment_status":"closed","ping_status":"closed","template":"","meta":{"footnotes":"","_mc_calendar":[],"_joinchat":[]},"_links":{"self":[{"href":"https:\/\/amc.gov.co\/amc\/wp-json\/wp\/v2\/pages\/12360"}],"collection":[{"href":"https:\/\/amc.gov.co\/amc\/wp-json\/wp\/v2\/pages"}],"about":[{"href":"https:\/\/amc.gov.co\/amc\/wp-json\/wp\/v2\/types\/page"}],"author":[{"embeddable":true,"href":"https:\/\/amc.gov.co\/amc\/wp-json\/wp\/v2\/users\/3"}],"replies":[{"embeddable":true,"href":"https:\/\/amc.gov.co\/amc\/wp-json\/wp\/v2\/comments?post=12360"}],"version-history":[{"count":38,"href":"https:\/\/amc.gov.co\/amc\/wp-json\/wp\/v2\/pages\/12360\/revisions"}],"predecessor-version":[{"id":14284,"href":"https:\/\/amc.gov.co\/amc\/wp-json\/wp\/v2\/pages\/12360\/revisions\/14284"}],"wp:attachment":[{"href":"https:\/\/amc.gov.co\/amc\/wp-json\/wp\/v2\/media?parent=12360"}],"curies":[{"name":"wp","href":"https:\/\/api.w.org\/{rel}","templated":true}]}}