{"id":109,"date":"2021-12-27T18:16:56","date_gmt":"2021-12-27T23:16:56","guid":{"rendered":"https:\/\/amc.royaltech.dev\/?page_id=7997"},"modified":"2025-11-01T21:27:25","modified_gmt":"2025-11-02T02:27:25","slug":"subdireccion-administrativa-y-financiera","status":"publish","type":"page","link":"https:\/\/amc.gov.co\/amc\/subdireccion-administrativa-y-financiera\/","title":{"rendered":"Subdirecci\u00f3n Administrativa y Financiera"},"content":{"rendered":"<div class=\"vce-row-container\"><div class=\"vce-row vce-row--col-gap-30 vce-row-equal-height vce-row-content--top\" data-vce-full-width=\"true\" data-vce-stretch-content=\"true\" id=\"el-8a008f58\" data-vce-do-apply=\"all el-8a008f58\"><div class=\"vce-row-content\" data-vce-element-content=\"true\"><div class=\"vce-col vce-col--md-auto vce-col--xs-1 vce-col--xs-last vce-col--xs-first vce-col--sm-last vce-col--sm-first vce-col--md-last vce-col--lg-last vce-col--xl-last vce-col--md-first vce-col--lg-first vce-col--xl-first\" id=\"el-90609305\"><div class=\"vce-col-inner\" data-vce-do-apply=\"border margin background  el-90609305\"><div class=\"vce-col-content\" data-vce-element-content=\"true\" data-vce-do-apply=\"padding el-90609305\"><div class=\"vce-text-block\"><div class=\"vce-text-block-wrapper vce\" id=\"el-ca20277d\" data-vce-do-apply=\"all el-ca20277d\"><nav aria-label=\"breadcrumb\"><br><ol class=\"breadcrumb gov-co-breadcrumb\"><br> \t<li class=\"breadcrumb-item\"><a href=\"\/\"><i class=\"fas fa-home\"><\/i> Inicio <\/a><\/li><br> \t<li class=\"breadcrumb-item active\" aria-current=\"page\"><a href=\"\/subdireccion-administrativa-y-financiera\/\">Subdirecci\u00f3n Administrativa y Financiera<\/a><\/li><br> <br><\/ol><br><\/nav><\/div><\/div><\/div><\/div><\/div><\/div><\/div><\/div><div class=\"vce-row-container\"><div class=\"vce-row vce-row--col-gap-30 vce-row-equal-height vce-row-content--top\" data-vce-full-width=\"true\" data-vce-stretch-content=\"true\" id=\"el-62100e1b\" data-vce-do-apply=\"all el-62100e1b\"><div class=\"vce-row-content\" data-vce-element-content=\"true\"><div class=\"vce-col vce-col--md-15p vce-col--xs-1 vce-col--xs-last vce-col--xs-first vce-col--sm-last vce-col--sm-first vce-col--md-first vce-col--lg-first vce-col--xl-first\" id=\"el-7600ba0d\"><div class=\"vce-col-inner\" data-vce-do-apply=\"border margin background  el-7600ba0d\"><div class=\"vce-col-content\" data-vce-element-content=\"true\" data-vce-do-apply=\"padding el-7600ba0d\"><div class=\"vcv-row-control-wrapper\"><\/div><\/div><\/div><\/div><div class=\"vce-col vce-col--md-50p vce-col--xs-1 vce-col--xs-last vce-col--xs-first vce-col--sm-last vce-col--sm-first\" id=\"el-00d139c2\"><div class=\"vce-col-inner\" data-vce-do-apply=\"border margin background  el-00d139c2\"><div class=\"vce-col-content\" data-vce-element-content=\"true\" data-vce-do-apply=\"padding el-00d139c2\"><div class=\"vce-text-block\"><div class=\"vce-text-block-wrapper vce\" id=\"el-a8d299a7\" data-vce-do-apply=\"all el-a8d299a7\"><h1>&nbsp;<\/h1>\n<h1>&nbsp;<\/h1>\n<h1 style=\"text-align: center;\"><span style=\"font-family: Montserrat; font-size: 24pt; color: #28375d;\">Subdirecci\u00f3n Administrativa y Financiera<\/span><\/h1><\/div><\/div><\/div><\/div><\/div><div class=\"vce-col vce-col--md-25p vce-col--xs-1 vce-col--xs-last vce-col--xs-first vce-col--sm-last vce-col--sm-first\" id=\"el-3ffefb22\"><div class=\"vce-col-inner\" data-vce-do-apply=\"border margin background  el-3ffefb22\"><div class=\"vce-col-content\" data-vce-element-content=\"true\" data-vce-do-apply=\"padding el-3ffefb22\"><div class=\"vce-single-image-container vce-single-image--align-center\"><div class=\"vce vce-single-image-wrapper\" id=\"el-6564bcdb\" data-vce-do-apply=\"all el-6564bcdb\"><figure><div class=\"vce-single-image-figure-inner\" style=\"width: 583px;\"><a href=\"https:\/\/amc.gov.co\/amc\/wp-content\/uploads\/2023\/02\/EdilmaCorredor.png\" data-lightbox=\"lightbox-6564bcdb\" class=\"vce-single-image-inner vce-single-image--absolute vce-single-image--border-round\" style=\"width: 100%; padding-bottom: 100%;\"><img loading=\"lazy\" decoding=\"async\" class=\"vce-single-image\"  width=\"583\" height=\"583\" srcset=\"https:\/\/amc.gov.co\/amc\/wp-content\/uploads\/2025\/11\/EdilmaCorredor-320x320.png 320w, https:\/\/amc.gov.co\/amc\/wp-content\/uploads\/2025\/11\/EdilmaCorredor-480x480.png 480w, https:\/\/amc.gov.co\/amc\/wp-content\/uploads\/2025\/11\/EdilmaCorredor-583x583.png 583w\" src=\"https:\/\/amc.gov.co\/amc\/wp-content\/uploads\/2025\/11\/EdilmaCorredor-583x583.png\" data-img-src=\"https:\/\/amc.gov.co\/amc\/wp-content\/uploads\/2023\/02\/EdilmaCorredor.png\" data-attachment-id=\"12313\"  alt=\"Subdirectora Administrativa y Financiera\" title=\"Subdirectora Administrativa y Financiera\" \/><\/a><\/div><figcaption>Edilma Corredor Hern\u00e1ndez<\/figcaption><\/figure><\/div><\/div><\/div><\/div><\/div><div class=\"vce-col vce-col--md-10p vce-col--xs-1 vce-col--xs-last vce-col--xs-first vce-col--sm-last vce-col--sm-first vce-col--md-last vce-col--lg-last vce-col--xl-last\" id=\"el-e9972373\"><div class=\"vce-col-inner\" data-vce-do-apply=\"border margin background  el-e9972373\"><div class=\"vce-col-content\" data-vce-element-content=\"true\" data-vce-do-apply=\"padding el-e9972373\"><div class=\"vcv-row-control-wrapper\"><\/div><\/div><\/div><\/div><\/div><\/div><\/div><div class=\"vce-row-container\"><div class=\"vce-row vce-row--col-gap-30 vce-row-equal-height vce-row-content--top\" data-vce-full-width=\"true\" data-vce-stretch-content=\"true\" id=\"el-b3ab8747\" data-vce-do-apply=\"all el-b3ab8747\"><div class=\"vce-row-content\" data-vce-element-content=\"true\"><div class=\"vce-col vce-col--md-auto vce-col--xs-1 vce-col--xs-last vce-col--xs-first vce-col--sm-last vce-col--sm-first vce-col--md-last vce-col--lg-last vce-col--xl-last vce-col--md-first vce-col--lg-first vce-col--xl-first\" id=\"el-ecd929b0\"><div class=\"vce-col-inner\" data-vce-do-apply=\"border margin background  el-ecd929b0\"><div class=\"vce-col-content\" data-vce-element-content=\"true\" data-vce-do-apply=\"padding el-ecd929b0\"><div class=\"vce-text-block\"><div class=\"vce-text-block-wrapper vce\" id=\"el-0076432e\" data-vce-do-apply=\"all el-0076432e\"><p><strong><span style=\"color: #808080;\"><span style=\"color: #28375d;\">PERFIL PROFESIONAL: <\/span><\/span><\/strong><span style=\"color: #808080;\"><span style=\"color: #28375d;\"><span style=\"color: #808080;\">Abogada egresada de la Universidad Aut\u00f3noma de Bucaramanga - UNAB<\/span><\/span><\/span><\/p>\n<p><span style=\"color: #808080;\">Especializada en control fiscal a entidades p\u00fablicas de la Universidad Aut\u00f3noma de Bucaramanga \u2013 UNAB. Especialista en derecho comercial de la Universidad Aut\u00f3noma de Bucaramanga \u2013 UNAB. Se desempe\u00f1\u00f3 como profesional Universitaria en la Contralor\u00eda de Santander, tambi\u00e9n como parte de su trayectoria fue Secretaria General de la C\u00e1mara de Comercio de C\u00facuta.<\/span><\/p>\n<p><strong><span style=\"color: #28375d;\">FUNCI\u00d3N<\/span><\/strong><\/p>\n<p><span style=\"color: #808080;\">\u00c1rea transversal encargada de la planificaci\u00f3n, elaboraci\u00f3n y ejecuci\u00f3n del presupuesto; manejo de los recursos que ingresan por convenios y proyectos, e informes de control, contrataci\u00f3n, compras, procesos y gesti\u00f3n documental, entre otros, en concordancia con el plan de desarrollo metropolitano.<\/span><\/p>\n<p><strong><span style=\"color: #28375d;\">PROP\u00d3SITO PRINCIPAL <\/span><\/strong><\/p>\n<p><span style=\"color: #808080;\">Planear, organizar, dirigir, coordinar, evaluar y controlar los procedimientos pertinentes de la Subdirecci\u00f3n a fin de garantizar el correcto funcionamiento de esta.<\/span><\/p>\n<p><strong><span style=\"color: #28375d;\">FUNCIONES<\/span><\/strong><\/p>\n<p><strong><span style=\"color: #28375d;\">A. Gesti\u00f3n de talento humano.<\/span><\/strong><\/p>\n<ol>\n<li><span style=\"color: #808080;\">Dirigir la Implementaci\u00f3n de la pol\u00edtica de empleo p\u00fablico y procurar la adecuada administraci\u00f3n del talento humano de la entidad.<\/span><\/li>\n<li><span style=\"color: #808080;\">Asesorar a la Direcci\u00f3n en el dise\u00f1o y elaboraci\u00f3n de los planes estrat\u00e9gicos de recursos humanos y ejecutar las pol\u00edticas institucionales sobre administraci\u00f3n y desarrollo del talento humano de la entidad.<\/span><\/li>\n<li><span style=\"color: #808080;\">Administrar la planta de personal de la entidad de conformidad los planes estrat\u00e9gicos de recurso humano.<\/span><\/li>\n<li><span style=\"color: #808080;\">Desarrollar las actuaciones administrativas necesarias para la configuraci\u00f3n de las diferentes situaciones administrativas de los servidores p\u00fablicos de la entidad<\/span><\/li>\n<li><span style=\"color: #808080;\">Coordinar la administraci\u00f3n del archivo documental y magn\u00e9tico de las Historias Laborales de servidores y ex servidores p\u00fablicos de la Entidad, de los expedientes pensionales y los antecedentes sobre cuotas partes pensionales.<\/span><\/li>\n<li><span style=\"color: #808080;\">Velar por la implementaci\u00f3n y aplicaci\u00f3n del sistema de evaluaci\u00f3n del desempe\u00f1o de la entidad, de acuerdo con las normas vigentes y los procedimientos establecidos por la Comisi\u00f3n Nacional del Servicio Civil.&nbsp;<\/span><\/li>\n<li><span style=\"color: #808080;\">Implementar, dirigir y administrar los programas de formaci\u00f3n, capacitaci\u00f3n, bienestar social, incentivos, y los programas de salud ocupacional de los servidores p\u00fablicos de la entidad en concordancia con la normatividad vigente.<\/span><\/li>\n<li><span style=\"color: #808080;\">Fallar en primera instancia los procesos de Control Interno Disciplinario, de conformidad con las disposiciones consagradas en la ley 1952 de 2019 o en las disposiciones que la modifiquen o complementen.<\/span><\/li>\n<li><span style=\"color: #808080;\">Gestionar la elaboraci\u00f3n de los contratos de prestaci\u00f3n de servicios profesionales y de apoyo a la gesti\u00f3n que sean necesario para el funcionamiento del \u00c1rea Metropolitana de C\u00facuta.<\/span>\n<p>&nbsp;<\/p>\n<\/li>\n<\/ol>\n<p><strong><span style=\"color: #28375d;\">B. Gesti\u00f3n de n\u00f3mina.<\/span><\/strong><\/p>\n<ol>\n<li><span style=\"color: #808080;\">Administrar el sistema de registro, procesamiento y liquidaci\u00f3n de la n\u00f3mina de los servidores p\u00fablicos de la entidad.<\/span><\/li>\n<li><span style=\"color: #808080;\">Procesar y autorizar el pago de la n\u00f3mina de los servidores p\u00fablicos de la entidad y de las obligaciones prestacionales y parafiscales asociadas a la n\u00f3mina.<\/span><\/li>\n<\/ol>\n<p>&nbsp;<\/p>\n<p><strong><span style=\"color: #808080;\"><span style=\"color: #28375d;\">C. Gesti\u00f3n documental, archivo y correspondencia<\/span> <\/span><\/strong><\/p>\n<ol>\n<li><span style=\"color: #808080;\">Organizar y ejecutar las actividades administrativas y t\u00e9cnicas tendientes a la planificaci\u00f3n, manejo y organizaci\u00f3n de la documentaci\u00f3n producida y recibida por la entidad de conformidad con las disposiciones legales vigentes y las directrices emitidas por el Archivo General de la Naci\u00f3n \u2013 AGN.<\/span><\/li>\n<li><span style=\"color: #808080;\">Gestionar la conservaci\u00f3n de la documentaci\u00f3n de la entidad, asegurando la integridad de la misma.<\/span><\/li>\n<li><span style=\"color: #808080;\">Implementar, seguir y evaluar los controles manuales y autom\u00e1ticos que permitan certificar la recepci\u00f3n de los documentos, por parte de los funcionarios competentes y disponer de servicios de alerta para el seguimiento a los tiempos de respuesta de las comunicaciones recibidas.<\/span><\/li>\n<\/ol>\n<p>&nbsp;<\/p>\n<p><strong><span style=\"color: #28375d;\">D. Gesti\u00f3n Participaci\u00f3n, Transparencia y Servicio al Ciudadano<\/span><\/strong><\/p>\n<ol>\n<li><span style=\"color: #808080;\">Coadyuvar en el dise\u00f1o, ejecuci\u00f3n y evaluaci\u00f3n de la pol\u00edtica de participaci\u00f3n ciudadana, de rendici\u00f3n de cuentas, transparencia en la gesti\u00f3n p\u00fablica y servicio al ciudadano, en los temas de su competencia y en coordinaci\u00f3n con las dem\u00e1s entidades que cumplen funciones en estas materias.<\/span><\/li>\n<li><span style=\"color: #808080;\">Implementar la pol\u00edtica de acceso a informaci\u00f3n p\u00fablica relacionada con la creaci\u00f3n, la gesti\u00f3n y el funcionamiento de la entidad, de conformidad con las disposiciones legales y los lineamientos impartidos por el Archivo General de la Naci\u00f3n y el Departamento Administrativo de la Funci\u00f3n P\u00fablica.<\/span><\/li>\n<\/ol>\n<p>&nbsp;<\/p>\n<p><strong><span style=\"color: #28375d;\">E. Gesti\u00f3n de la tecnolog\u00eda y comunicaciones \u2013 TIC<\/span><\/strong><\/p>\n<ol>\n<li><span style=\"color: #808080;\">Dise\u00f1ar y Preparar el plan institucional en materia de informaci\u00f3n de software, hardware, redes y telecomunicaciones, acorde co los par\u00e1metros gubernamentales su adquisici\u00f3n, operaci\u00f3n, soporte especializado y mantenimiento.<\/span><\/li>\n<li><span style=\"color: #808080;\">Promover aplicaciones, servicios y tr\u00e1mites en l\u00ednea para el uso de los servidores p\u00fablicos, ciudadanos y otras entidades, como herramientas para una mejor gesti\u00f3n.<\/span><\/li>\n<\/ol>\n<p>&nbsp;<\/p>\n<p><strong><span style=\"color: #28375d;\">F. Gesti\u00f3n de Presupuesto.<\/span><\/strong><\/p>\n<ol>\n<li><span style=\"color: #808080;\">Preparar, consolidar y presentar, en coordinaci\u00f3n con las dem\u00e1s dependencias de la entidad, el proyecto presupuesto para el estudio y aprobaci\u00f3n de la Junta Metropolitana.<\/span><\/li>\n<li><span style=\"color: #808080;\">Realizar seguimiento a la ejecuci\u00f3n presupuestal y viabilizar las modificaciones presupuestales de la entidad en materia de inversi\u00f3n, de conformidad con Estatuto Org\u00e1nico del Presupuesto y las normas que lo reglamenten, modifiquen o complementen.<\/span><\/li>\n<li><span style=\"color: #808080;\">Asesorar la formulaci\u00f3n y dirigir las estrategias para administrar los recursos financieros, que permitan financiar el desarrollo de los planes, programas y proyectos de la entidad, la sostenibilidad de su operaci\u00f3n y el cumplimiento de los compromisos econ\u00f3micos de la entidad.<\/span><\/li>\n<\/ol>\n<p>&nbsp;<\/p>\n<p><strong><span style=\"color: #28375d;\">G. Gesti\u00f3n de Tesorer\u00eda.<\/span><\/strong><\/p>\n<ol>\n<li><span style=\"color: #808080;\">Preparar la elaboraci\u00f3n de las actividades relacionadas con el pago oportuno de las liquidaciones de las n\u00f3minas de sueldos, cesant\u00edas parciales y definitivas, vacaciones, primas, bonificaciones, dotaciones, subsidios y dem\u00e1s prestaciones sociales de los funcionarios de la entidad, as\u00ed como, el pago de la Seguridad Social y parafiscales con base en las normas constitucionales y legales aplicables a cada caso.<\/span><\/li>\n<li><span style=\"color: #808080;\">Velar por la presentaci\u00f3n oportuna de informes relacionados con los gastos de funcionamiento de la entidad y los gastos relacionados con el personal y prestaciones sociales en general de los funcionarios de la entidad, a los entes de control.<\/span><\/li>\n<li><span style=\"color: #808080;\">Elaborar informes oportunos a la subdirecci\u00f3n financiera y\/o a la direcci\u00f3n de la entidad para el an\u00e1lisis de proyecci\u00f3n de gastos de funcionamiento de personal con las consideraciones legales aplicables.<\/span><\/li>\n<li><span style=\"color: #808080;\">Definir y orientar el desarrollo de estrategias y pr\u00e1cticas para el recaudo, administraci\u00f3n y custodia de los dineros y t\u00edtulos valores que constituyen los ingresos y el patrimonio de la entidad, para el pago de las obligaciones y compromisos adquiridos, atendiendo los procedimientos existentes en la entidad.<\/span><\/li>\n<\/ol>\n<p>&nbsp;<\/p>\n<p><strong><span style=\"color: #28375d;\">H.Gesti\u00f3n de recursos f\u00edsicos.<\/span><\/strong><\/p>\n<ol>\n<li><span style=\"color: #808080;\">Planear, dirigir, verificar y evaluar el desarrollo de las actividades relacionadas con el proceso de administraci\u00f3n de bienes y servicios de la entidad, de conformidad con la normatividad vigente, los procedimientos establecidos en la entidad y las necesidades espec\u00edficas de la organizaci\u00f3n.<\/span><\/li>\n<li><span style=\"color: #808080;\">Dentro del marco de las funciones generales de la dependencia, asistir al director del \u00c1rea Metropolitana de C\u00facuta en la determinaci\u00f3n de las pol\u00edticas, los objetivos y las estrategias relacionadas con las competencias de la entidad.<\/span><\/li>\n<li><span style=\"color: #808080;\">Las dem\u00e1s que se le asignen y que correspondan a la naturaleza del empleo.<\/span><\/li>\n<\/ol>\n<p>&nbsp;<\/p>\n<p><em><span style=\"color: #808080;\">Resoluci\u00f3n Metropolitana No. 018 \u2013 2024 \/ Enero 15 de 2024<\/span><\/em><\/p>\n<p><em><span style=\"color: #808080;\">Por la cual se adopta el Manual de Funciones, requisitos y competencias laborales de la planta de empleados del \u00c1rea Metropolitana de C\u00facuta.<\/span><\/em><\/p><\/div><\/div><\/div><\/div><\/div><\/div><\/div><\/div><div class=\"vce-row-container\"><div class=\"vce-row vce-element--has-background vce-row--col-gap-30 vce-row-content--top\" data-vce-full-width=\"true\" data-vce-stretch-content=\"true\" id=\"el-ee1dff9a\" data-vce-do-apply=\"all el-ee1dff9a\"><div class=\"vce-content-background-container\"><div class=\"vce-asset-background-simple-container vce-visible-all-only vce-asset-background-simple--style-cover vce-asset-background-simple--position-center-top\"><div class=\"vce-asset-background-simple\"><div class=\"vce-asset-background-simple-item\" style=\"background-image: url('http:\/\/proyecto-364.com\/wp-content\/uploads\/2021\/08\/fondo-contadores.png');\"><\/div><\/div><\/div><\/div><div class=\"vce-row-content\" data-vce-element-content=\"true\"><div class=\"vce-col vce-col--md-auto vce-col--xs-1 vce-col--xs-last vce-col--xs-first vce-col--sm-last vce-col--sm-first vce-col--md-first vce-col--lg-first vce-col--xl-first\" id=\"el-9da1e4a2\"><div class=\"vce-col-inner\" data-vce-do-apply=\"border margin background  el-9da1e4a2\"><div class=\"vce-col-content\" data-vce-element-content=\"true\" data-vce-do-apply=\"padding el-9da1e4a2\"><div class=\"vce-text-block\"><div class=\"vce-text-block-wrapper vce\" id=\"el-70bb608c\" data-vce-do-apply=\"all el-70bb608c\"><ul class=\"section-imprimir\"><br> \t<li class=\"share-print\" role=\"presentation\"><a title=\"Imprimir\" href=\"javascript:window.print(); void 0;\"><span class=\"fa fa-print fa-2x\" aria-hidden=\"true\"><\/span><span class=\"hidden\">Imprimir<\/span><\/a><\/li><br><\/ul><\/div><\/div><\/div><\/div><\/div><div class=\"vce-col vce-col--md-auto vce-col--xs-1 vce-col--xs-last vce-col--xs-first vce-col--sm-last vce-col--sm-first vce-col--md-last vce-col--lg-last vce-col--xl-last\" id=\"el-d9ec9666\"><div class=\"vce-col-inner\" data-vce-do-apply=\"border margin background  el-d9ec9666\"><div class=\"vce-col-content\" data-vce-element-content=\"true\" data-vce-do-apply=\"padding el-d9ec9666\"><div class=\"vce-text-block\"><div class=\"vce-text-block-wrapper vce\" id=\"el-27c5ef7a\" data-vce-do-apply=\"all el-27c5ef7a\"><div class=\"section-count\">N\u00famero de visitas a esta p\u00e1gina 0<br>Fecha de publicaci\u00f3n 27 diciembre, 2021<br>\u00daltima modificaci\u00f3n 1 noviembre, 2025<\/div><\/div><\/div><\/div><\/div><\/div><\/div><\/div><\/div>","protected":false},"excerpt":{"rendered":"<p>Inicio Subdirecci\u00f3n Administrativa y Financiera &nbsp; &nbsp; Subdirecci\u00f3n Administrativa y FinancieraEdilma Corredor Hern\u00e1ndezPERFIL PROFESIONAL: Abogada egresada de la Universidad Aut\u00f3noma de Bucaramanga &#8211; UNAB Especializada en control fiscal a entidades p\u00fablicas de la Universidad Aut\u00f3noma de Bucaramanga \u2013 UNAB. Especialista en derecho comercial de la Universidad Aut\u00f3noma de Bucaramanga \u2013 UNAB. Se desempe\u00f1\u00f3 como profesional&hellip; <a class=\"more-link\" href=\"https:\/\/amc.gov.co\/amc\/subdireccion-administrativa-y-financiera\/\">Seguir leyendo <span class=\"screen-reader-text\">Subdirecci\u00f3n Administrativa y Financiera<\/span><\/a><\/p>\n","protected":false},"author":1,"featured_media":0,"parent":0,"menu_order":0,"comment_status":"closed","ping_status":"closed","template":"","meta":{"footnotes":"","_joinchat":[]},"_links":{"self":[{"href":"https:\/\/amc.gov.co\/amc\/wp-json\/wp\/v2\/pages\/109"}],"collection":[{"href":"https:\/\/amc.gov.co\/amc\/wp-json\/wp\/v2\/pages"}],"about":[{"href":"https:\/\/amc.gov.co\/amc\/wp-json\/wp\/v2\/types\/page"}],"author":[{"embeddable":true,"href":"https:\/\/amc.gov.co\/amc\/wp-json\/wp\/v2\/users\/1"}],"replies":[{"embeddable":true,"href":"https:\/\/amc.gov.co\/amc\/wp-json\/wp\/v2\/comments?post=109"}],"version-history":[{"count":29,"href":"https:\/\/amc.gov.co\/amc\/wp-json\/wp\/v2\/pages\/109\/revisions"}],"predecessor-version":[{"id":16603,"href":"https:\/\/amc.gov.co\/amc\/wp-json\/wp\/v2\/pages\/109\/revisions\/16603"}],"wp:attachment":[{"href":"https:\/\/amc.gov.co\/amc\/wp-json\/wp\/v2\/media?parent=109"}],"curies":[{"name":"wp","href":"https:\/\/api.w.org\/{rel}","templated":true}]}}