{"id":108,"date":"2021-12-27T18:17:14","date_gmt":"2021-12-27T23:17:14","guid":{"rendered":"https:\/\/amc.royaltech.dev\/?page_id=7999"},"modified":"2025-11-01T21:27:43","modified_gmt":"2025-11-02T02:27:43","slug":"subdireccion-de-transporte-publico","status":"publish","type":"page","link":"https:\/\/amc.gov.co\/amc\/subdireccion-de-transporte-publico\/","title":{"rendered":"Subdirecci\u00f3n de Transporte P\u00fablico"},"content":{"rendered":"<div class=\"vce-row-container\"><div class=\"vce-row vce-row--col-gap-30 vce-row-equal-height vce-row-content--top\" data-vce-full-width=\"true\" data-vce-stretch-content=\"true\" id=\"el-cbc9aa2e\" data-vce-do-apply=\"all el-cbc9aa2e\"><div class=\"vce-row-content\" data-vce-element-content=\"true\"><div class=\"vce-col vce-col--md-auto vce-col--xs-1 vce-col--xs-last vce-col--xs-first vce-col--sm-last vce-col--sm-first vce-col--md-last vce-col--lg-last vce-col--xl-last vce-col--md-first vce-col--lg-first vce-col--xl-first\" id=\"el-c0ac9101\"><div class=\"vce-col-inner\" data-vce-do-apply=\"border margin background  el-c0ac9101\"><div class=\"vce-col-content\" data-vce-element-content=\"true\" data-vce-do-apply=\"padding el-c0ac9101\"><div class=\"vce-text-block\"><div class=\"vce-text-block-wrapper vce\" id=\"el-a2cccc4b\" data-vce-do-apply=\"all el-a2cccc4b\"><nav aria-label=\"breadcrumb\"><br><ol class=\"breadcrumb gov-co-breadcrumb\"><br> \t<li class=\"breadcrumb-item\"><a href=\"\/\"><i class=\"fas fa-home\"><\/i> Inicio <\/a><\/li><br> \t<li class=\"breadcrumb-item active\" aria-current=\"page\"><a href=\"\/subdireccion-de-transporte-publico\/\">Subdirecci\u00f3n de Transporte P\u00fablico<\/a><\/li><br><\/ol><br><\/nav><\/div><\/div><\/div><\/div><\/div><\/div><\/div><\/div><div class=\"vce-row-container\"><div class=\"vce-row vce-row--col-gap-30 vce-row-equal-height vce-row-content--top\" data-vce-full-width=\"true\" data-vce-stretch-content=\"true\" id=\"el-6b6a7af9\" data-vce-do-apply=\"all el-6b6a7af9\"><div class=\"vce-row-content\" data-vce-element-content=\"true\"><div class=\"vce-col vce-col--md-15p vce-col--xs-1 vce-col--xs-last vce-col--xs-first vce-col--sm-last vce-col--sm-first vce-col--md-first vce-col--lg-first vce-col--xl-first\" id=\"el-54c0a264\"><div class=\"vce-col-inner\" data-vce-do-apply=\"border margin background  el-54c0a264\"><div class=\"vce-col-content\" data-vce-element-content=\"true\" data-vce-do-apply=\"padding el-54c0a264\"><div class=\"vcv-row-control-wrapper\"><\/div><\/div><\/div><\/div><div class=\"vce-col vce-col--md-50p vce-col--xs-1 vce-col--xs-last vce-col--xs-first vce-col--sm-last vce-col--sm-first\" id=\"el-a7fb6d36\"><div class=\"vce-col-inner\" data-vce-do-apply=\"border margin background  el-a7fb6d36\"><div class=\"vce-col-content\" data-vce-element-content=\"true\" data-vce-do-apply=\"padding el-a7fb6d36\"><div class=\"vce-text-block\"><div class=\"vce-text-block-wrapper vce\" id=\"el-2d17c477\" data-vce-do-apply=\"all el-2d17c477\"><h1>&nbsp;<\/h1>\n<h1>&nbsp;<\/h1>\n<h1 style=\"text-align: center;\"><strong><span style=\"font-family: Montserrat; font-size: 24pt; color: #28375d;\">Subdirecci\u00f3n de Transporte P\u00fablico<\/span><\/strong><\/h1><\/div><\/div><\/div><\/div><\/div><div class=\"vce-col vce-col--md-25p vce-col--xs-1 vce-col--xs-last vce-col--xs-first vce-col--sm-last vce-col--sm-first\" id=\"el-4ebbc790\"><div class=\"vce-col-inner\" data-vce-do-apply=\"border margin background  el-4ebbc790\"><div class=\"vce-col-content\" data-vce-element-content=\"true\" data-vce-do-apply=\"padding el-4ebbc790\"><div class=\"vce-single-image-container vce-single-image--align-center\"><div class=\"vce vce-single-image-wrapper\" id=\"el-603dce4e\" data-vce-do-apply=\"all el-603dce4e\"><figure><div class=\"vce-single-image-figure-inner\" style=\"width: 715px;\"><div class=\"vce-single-image-inner vce-single-image--absolute vce-single-image--border-round\" style=\"width: 100%; padding-bottom: 100%;\"><img loading=\"lazy\" decoding=\"async\" class=\"vce-single-image\"  width=\"715\" height=\"715\" srcset=\"https:\/\/amc.gov.co\/amc\/wp-content\/uploads\/2025\/06\/Kelly-Tatiana-Reyes-Montalvo2-320x293.jpg 320w, https:\/\/amc.gov.co\/amc\/wp-content\/uploads\/2025\/06\/Kelly-Tatiana-Reyes-Montalvo2-480x439.jpg 480w, https:\/\/amc.gov.co\/amc\/wp-content\/uploads\/2025\/11\/Kelly-Tatiana-Reyes-Montalvo2-715x715.jpg 715w\" src=\"https:\/\/amc.gov.co\/amc\/wp-content\/uploads\/2025\/11\/Kelly-Tatiana-Reyes-Montalvo2-715x715.jpg\" data-img-src=\"https:\/\/amc.gov.co\/amc\/wp-content\/uploads\/2025\/06\/Kelly-Tatiana-Reyes-Montalvo2.jpg\" data-attachment-id=\"15554\"  alt=\"Kelly Tatiana Reyes Montalvo\" title=\"Kelly Tatiana Reyes Montalvo\" \/><\/div><\/div><figcaption>Kelly Tatiana Reyes Montalvo<\/figcaption><\/figure><\/div><\/div><\/div><\/div><\/div><div class=\"vce-col vce-col--md-10p vce-col--xs-1 vce-col--xs-last vce-col--xs-first vce-col--sm-last vce-col--sm-first vce-col--md-last vce-col--lg-last vce-col--xl-last\" id=\"el-1974c86a\"><div class=\"vce-col-inner\" data-vce-do-apply=\"border margin background  el-1974c86a\"><div class=\"vce-col-content\" data-vce-element-content=\"true\" data-vce-do-apply=\"padding el-1974c86a\"><div class=\"vcv-row-control-wrapper\"><\/div><\/div><\/div><\/div><\/div><\/div><\/div><div class=\"vce-row-container\"><div class=\"vce-row vce-row--col-gap-30 vce-row-equal-height vce-row-content--top\" data-vce-full-width=\"true\" data-vce-stretch-content=\"true\" id=\"el-80550141\" data-vce-do-apply=\"all el-80550141\"><div class=\"vce-row-content\" data-vce-element-content=\"true\"><div class=\"vce-col vce-col--md-auto vce-col--xs-1 vce-col--xs-last vce-col--xs-first vce-col--sm-last vce-col--sm-first vce-col--md-last vce-col--lg-last vce-col--xl-last vce-col--md-first vce-col--lg-first vce-col--xl-first\" id=\"el-701c6a53\"><div class=\"vce-col-inner\" data-vce-do-apply=\"border margin background  el-701c6a53\"><div class=\"vce-col-content\" data-vce-element-content=\"true\" data-vce-do-apply=\"padding el-701c6a53\"><div class=\"vce-text-block\"><div class=\"vce-text-block-wrapper vce\" id=\"el-bc9de3c6\" data-vce-do-apply=\"all el-bc9de3c6\"><p>&nbsp;<\/p>\n<p><strong><span style=\"color: #28375d;\">PERFIL PROFESIONAL: <\/span><\/strong><span style=\"color: #808080;\">Abogada<\/span><br><span style=\"color: #808080;\">Abogada egresada de la facultad de derecho de la Universidad Sim\u00f3n Bol\u00edvar, especialista en Derecho Penal de la Universidad Externado de Colombia y Especialista en Gobierno y Asuntos P\u00fablicos de la Universidad Sim\u00f3n Bol\u00edvar.<\/span><\/p>\n<p><strong><span style=\"color: #28375d;\">FUNCI\u00d3N<\/span><\/strong><\/p>\n<p><span style=\"color: #808080;\">Ejercer funciones y competencias en materia de la movilidad del transporte p\u00fablico terrestre, mediante la coordinaci\u00f3n entre los 6 municipios.<\/span><\/p>\n<p><strong><span style=\"color: #28375d;\">PROP\u00d3SITO PRINCIPAL<\/span><\/strong><\/p>\n<p><span style=\"color: #808080;\">Dise\u00f1ar, organizar, coordinar, ejecutar y controlar los procesos y procedimientos relacionados con la planeaci\u00f3n, administraci\u00f3n, regulaci\u00f3n y control del servicio de transporte p\u00fablico de competencia del \u00c1rea Metropolitana de C\u00facuta, de conformidad con los acuerdos metropolitanos y la normatividad vigente.<\/span><\/p>\n<p><strong><span style=\"color: #28375d;\">FUNCIONES<\/span><\/strong><\/p>\n<ol>\n<li><span style=\"color: #808080;\">Dirigir y coordinar la expedici\u00f3n de tr\u00e1mites relacionados con la operaci\u00f3n del transporte p\u00fablico de competencia del \u00c1rea Metropolitana de C\u00facuta, en sus diferentes modalidades, de conformidad con los acuerdos metropolitanos, la normatividad vigente y las delegaciones conferidas por el Director de la entidad.<\/span><\/li>\n<li><span style=\"color: #808080;\">Fijar y establecer mecanismos de vigilancia y control para el cumplimiento de las diferentes disposiciones en materia de transporte p\u00fablico colectivo e individual de competencia del \u00c1rea Metropolitana de C\u00facuta, de conformidad con los acuerdos metropolitanos, la normatividad vigente y las delegaciones conferidas por el Director de la entidad.<\/span><\/li>\n<li><span style=\"color: #808080;\">Coadyuvar en la formulaci\u00f3n y adopci\u00f3n de instrumentos para la planificaci\u00f3n y desarrollo del transporte metropolitano, en el marco del Plan Estrat\u00e9gico Metropolitano de Ordenamiento Territorial.<\/span><\/li>\n<li><span style=\"color: #808080;\">Aplicar el r\u00e9gimen sancionatorio administrativo en ejercicio de las competencias asignadas como autoridad de transporte p\u00fablico metropolitano por las disposiciones legales vigentes y de conformidad las autorizaciones, y delegaciones otorgadas por el Director de la entidad.<\/span><\/li>\n<li><span style=\"color: #808080;\">Participar en la planeaci\u00f3n de la prestaci\u00f3n del servicio de transporte p\u00fablico urbano de pasajeros en lo que sea de su competencia, para la integraci\u00f3n f\u00edsica, operacional y tarifaria de los distintos modos de transporte, en coordinaci\u00f3n con los diferentes Sistemas de Transporte, los SIT y los Sistemas Estrat\u00e9gicos de Transporte, donde existan.<\/span><\/li>\n<li><span style=\"color: #808080;\">Dentro del marco de funciones generales de dependencia, asistir a la Direcci\u00f3n del \u00c1rea Metropolitana de C\u00facuta en la determinaci\u00f3n de las pol\u00edticas, los objetivos y las estrategias relacionadas con las competencias de la entidad.<\/span><\/li>\n<li><span style=\"color: #808080;\">Las dem\u00e1s que se le asignen y que correspondan a la naturaleza del empleo.<\/span><\/li>\n<\/ol>\n<p>&nbsp;<\/p>\n<p><em><span style=\"color: #808080;\">Resoluci\u00f3n Metropolitana No. 018 \u2013 2024 \/ Enero 15 de 2024<\/span><\/em><\/p>\n<p><em><span style=\"color: #808080;\">Por la cual se adopta el Manual de Funciones, requisitos y competencias laborales de la planta de empleados del \u00c1rea Metropolitana de C\u00facuta.<\/span><\/em><\/p><\/div><\/div><\/div><\/div><\/div><\/div><\/div><\/div><div class=\"vce-row-container\"><div class=\"vce-row vce-element--has-background vce-row--col-gap-30 vce-row-content--top\" data-vce-full-width=\"true\" data-vce-stretch-content=\"true\" id=\"el-72616fb3\" data-vce-do-apply=\"all el-72616fb3\"><div class=\"vce-content-background-container\"><div class=\"vce-asset-background-simple-container vce-visible-all-only vce-asset-background-simple--style-cover vce-asset-background-simple--position-center-top\"><div class=\"vce-asset-background-simple\"><div class=\"vce-asset-background-simple-item\" style=\"background-image: url('http:\/\/proyecto-364.com\/wp-content\/uploads\/2021\/08\/fondo-contadores.png');\"><\/div><\/div><\/div><\/div><div class=\"vce-row-content\" data-vce-element-content=\"true\"><div class=\"vce-col vce-col--md-auto vce-col--xs-1 vce-col--xs-last vce-col--xs-first vce-col--sm-last vce-col--sm-first vce-col--md-first vce-col--lg-first vce-col--xl-first\" id=\"el-aa9f314e\"><div class=\"vce-col-inner\" data-vce-do-apply=\"border margin background  el-aa9f314e\"><div class=\"vce-col-content\" data-vce-element-content=\"true\" data-vce-do-apply=\"padding el-aa9f314e\"><div class=\"vce-text-block\"><div class=\"vce-text-block-wrapper vce\" id=\"el-db12f76d\" data-vce-do-apply=\"all el-db12f76d\"><ul class=\"section-imprimir\"><br> \t<li class=\"share-print\" role=\"presentation\"><a title=\"Imprimir\" href=\"javascript:window.print(); void 0;\"><span class=\"fa fa-print fa-2x\" aria-hidden=\"true\"><\/span><span class=\"hidden\">Imprimir<\/span><\/a><\/li><br><\/ul><\/div><\/div><\/div><\/div><\/div><div class=\"vce-col vce-col--md-auto vce-col--xs-1 vce-col--xs-last vce-col--xs-first vce-col--sm-last vce-col--sm-first vce-col--md-last vce-col--lg-last vce-col--xl-last\" id=\"el-c5fe7c9e\"><div class=\"vce-col-inner\" data-vce-do-apply=\"border margin background  el-c5fe7c9e\"><div class=\"vce-col-content\" data-vce-element-content=\"true\" data-vce-do-apply=\"padding el-c5fe7c9e\"><div class=\"vce-text-block\"><div class=\"vce-text-block-wrapper vce\" id=\"el-56d9b6b7\" data-vce-do-apply=\"all el-56d9b6b7\"><div class=\"section-count\">N\u00famero de visitas a esta p\u00e1gina 0<br>Fecha de publicaci\u00f3n 27 diciembre, 2021<br>\u00daltima modificaci\u00f3n 1 noviembre, 2025<\/div><\/div><\/div><\/div><\/div><\/div><\/div><\/div><\/div>","protected":false},"excerpt":{"rendered":"<p>Inicio Subdirecci\u00f3n de Transporte P\u00fablico&nbsp; &nbsp; Subdirecci\u00f3n de Transporte P\u00fablicoKelly Tatiana Reyes Montalvo&nbsp; PERFIL PROFESIONAL: AbogadaAbogada egresada de la facultad de derecho de la Universidad Sim\u00f3n Bol\u00edvar, especialista en Derecho Penal de la Universidad Externado de Colombia y Especialista en Gobierno y Asuntos P\u00fablicos de la Universidad Sim\u00f3n Bol\u00edvar. FUNCI\u00d3N Ejercer funciones y competencias en&hellip; <a class=\"more-link\" href=\"https:\/\/amc.gov.co\/amc\/subdireccion-de-transporte-publico\/\">Seguir leyendo <span class=\"screen-reader-text\">Subdirecci\u00f3n de Transporte P\u00fablico<\/span><\/a><\/p>\n","protected":false},"author":1,"featured_media":0,"parent":0,"menu_order":0,"comment_status":"closed","ping_status":"closed","template":"","meta":{"footnotes":"","_joinchat":[]},"_links":{"self":[{"href":"https:\/\/amc.gov.co\/amc\/wp-json\/wp\/v2\/pages\/108"}],"collection":[{"href":"https:\/\/amc.gov.co\/amc\/wp-json\/wp\/v2\/pages"}],"about":[{"href":"https:\/\/amc.gov.co\/amc\/wp-json\/wp\/v2\/types\/page"}],"author":[{"embeddable":true,"href":"https:\/\/amc.gov.co\/amc\/wp-json\/wp\/v2\/users\/1"}],"replies":[{"embeddable":true,"href":"https:\/\/amc.gov.co\/amc\/wp-json\/wp\/v2\/comments?post=108"}],"version-history":[{"count":13,"href":"https:\/\/amc.gov.co\/amc\/wp-json\/wp\/v2\/pages\/108\/revisions"}],"predecessor-version":[{"id":16604,"href":"https:\/\/amc.gov.co\/amc\/wp-json\/wp\/v2\/pages\/108\/revisions\/16604"}],"wp:attachment":[{"href":"https:\/\/amc.gov.co\/amc\/wp-json\/wp\/v2\/media?parent=108"}],"curies":[{"name":"wp","href":"https:\/\/api.w.org\/{rel}","templated":true}]}}