{"id":10776,"date":"2022-04-27T17:53:33","date_gmt":"2022-04-27T22:53:33","guid":{"rendered":"https:\/\/amc.gov.co\/amc\/?page_id=10776"},"modified":"2025-11-27T14:50:30","modified_gmt":"2025-11-27T19:50:30","slug":"procesos","status":"publish","type":"page","link":"https:\/\/amc.gov.co\/amc\/procesos\/","title":{"rendered":"Procesos y Procedimientos"},"content":{"rendered":"<div class=\"vce-row-container\"><div class=\"vce-row vce-row--col-gap-30 vce-row-equal-height vce-row-content--top\" data-vce-full-width=\"true\" data-vce-stretch-content=\"true\" id=\"el-cf0f7394\" data-vce-do-apply=\"all el-cf0f7394\"><div class=\"vce-row-content\" data-vce-element-content=\"true\"><div class=\"vce-col vce-col--md-8p vce-col--xs-1 vce-col--xs-last vce-col--xs-first vce-col--sm-last vce-col--sm-first vce-col--md-first vce-col--lg-first vce-col--xl-first\" id=\"el-5d090acd\"><div class=\"vce-col-inner\" data-vce-do-apply=\"border margin background  el-5d090acd\"><div class=\"vce-col-content\" data-vce-element-content=\"true\" data-vce-do-apply=\"padding el-5d090acd\"><div class=\"vcv-row-control-wrapper\"><\/div><\/div><\/div><\/div><div class=\"vce-col vce-col--md-84p vce-col--xs-1 vce-col--xs-last vce-col--xs-first vce-col--sm-last vce-col--sm-first\" id=\"el-12f3d472\"><div class=\"vce-col-inner\" data-vce-do-apply=\"border margin background  el-12f3d472\"><div class=\"vce-col-content\" data-vce-element-content=\"true\" data-vce-do-apply=\"padding el-12f3d472\"><div class=\"vce-text-block\"><div class=\"vce-text-block-wrapper vce\" id=\"el-96baf383\" data-vce-do-apply=\"all el-96baf383\"><nav aria-label=\"breadcrumb\"><br><ol class=\"breadcrumb gov-co-breadcrumb\"><br><li class=\"breadcrumb-item\"><a href=\"\/amc\/\"><i class=\"fas fa-home\"><\/i> Inicio <\/a><\/li><br><li class=\"breadcrumb-item active\" aria-current=\"page\"><a href=\"\/amc\/transparencia-y-acceso-informacion-publica\/\">Transparencia y acceso a la informaci\u00f3n p\u00fablica<\/a><\/li><br><li class=\"breadcrumb-item active\" aria-current=\"page\"><a href=\"\/amc\/procesos\/\">Procesos y Procedimientos<\/a><\/li><br><\/ol><br><\/nav><\/div><\/div><\/div><\/div><\/div><div class=\"vce-col vce-col--md-8p vce-col--xs-1 vce-col--xs-last vce-col--xs-first vce-col--sm-last vce-col--sm-first vce-col--md-last vce-col--lg-last vce-col--xl-last\" id=\"el-8c6a574c\"><div class=\"vce-col-inner\" data-vce-do-apply=\"border margin background  el-8c6a574c\"><div class=\"vce-col-content\" data-vce-element-content=\"true\" data-vce-do-apply=\"padding el-8c6a574c\"><div class=\"vcv-row-control-wrapper\"><\/div><\/div><\/div><\/div><\/div><\/div><\/div><div class=\"vce-row-container\"><div class=\"vce-row vce-row--col-gap-30 vce-row-equal-height vce-row-content--top\" data-vce-full-width=\"true\" data-vce-stretch-content=\"true\" id=\"el-3abcf22b\" data-vce-do-apply=\"all el-3abcf22b\"><div class=\"vce-row-content\" data-vce-element-content=\"true\"><div class=\"vce-col vce-col--md-8p vce-col--xs-1 vce-col--xs-last vce-col--xs-first vce-col--sm-last vce-col--sm-first vce-col--md-first vce-col--lg-first vce-col--xl-first\" id=\"el-d9daeb83\"><div class=\"vce-col-inner\" data-vce-do-apply=\"border margin background  el-d9daeb83\"><div class=\"vce-col-content\" data-vce-element-content=\"true\" data-vce-do-apply=\"padding el-d9daeb83\"><div class=\"vcv-row-control-wrapper\"><\/div><\/div><\/div><\/div><div class=\"vce-col vce-col--md-84p vce-col--xs-1 vce-col--xs-last vce-col--xs-first vce-col--sm-last vce-col--sm-first\" id=\"el-d4047186\"><div class=\"vce-col-inner\" data-vce-do-apply=\"border margin background  el-d4047186\"><div class=\"vce-col-content\" data-vce-element-content=\"true\" data-vce-do-apply=\"padding el-d4047186\"><div class=\"vce-widgets-container\"><div class=\"vce vce-widgets-wrapper\" id=\"el-f3e8c763\" data-vce-do-apply=\"all el-f3e8c763\"><div class=\"textwidget custom-html-widget\"><div class=\"modMenuContainer\"><div class=\"col-xs-12\">\n    <ul class=\"modMenu nav nav-pills pull-right\">\n                        <li class=\"modMenu-\">\n                <a href=\"#\" title=\"Compartir\" data-toggle=\"collapse\" data-target=\"#collapse-share\" aria-expanded=\"false\" aria-controls=\"collapse-share\" class=\"collapsed\">\n                                            <span class=\"fa fa-share-alt\"><\/span><span class=\"text\">Compartir<\/span>                                                <span class=\"text\"><\/span>\n                <\/a>\n            <\/li>\n                        <li class=\"modMenu-\">\n                <a href=\"#\" title=\"Buscar\" data-toggle=\"collapse\" data-target=\"#collapse-search\" aria-expanded=\"false\" aria-controls=\"collapse-search\" class=\"collapsed\">\n                    <span class=\"fa fa-search\"><\/span><span class=\"text\">Buscar<\/span>                                                                        <span class=\"text\"><\/span>\n                <\/a>\n            <\/li>\n                <\/ul>\n<\/div>\n<div class=\"col-xs-12 collapse-modMenu-container\">\n                <div class=\"genmenu collapse\" id=\"collapse-share\" aria-expanded=\"false\" style=\"height: 0px;\"><div class=\"panel panel-default share-panel\">\n<div class=\"panel-body\">\n    <div class=\"share-title col-uno text-center\">\n        <h2 class=\"share-mod-title\">Compartir en:<\/h2>\n    <\/div>\n            <div class=\"col-dos share-options\">\n        <ul class=\"nav nav-pills pills-share \">\n            <li style=\"\n            margin-top: -5px!important;\n        \" class=\"share-facebook\" role=\"presentation\"><a title=\"Facebook\" target=\"_blank\" href=\"https:\/\/www.facebook.com\/sharer\/sharer.php?u=https:\/\/twitter.com\/intent\/tweet?url=http:\/\/proyecto621.co\/transparencia-y-acceso-informacion-publica\/\" rel=\"noopener\"><span class=\"govco-icon govco-icon-facebook-cp\"><\/span><span class=\"fa fa-facebook fa-2x\" aria-hidden=\"true\"><\/span><span class=\"hidden\">Facebook<\/span><\/a><\/li>\n                            <li class=\"share-twitter\" role=\"presentation\"><a title=\"Twitter\" target=\"_blank\" href=\"https:\/\/twitter.com\/intent\/tweet?url=http:\/\/proyecto621.co\/transparencia-y-acceso-informacion-publica\/\" rel=\"noopener\"><span class=\"govco-icon govco-icon-twiter-cp\"><\/span><span class=\"fa fa-twitter fa-2x\" aria-hidden=\"true\"><\/span><span class=\"hidden\">Twitter<\/span><\/a><\/li>\n            <li class=\"share-linkedin\" role=\"presentation\"><a title=\"Linkedin\" target=\"_blank\" href=\"https:\/\/www.linkedin.com\/shareArticle?mini=true&amp;url=http:\/\/proyecto-364.com\/transparencia\/\" rel=\"noopener\"><span class=\"govco-icon govco-icon-linkedin-cp\"><span class=\"fa fa-linkedin fa-2x\" aria-hidden=\"true\"><\/span><span class=\"hidden\">Linkedin<\/span><\/a><\/li>\n            <li class=\"share-whatsapp hidden-md hidden-lg\" role=\"presentation\"><a title=\"Whatsapp\" target=\"_blank\" href=\"\/\/proyecto-364.com\/transparencia\/\" rel=\"noopener\"><span class=\"fa fa-whatsapp fa-2x\" aria-hidden=\"true\"><\/span><span class=\"hidden\">Whatsapp<\/span><\/a><\/li>\n        <\/ul>\n    <\/div>\n<\/div>\n<\/div>\n<\/div>\n                <div class=\"genmenu collapse\" id=\"collapse-search\" aria-expanded=\"false\" style=\"height: 0px;\"><div class=\"panel panel-default search-panel\">\n<div class=\"panel-body\">\n[ivory-search 404 \"Invalid search form ID 0\"]\n<\/div>\n<\/div>\n\n<script type=\"text\/javascript\">\nfunction ValidaLongitud(campo, longitudMaxima) {\n        try {\n            if (campo.value.length > (longitudMaxima - 1))\n                return false;\n            else\n                return true;             \n        } catch (e) {\n            return false;\n        }\n    }\n<\/script>\n<\/div>\n        <\/div>\n\n<script>\n$(document).ready(function () {\n    \n    \/\/ evitar que al abrir o cerrar el collapse, se vaya el foco al inicio de la pagina\n    $('[data-toggle=collapse]').each(function () {\n        $(this).click(function (ev) {\n            ev.preventDefault();\n        });\n    });\n\n    $('body').on('click', function (e) {\n        $('[data-toggle=popover]').each(function () {\n            if (!$(this).is(e.target) && $(this).has(e.target).length === 0 && $('.popover').has(e.target).length === 0) {\n                $(this).popover('hide');\n            }\n        });\n        $('.collapse').each(function () {\n            if (!$(this).is(e.target) && $(this).has(e.target).length === 0 && $('.collapse').has(e.target).length === 0) {\n                if ($(this).hasClass('no-autoclose-collapse')) return;\n                $(this).collapse('hide');\n            }\n        });\n    });\n});\n<\/script>\n<\/div><\/div><\/div><\/div><div class=\"vce-single-image-container vce-single-image--align-center\"><div class=\"vce vce-single-image-wrapper\" id=\"el-b9a6c05b\" data-vce-do-apply=\"all el-b9a6c05b\"><figure><div class=\"vce-single-image-figure-inner\" style=\"width: 1280px;\"><div class=\"vce-single-image-inner vce-single-image--absolute vce-single-image--border-rounded\" style=\"width: 100%; padding-bottom: 56.25%;\"><img loading=\"lazy\" decoding=\"async\" class=\"vce-single-image\"  width=\"1280\" height=\"720\" srcset=\"https:\/\/amc.gov.co\/amc\/wp-content\/uploads\/2023\/06\/Mapa-de-procesos-320x180.png 320w, https:\/\/amc.gov.co\/amc\/wp-content\/uploads\/2023\/06\/Mapa-de-procesos-480x270.png 480w, https:\/\/amc.gov.co\/amc\/wp-content\/uploads\/2023\/06\/Mapa-de-procesos-800x450.png 800w, https:\/\/amc.gov.co\/amc\/wp-content\/uploads\/2025\/11\/Mapa-de-procesos-1280x720.png 1280w\" src=\"https:\/\/amc.gov.co\/amc\/wp-content\/uploads\/2025\/11\/Mapa-de-procesos-1280x720.png\" data-img-src=\"https:\/\/amc.gov.co\/amc\/wp-content\/uploads\/2023\/06\/Mapa-de-procesos.png\" data-attachment-id=\"12924\"  alt=\"Mapa de Procesos \u00c1rea Metropolitana\" title=\"Mapa de Procesos \u00c1rea Metropolitana\" \/><\/div><\/div><figcaption>Mapa de Procesos \u00c1rea Metropolitana<\/figcaption><\/figure><\/div><\/div><div class=\"vce-raw-html\"><div class=\"vce-raw-html-wrapper\" id=\"el-13b5b787\" data-vce-do-apply=\"all el-13b5b787\"><iframe loading=\"lazy\" width=\"600\" height=\"450\" src=\"https:\/\/lookerstudio.google.com\/embed\/reporting\/e9e567ea-45b6-4451-9940-b37de085c25a\/page\/gpEgF\" frameborder=\"0\" style=\"border:0\" allowfullscreen=\"\" sandbox=\"allow-storage-access-by-user-activation allow-scripts allow-same-origin allow-popups allow-popups-to-escape-sandbox\"><\/iframe><\/div><\/div><div class=\"vce-shortcode\"><div class=\"vce-shortcode-wrapper vce\" id=\"el-cd709a4c\" data-vce-do-apply=\"all el-cd709a4c\"><div class='w3eden'><!-- WPDM Link Template: Widget Template -->\n\n<div class=\"media link-template-widget\">\n    <a title=\"Caracterizaci\u00f3n Grupos de Valor\" target=\"_blank\" class=\"mr-3 img-48\" href=\"https:\/\/amc.gov.co\/amc\/download\/caracterizacion-grupos-de-valor\/\">\n        <img class=\"wpdm_icon\" alt=\"Icono\"   src=\"https:\/\/amc.gov.co\/amc\/wp-content\/plugins\/download-manager\/assets\/file-type-icons\/pdf.svg\" \/>\n    <\/a>\n    <div class=\"media-body\" style=\"text-align:left!important;\">\n        <a title=\"Caracterizaci\u00f3n Grupos de Valor\" target=\"_blank\" href=\"https:\/\/amc.gov.co\/amc\/download\/caracterizacion-grupos-de-valor\/\" style=\"display: block;clear: bottom;font-size: 11pt;font-weight: bold;\">Caracterizaci\u00f3n Grupos de Valor<\/a>\n\t\t\n        <div style=\"font-size: 9pt;Color:#00906B!important;\">\n            <i class=\"fas\"><\/i> 793 Kb <i class=\"fa ml-3\"><\/i>\n            5 julio, 2023\n\t\t<\/div>\n\t\t<div style=\"font-size: 8pt;\"><strong>Descripcion: <\/strong><p><em>Caracterizar a los grupos de valor e inter\u00e9s del \u00c1rea Metropolitana de C\u00facuta, redise\u00f1ando el portafolio de servicios institucional para responder satisfactoriamente a las necesidades y expectativas de los identificados.<\/em><\/p>\n<\/div>\n\t\t\n\t\t\t\t\t\n    <\/div>\n\t<div title=\"Caracterizaci\u00f3n Grupos de Valor\">\n       <a class='wpdm-download-link download-on-click btn btn-primary ' rel='nofollow' href='#' data-downloadurl=\"https:\/\/amc.gov.co\/amc\/download\/caracterizacion-grupos-de-valor\/?wpdmdl=13053&refresh=69d775eb0a2b31775728107\">Descargar<\/a>\n    <\/div>\n    \n\n<\/div>\n\n\n<\/div><\/div><\/div><div class=\"vce-widgets-container\"><div class=\"vce vce-widgets-wrapper\" id=\"el-6df62c0b\" data-vce-do-apply=\"all el-6df62c0b\"><div class=\"textwidget custom-html-widget\"><div class=\"accordion-govco\" id=\"procedimientos\">\n <div class=\"card\">\n    <div class=\"card-header\" id=\"procesos\">\n      <h2 class=\"clearfix mb-0\">\n        <a\n          class=\"btn btn-link collapsed\"\n          data-toggle=\"collapse\"\n          data-target=\"#caracterizacion\"\n          aria-expanded=\"false\"\n          aria-controls=\"caracterizacion\"\n          ><\/span\n          ><span class=\"headline-m-govco\">Caracterizaci\u00f3n<\/span>\n          <span class=\"govco-icon govco-icon-dropdown-v2\"><\/span\n        ><\/a>\n      <\/h2>\n    <\/div>\n    <div\n      id=\"caracterizacion\"\n      class=\"collapse\"\n      aria-labelledby=\"procesos\"\n      data-parent=\"#procedimientos\"\n    >\n      <div class=\"card-body\">\n        <ul>\n\t\t    <li><div id=\"footable_parent_12930\"\n     class=\"footable_parent ninja_table_wrapper loading_ninja_table wp_table_data_press_parent bootstrap4 \">\n                <table data-ninja_table_instance=\"ninja_table_instance_0\" data-footable_id=\"12930\" data-filter-delay=\"1000\" aria-label=\"Procesos y Caracterizacion\"            id=\"footable_12930\"\n           data-unique_identifier=\"ninja_table_unique_id_372627576_12930\"\n           class=\" foo-table ninja_footable foo_table_12930 ninja_table_unique_id_372627576_12930 table  nt_type_ajax_table table-striped table-bordered hide_horizonal_borders hide_vertical_borders table-sm vertical_centered  footable-paging-center hide_all_borders ninjatable_hide_header_row\">\n                <colgroup>\n                            <col class=\"ninja_column_0 \">\n                    <\/colgroup>\n            <\/table>\n                    <style type=\"text\/css\" id='ninja_table_custom_css_12930'>\n                        #footable_12930  {\n        font-family: inherit;\n        font-size: 14px;\n    }\n\n.foo-table .form-inline {\n    display: grid!important;\n}\n\n.input-group {\n    width: 100%!important;\n}\n\ninput.form-control {\n    float: left!important;\n    width: 100%!important;\n}\n\n.input-group-btn {\n    text-align: left;\n}\n\n.bootstrap4 .table-striped tbody tr:nth-of-type(odd) {\n    background-color: #E5F4F0!important;\n}\n\n.col-md-80 {\n    width: 85%;\n    padding-top: 30px;\n}\n\n.col-md-20 {\n    width: 15%;\n}\n\n.tablas-presupuestos li {\n    float: left;\n}\n\n.tablas-presupuestos img {\n    max-width: 60%;\n    padding-top: 10px;\n    padding-bottom: 10px;\n}                <\/style>\n                \n    \n    \n<\/div>\n<\/li>\n            <\/ul>\n      <\/div>\n    <\/div>\n  <\/div>\n  \n  <div class=\"card\">\n    <div class=\"card-header\" id=\"procesos\">\n      <h2 class=\"clearfix mb-0\">\n        <a\n          class=\"btn btn-link collapsed\"\n          data-toggle=\"collapse\"\n          data-target=\"#indicadores\"\n          aria-expanded=\"false\"\n          aria-controls=\"indicadores\"\n          ><\/span\n          ><span class=\"headline-m-govco\">Indicadores<\/span>\n          <span class=\"govco-icon govco-icon-dropdown-v2\"><\/span\n        ><\/a>\n      <\/h2>\n    <\/div>\n    <div\n      id=\"indicadores\"\n      class=\"collapse\"\n      aria-labelledby=\"procesos\"\n      data-parent=\"#procedimientos\"\n    >\n      <div class=\"card-body\">\n        <ul>\n\t\t    <li><div id=\"footable_parent_12948\"\n     class=\"footable_parent ninja_table_wrapper loading_ninja_table wp_table_data_press_parent bootstrap4 \">\n                <table data-ninja_table_instance=\"ninja_table_instance_1\" data-footable_id=\"12948\" data-filter-delay=\"1000\" aria-label=\"Indicadores 2023\"            id=\"footable_12948\"\n           data-unique_identifier=\"ninja_table_unique_id_590166637_12948\"\n           class=\" foo-table ninja_footable foo_table_12948 ninja_table_unique_id_590166637_12948 table  nt_type_ajax_table table-striped table-bordered hide_horizonal_borders hide_vertical_borders table-sm vertical_centered  footable-paging-center hide_all_borders ninjatable_hide_header_row\">\n                <colgroup>\n                            <col class=\"ninja_column_0 \">\n                    <\/colgroup>\n            <\/table>\n                    <style type=\"text\/css\" id='ninja_table_custom_css_12930'>\n                        #footable_12930  {\n        font-family: inherit;\n        font-size: 14px;\n    }\n\n.foo-table .form-inline {\n    display: grid!important;\n}\n\n.input-group {\n    width: 100%!important;\n}\n\ninput.form-control {\n    float: left!important;\n    width: 100%!important;\n}\n\n.input-group-btn {\n    text-align: left;\n}\n\n.bootstrap4 .table-striped tbody tr:nth-of-type(odd) {\n    background-color: #E5F4F0!important;\n}\n\n.col-md-80 {\n    width: 85%;\n    padding-top: 30px;\n}\n\n.col-md-20 {\n    width: 15%;\n}\n\n.tablas-presupuestos li {\n    float: left;\n}\n\n.tablas-presupuestos img {\n    max-width: 60%;\n    padding-top: 10px;\n    padding-bottom: 10px;\n}                <\/style>\n                                <style type=\"text\/css\" id='ninja_table_custom_css_12948'>\n                        #footable_12948  {\n        font-family: inherit;\n        font-size: 14px;\n    }\n\n.foo-table .form-inline {\n    display: grid!important;\n}\n\n.input-group {\n    width: 100%!important;\n}\n\ninput.form-control {\n    float: left!important;\n    width: 100%!important;\n}\n\n.input-group-btn {\n    text-align: left;\n}\n\n.bootstrap4 .table-striped tbody tr:nth-of-type(odd) {\n    background-color: #E5F4F0!important;\n}\n\n.col-md-80 {\n    width: 85%;\n    padding-top: 30px;\n}\n\n.col-md-20 {\n    width: 15%;\n}\n\n.tablas-presupuestos li {\n    float: left;\n}\n\n.tablas-presupuestos img {\n    max-width: 60%;\n    padding-top: 10px;\n    padding-bottom: 10px;\n}                <\/style>\n                \n    \n    \n<\/div>\n<\/li> \n            <\/ul>\n      <\/div>\n    <\/div>\n  <\/div>  \n<\/div><\/div><\/div><\/div><\/div><\/div><\/div><div class=\"vce-col vce-col--md-8p vce-col--xs-1 vce-col--xs-last vce-col--xs-first vce-col--sm-last vce-col--sm-first vce-col--md-last vce-col--lg-last vce-col--xl-last\" id=\"el-f2531b56\"><div class=\"vce-col-inner\" data-vce-do-apply=\"border margin background  el-f2531b56\"><div class=\"vce-col-content\" data-vce-element-content=\"true\" data-vce-do-apply=\"padding el-f2531b56\"><div class=\"vcv-row-control-wrapper\"><\/div><\/div><\/div><\/div><\/div><\/div><\/div><div class=\"vce-row-container\"><div class=\"vce-row vce-row--col-gap-30 vce-row-equal-height vce-row-content--top\" data-vce-full-width=\"true\" data-vce-stretch-content=\"true\" id=\"el-a869e21f\" data-vce-do-apply=\"all el-a869e21f\"><div class=\"vce-content-background-container\"><\/div><div class=\"vce-row-content\" data-vce-element-content=\"true\"><div class=\"vce-col vce-col--md-auto vce-col--xs-1 vce-col--xs-last vce-col--xs-first vce-col--sm-last vce-col--sm-first vce-col--md-last vce-col--lg-last vce-col--xl-last vce-col--md-first vce-col--lg-first vce-col--xl-first\" id=\"el-b0b29de9\"><div class=\"vce-col-inner\" data-vce-do-apply=\"border margin background  el-b0b29de9\"><div class=\"vce-col-content\" data-vce-element-content=\"true\" data-vce-do-apply=\"padding el-b0b29de9\"><div class=\"vce-shortcode\"><div class=\"vce-shortcode-wrapper vce\" id=\"el-dfecbb34\" data-vce-do-apply=\"all el-dfecbb34\"><\/div><\/div><div class=\"vce-single-image-container vce-single-image--align-left\"><div class=\"vce vce-single-image-wrapper\" id=\"el-38e74175\" data-vce-do-apply=\"all el-38e74175\"><figure><div class=\"vce-single-image-figure-inner\"><div class=\"vce-single-image-inner vce-single-image--absolute\" style=\"width: 100%;\"><\/div><\/div><figcaption hidden=\"\"><\/figcaption><\/figure><\/div><\/div><\/div><\/div><\/div><\/div><\/div><\/div><div class=\"vce-row-container\"><div class=\"vce-row vce-element--has-background vce-row--col-gap-30 vce-row-content--top\" data-vce-full-width=\"true\" data-vce-stretch-content=\"true\" id=\"el-1a2ec648\" data-vce-do-apply=\"all el-1a2ec648\"><div class=\"vce-content-background-container\"><div class=\"vce-asset-background-simple-container vce-visible-all-only vce-asset-background-simple--style-cover vce-asset-background-simple--position-center-top\"><div class=\"vce-asset-background-simple\">\n              <div class=\"vce-asset-background-simple-item vcv-lozad\" data-background-image=\"https:\/\/www.aunap.gov.co\/wp-content\/uploads\/2021\/08\/fondo-contadores.png\"><\/div>\n              <noscript>\n                <div class=\"vce-asset-background-simple-item\" style=\"background-image: url(https:\/\/www.aunap.gov.co\/wp-content\/uploads\/2021\/08\/fondo-contadores.png)\"><\/div>\n              <\/noscript>\n            <\/div><\/div><\/div><div class=\"vce-row-content\" data-vce-element-content=\"true\"><div class=\"vce-col vce-col--md-auto vce-col--xs-1 vce-col--xs-last vce-col--xs-first vce-col--sm-last vce-col--sm-first vce-col--md-first vce-col--lg-first vce-col--xl-first\" id=\"el-974b00e7\"><div class=\"vce-col-inner\" data-vce-do-apply=\"border margin background  el-974b00e7\"><div class=\"vce-col-content\" data-vce-element-content=\"true\" data-vce-do-apply=\"padding el-974b00e7\"><div class=\"vce-text-block\"><div class=\"vce-text-block-wrapper vce\" id=\"el-0cbb53c1\" data-vce-do-apply=\"all el-0cbb53c1\"><ul class=\"section-imprimir\"><br> \t<li class=\"share-print\" role=\"presentation\"><a title=\"Imprimir\" href=\"javascript:window.print(); void 0;\"><span class=\"fa fa-print fa-2x\" aria-hidden=\"true\"><\/span><span class=\"hidden\">Imprimir<\/span><\/a><\/li><br><\/ul><\/div><\/div><\/div><\/div><\/div><div class=\"vce-col vce-col--md-auto vce-col--xs-1 vce-col--xs-last vce-col--xs-first vce-col--sm-last vce-col--sm-first vce-col--md-last vce-col--lg-last vce-col--xl-last\" id=\"el-c9b39df3\"><div class=\"vce-col-inner\" data-vce-do-apply=\"border margin background  el-c9b39df3\"><div class=\"vce-col-content\" data-vce-element-content=\"true\" data-vce-do-apply=\"padding el-c9b39df3\"><div class=\"vce-text-block\"><div class=\"vce-text-block-wrapper vce\" id=\"el-0fcca59e\" data-vce-do-apply=\"all el-0fcca59e\"><div class=\"section-count\">N\u00famero de visitas a esta p\u00e1gina 0<br>Fecha de publicaci\u00f3n 27 abril, 2022<br>\u00daltima modificaci\u00f3n 27 noviembre, 2025<\/div><\/div><\/div><\/div><\/div><\/div><\/div><\/div><\/div>","protected":false},"excerpt":{"rendered":"<p>Inicio Transparencia y acceso a la informaci\u00f3n p\u00fablicaProcesos y ProcedimientosMapa de Procesos \u00c1rea Metropolitana ImprimirN\u00famero de visitas a esta p\u00e1gina Fecha de publicaci\u00f3n \u00daltima modificaci\u00f3n<\/p>\n","protected":false},"author":3,"featured_media":0,"parent":0,"menu_order":0,"comment_status":"closed","ping_status":"closed","template":"","meta":{"footnotes":"","_mc_calendar":[],"_joinchat":[]},"_links":{"self":[{"href":"https:\/\/amc.gov.co\/amc\/wp-json\/wp\/v2\/pages\/10776"}],"collection":[{"href":"https:\/\/amc.gov.co\/amc\/wp-json\/wp\/v2\/pages"}],"about":[{"href":"https:\/\/amc.gov.co\/amc\/wp-json\/wp\/v2\/types\/page"}],"author":[{"embeddable":true,"href":"https:\/\/amc.gov.co\/amc\/wp-json\/wp\/v2\/users\/3"}],"replies":[{"embeddable":true,"href":"https:\/\/amc.gov.co\/amc\/wp-json\/wp\/v2\/comments?post=10776"}],"version-history":[{"count":12,"href":"https:\/\/amc.gov.co\/amc\/wp-json\/wp\/v2\/pages\/10776\/revisions"}],"predecessor-version":[{"id":16672,"href":"https:\/\/amc.gov.co\/amc\/wp-json\/wp\/v2\/pages\/10776\/revisions\/16672"}],"wp:attachment":[{"href":"https:\/\/amc.gov.co\/amc\/wp-json\/wp\/v2\/media?parent=10776"}],"curies":[{"name":"wp","href":"https:\/\/api.w.org\/{rel}","templated":true}]}}